{"id":1757,"date":"2021-05-04T13:15:05","date_gmt":"2021-05-04T18:15:05","guid":{"rendered":"https:\/\/fcnf.unsa.edu.pe\/quimica\/?page_id=1757"},"modified":"2021-05-04T13:16:47","modified_gmt":"2021-05-04T18:16:47","slug":"lineas-de-investigacion","status":"publish","type":"page","link":"https:\/\/fcnf.unsa.edu.pe\/quimica\/lineas-de-investigacion\/","title":{"rendered":"L\u00edneas de Investigaci\u00f3n"},"content":{"rendered":"<p>Aprobado por Resoluci\u00f3n Decanal N\u00b0110-2021-FCNF<\/p>\n<p><img loading=\"lazy\" decoding=\"async\" class=\"alignnone size-full wp-image-1761\" src=\"https:\/\/fcnf.unsa.edu.pe\/quimica\/wp-content\/uploads\/sites\/4\/2021\/05\/LINEAS-DE-INVESTIGACION.png\" alt=\"\" width=\"577\" height=\"194\" \/><\/p>\n","protected":false},"excerpt":{"rendered":"<p>Aprobado por Resoluci\u00f3n Decanal N\u00b0110-2021-FCNF<\/p>\n","protected":false},"author":10,"featured_media":0,"parent":0,"menu_order":0,"comment_status":"closed","ping_status":"closed","template":"","meta":{"_acf_changed":false,"footnotes":""},"class_list":["post-1757","page","type-page","status-publish","hentry"],"acf":[],"_links":{"self":[{"href":"https:\/\/fcnf.unsa.edu.pe\/quimica\/wp-json\/wp\/v2\/pages\/1757","targetHints":{"allow":["GET"]}}],"collection":[{"href":"https:\/\/fcnf.unsa.edu.pe\/quimica\/wp-json\/wp\/v2\/pages"}],"about":[{"href":"https:\/\/fcnf.unsa.edu.pe\/quimica\/wp-json\/wp\/v2\/types\/page"}],"author":[{"embeddable":true,"href":"https:\/\/fcnf.unsa.edu.pe\/quimica\/wp-json\/wp\/v2\/users\/10"}],"replies":[{"embeddable":true,"href":"https:\/\/fcnf.unsa.edu.pe\/quimica\/wp-json\/wp\/v2\/comments?post=1757"}],"version-history":[{"count":2,"href":"https:\/\/fcnf.unsa.edu.pe\/quimica\/wp-json\/wp\/v2\/pages\/1757\/revisions"}],"predecessor-version":[{"id":1763,"href":"https:\/\/fcnf.unsa.edu.pe\/quimica\/wp-json\/wp\/v2\/pages\/1757\/revisions\/1763"}],"wp:attachment":[{"href":"https:\/\/fcnf.unsa.edu.pe\/quimica\/wp-json\/wp\/v2\/media?parent=1757"}],"curies":[{"name":"wp","href":"https:\/\/api.w.org\/{rel}","templated":true}]}}