{"id":1582,"date":"2020-12-16T18:10:22","date_gmt":"2020-12-16T23:10:22","guid":{"rendered":"https:\/\/fcnf.unsa.edu.pe\/quimica\/?page_id=1582"},"modified":"2021-10-29T13:36:12","modified_gmt":"2021-10-29T18:36:12","slug":"egresados","status":"publish","type":"page","link":"https:\/\/fcnf.unsa.edu.pe\/quimica\/egresados\/","title":{"rendered":"Graduados y Titulados"},"content":{"rendered":"<p style=\"text-align: left\"><strong>TABLA. GRADUADOS Y TITULADOS DEL A\u00d1O 2013 AL 2020<\/strong><\/p>\n<table dir=\"ltr\" style=\"height: 230px\" border=\"1\" width=\"496\" cellspacing=\"0\" cellpadding=\"0\">\n<colgroup>\n<col width=\"76\" \/>\n<col width=\"93\" \/>\n<col width=\"93\" \/><\/colgroup>\n<tbody>\n<tr>\n<td style=\"text-align: center\"><strong>A\u00d1O<\/strong><\/td>\n<td style=\"text-align: center\" data-sheets-value=\"{&quot;1&quot;:2,&quot;2&quot;:&quot;GRADUADOS&quot;}\"><strong>GRADUADOS<\/strong><\/td>\n<td style=\"text-align: center\" data-sheets-value=\"{&quot;1&quot;:2,&quot;2&quot;:&quot;TITULADOS&quot;}\"><strong>TITULADOS<\/strong><\/td>\n<\/tr>\n<tr>\n<td style=\"text-align: center\" data-sheets-value=\"{&quot;1&quot;:3,&quot;3&quot;:2013}\">2013<\/td>\n<td style=\"text-align: center\" data-sheets-value=\"{&quot;1&quot;:3,&quot;3&quot;:20}\">20<\/td>\n<td style=\"text-align: center\" data-sheets-value=\"{&quot;1&quot;:3,&quot;3&quot;:9}\">9<\/td>\n<\/tr>\n<tr>\n<td style=\"text-align: center\" data-sheets-value=\"{&quot;1&quot;:3,&quot;3&quot;:2014}\">2014<\/td>\n<td style=\"text-align: center\" data-sheets-value=\"{&quot;1&quot;:3,&quot;3&quot;:21}\">21<\/td>\n<td style=\"text-align: center\" data-sheets-value=\"{&quot;1&quot;:3,&quot;3&quot;:7}\">7<\/td>\n<\/tr>\n<tr>\n<td style=\"text-align: center\" data-sheets-value=\"{&quot;1&quot;:3,&quot;3&quot;:2015}\">2015<\/td>\n<td style=\"text-align: center\" data-sheets-value=\"{&quot;1&quot;:3,&quot;3&quot;:22}\">22<\/td>\n<td style=\"text-align: center\" data-sheets-value=\"{&quot;1&quot;:3,&quot;3&quot;:10}\">10<\/td>\n<\/tr>\n<tr>\n<td style=\"text-align: center\" data-sheets-value=\"{&quot;1&quot;:3,&quot;3&quot;:2016}\">2016<\/td>\n<td style=\"text-align: center\" data-sheets-value=\"{&quot;1&quot;:3,&quot;3&quot;:22}\">22<\/td>\n<td style=\"text-align: center\" data-sheets-value=\"{&quot;1&quot;:3,&quot;3&quot;:4}\">4<\/td>\n<\/tr>\n<tr>\n<td style=\"text-align: center\" data-sheets-value=\"{&quot;1&quot;:3,&quot;3&quot;:2017}\">2017<\/td>\n<td style=\"text-align: center\" data-sheets-value=\"{&quot;1&quot;:3,&quot;3&quot;:29}\">29<\/td>\n<td style=\"text-align: center\" data-sheets-value=\"{&quot;1&quot;:3,&quot;3&quot;:7}\">7<\/td>\n<\/tr>\n<tr>\n<td style=\"text-align: center\" data-sheets-value=\"{&quot;1&quot;:3,&quot;3&quot;:2018}\">2018<\/td>\n<td style=\"text-align: center\" data-sheets-value=\"{&quot;1&quot;:3,&quot;3&quot;:27}\">27<\/td>\n<td style=\"text-align: center\" data-sheets-value=\"{&quot;1&quot;:3,&quot;3&quot;:24}\">24<\/td>\n<\/tr>\n<tr>\n<td style=\"text-align: center\" data-sheets-value=\"{&quot;1&quot;:3,&quot;3&quot;:2019}\">2019<\/td>\n<td style=\"text-align: center\" data-sheets-value=\"{&quot;1&quot;:3,&quot;3&quot;:36}\">36<\/td>\n<td style=\"text-align: center\" data-sheets-value=\"{&quot;1&quot;:3,&quot;3&quot;:14}\">14<\/td>\n<\/tr>\n<tr>\n<td style=\"text-align: center\" data-sheets-value=\"{&quot;1&quot;:3,&quot;3&quot;:2020}\">2020<\/td>\n<td style=\"text-align: center\" data-sheets-value=\"{&quot;1&quot;:3,&quot;3&quot;:26}\">26<\/td>\n<td style=\"text-align: center\" data-sheets-value=\"{&quot;1&quot;:3,&quot;3&quot;:6}\">6<\/td>\n<\/tr>\n<\/tbody>\n<\/table>\n<h6>*Seg\u00fan datos de la Oficina de Grados y T\u00edtulos<\/h6>\n<p>&nbsp;<\/p>\n","protected":false},"excerpt":{"rendered":"<p>TABLA. GRADUADOS Y TITULADOS DEL A\u00d1O 2013 AL 2020 A\u00d1O GRADUADOS TITULADOS 2013 20 9 2014 21 7 2015 22 10 2016 22 4 2017 29 7 2018 27 24 2019 36 14 2020 26 6 *Seg\u00fan datos de la Oficina de Grados y T\u00edtulos &nbsp;<\/p>\n","protected":false},"author":10,"featured_media":0,"parent":0,"menu_order":0,"comment_status":"closed","ping_status":"closed","template":"","meta":{"_acf_changed":false,"footnotes":""},"class_list":["post-1582","page","type-page","status-publish","hentry"],"acf":[],"_links":{"self":[{"href":"https:\/\/fcnf.unsa.edu.pe\/quimica\/wp-json\/wp\/v2\/pages\/1582","targetHints":{"allow":["GET"]}}],"collection":[{"href":"https:\/\/fcnf.unsa.edu.pe\/quimica\/wp-json\/wp\/v2\/pages"}],"about":[{"href":"https:\/\/fcnf.unsa.edu.pe\/quimica\/wp-json\/wp\/v2\/types\/page"}],"author":[{"embeddable":true,"href":"https:\/\/fcnf.unsa.edu.pe\/quimica\/wp-json\/wp\/v2\/users\/10"}],"replies":[{"embeddable":true,"href":"https:\/\/fcnf.unsa.edu.pe\/quimica\/wp-json\/wp\/v2\/comments?post=1582"}],"version-history":[{"count":7,"href":"https:\/\/fcnf.unsa.edu.pe\/quimica\/wp-json\/wp\/v2\/pages\/1582\/revisions"}],"predecessor-version":[{"id":2142,"href":"https:\/\/fcnf.unsa.edu.pe\/quimica\/wp-json\/wp\/v2\/pages\/1582\/revisions\/2142"}],"wp:attachment":[{"href":"https:\/\/fcnf.unsa.edu.pe\/quimica\/wp-json\/wp\/v2\/media?parent=1582"}],"curies":[{"name":"wp","href":"https:\/\/api.w.org\/{rel}","templated":true}]}}