{"id":1474,"date":"2020-01-09T09:32:07","date_gmt":"2020-01-09T14:32:07","guid":{"rendered":"https:\/\/fcnf.unsa.edu.pe\/quimica\/?page_id=1474"},"modified":"2024-06-17T09:29:50","modified_gmt":"2024-06-17T14:29:50","slug":"objetivos-educacionales","status":"publish","type":"page","link":"https:\/\/fcnf.unsa.edu.pe\/quimica\/objetivos-educacionales\/","title":{"rendered":"Objetivos Educacionales"},"content":{"rendered":"<p><img loading=\"lazy\" decoding=\"async\" class=\"alignnone wp-image-2561 \" src=\"https:\/\/fcnf.unsa.edu.pe\/quimica\/wp-content\/uploads\/sites\/4\/2024\/06\/WhatsApp-Image-2024-04-05-at-9.10.14-AM.jpeg\" alt=\"\" width=\"663\" height=\"497\" srcset=\"https:\/\/fcnf.unsa.edu.pe\/quimica\/wp-content\/uploads\/sites\/4\/2024\/06\/WhatsApp-Image-2024-04-05-at-9.10.14-AM.jpeg 1600w, https:\/\/fcnf.unsa.edu.pe\/quimica\/wp-content\/uploads\/sites\/4\/2024\/06\/WhatsApp-Image-2024-04-05-at-9.10.14-AM-88x67.jpeg 88w, https:\/\/fcnf.unsa.edu.pe\/quimica\/wp-content\/uploads\/sites\/4\/2024\/06\/WhatsApp-Image-2024-04-05-at-9.10.14-AM-768x576.jpeg 768w, https:\/\/fcnf.unsa.edu.pe\/quimica\/wp-content\/uploads\/sites\/4\/2024\/06\/WhatsApp-Image-2024-04-05-at-9.10.14-AM-1536x1152.jpeg 1536w\" sizes=\"auto, (max-width: 663px) 100vw, 663px\" \/><\/p>\n<p>Se cumplen luego de dos a tres a\u00f1os del egreso<\/p>\n<p style=\"padding-left: 40px;\">1.Evaluar procesos de transformaci\u00f3n qu\u00edmica con el fin de desarrollar productos innovadores para el desarrollo sostenible y en beneficio de la sociedad aplicando las normativas vigentes, con \u00e9tica profesional.<br \/>\n2. Dise\u00f1ar e implementar laboratorios de qu\u00edmica, para el an\u00e1lisis qu\u00edmico, tasaciones, certificaciones, control de calidad, asesoramiento y ense\u00f1anza; capacit\u00e1ndose permanentemente en la especialidad orientados hacia la mejora continua.<br \/>\n3. Liderar y gestionar proyectos de investigaci\u00f3n en qu\u00edmica y\/o multidisciplinarios que involucren las ciencias b\u00e1sicas y aplicadas, fortaleciendo de manera permanente las competencias comprometidos con el desarrollo profesional competitivo y social.<br \/>\n4. Aportar soluciones a problemas regionales, relacionados con la industria, miner\u00eda, medio ambiente, salud, alimentos y \u00e1reas afines dise\u00f1ando o mejorando modelos f\u00edsicos y simulaciones computacionales.<br \/>\n5. Proponer soluciones metodol\u00f3gicas de an\u00e1lisis y utilizar las herramientas inform\u00e1ticas para resolver problemas relacionados con la ense\u00f1anza &#8211; aprendizaje.<\/p>\n","protected":false},"excerpt":{"rendered":"<p>Se cumplen luego de dos a tres a\u00f1os del egreso 1.Evaluar procesos de transformaci\u00f3n qu\u00edmica con el fin de desarrollar productos innovadores para el desarrollo sostenible y en beneficio de la sociedad aplicando las normativas vigentes, con \u00e9tica profesional. 2. Dise\u00f1ar e implementar laboratorios de qu\u00edmica, para el an\u00e1lisis qu\u00edmico, tasaciones, certificaciones, control de calidad, [&hellip;]<\/p>\n","protected":false},"author":1,"featured_media":0,"parent":0,"menu_order":0,"comment_status":"closed","ping_status":"closed","template":"","meta":{"_acf_changed":false,"footnotes":""},"class_list":["post-1474","page","type-page","status-publish","hentry"],"acf":[],"_links":{"self":[{"href":"https:\/\/fcnf.unsa.edu.pe\/quimica\/wp-json\/wp\/v2\/pages\/1474","targetHints":{"allow":["GET"]}}],"collection":[{"href":"https:\/\/fcnf.unsa.edu.pe\/quimica\/wp-json\/wp\/v2\/pages"}],"about":[{"href":"https:\/\/fcnf.unsa.edu.pe\/quimica\/wp-json\/wp\/v2\/types\/page"}],"author":[{"embeddable":true,"href":"https:\/\/fcnf.unsa.edu.pe\/quimica\/wp-json\/wp\/v2\/users\/1"}],"replies":[{"embeddable":true,"href":"https:\/\/fcnf.unsa.edu.pe\/quimica\/wp-json\/wp\/v2\/comments?post=1474"}],"version-history":[{"count":5,"href":"https:\/\/fcnf.unsa.edu.pe\/quimica\/wp-json\/wp\/v2\/pages\/1474\/revisions"}],"predecessor-version":[{"id":2564,"href":"https:\/\/fcnf.unsa.edu.pe\/quimica\/wp-json\/wp\/v2\/pages\/1474\/revisions\/2564"}],"wp:attachment":[{"href":"https:\/\/fcnf.unsa.edu.pe\/quimica\/wp-json\/wp\/v2\/media?parent=1474"}],"curies":[{"name":"wp","href":"https:\/\/api.w.org\/{rel}","templated":true}]}}