{"id":1303,"date":"2018-03-20T20:36:18","date_gmt":"2018-03-20T20:36:18","guid":{"rendered":"https:\/\/fcnf.unsa.edu.pe\/quimica\/?page_id=1303"},"modified":"2018-03-20T20:37:56","modified_gmt":"2018-03-20T20:37:56","slug":"estadisticas-desempeno-profesional-egresados","status":"publish","type":"page","link":"https:\/\/fcnf.unsa.edu.pe\/quimica\/estadisticas-desempeno-profesional-egresados\/","title":{"rendered":"Estad\u00edsticas desempe\u00f1o profesional egresados"},"content":{"rendered":"<p>&nbsp;<\/p>\n<table class=\"table table-striped\">\n<tbody>\n<tr>\n<th>Sectores de desempe\u00f1o profesional<\/th>\n<th>Porcentaje (%)<\/th>\n<\/tr>\n<tr>\n<td>Miner\u00eda, petr\u00f3leos e hidrocarburos<\/td>\n<td>15<\/td>\n<\/tr>\n<tr>\n<td>Educaci\u00f3n universitaria<\/td>\n<td>15<\/td>\n<\/tr>\n<tr>\n<td>Ambiental y salud<\/td>\n<td>23<\/td>\n<\/tr>\n<tr>\n<td>Alimentos<\/td>\n<td>15<\/td>\n<\/tr>\n<tr>\n<td>Procesos qu\u00edmicos industriales<\/td>\n<td>16<\/td>\n<\/tr>\n<tr>\n<td>An\u00e1lisis y control<\/td>\n<td>7<\/td>\n<\/tr>\n<tr>\n<td>Marketing<\/td>\n<td>4<\/td>\n<\/tr>\n<\/tbody>\n<\/table>\n","protected":false},"excerpt":{"rendered":"<p>&nbsp; Sectores de desempe\u00f1o profesional Porcentaje (%) Miner\u00eda, petr\u00f3leos e hidrocarburos 15 Educaci\u00f3n universitaria 15 Ambiental y salud 23 Alimentos 15 Procesos qu\u00edmicos industriales 16 An\u00e1lisis y control 7 Marketing 4<\/p>\n","protected":false},"author":1,"featured_media":1305,"parent":0,"menu_order":0,"comment_status":"closed","ping_status":"closed","template":"","meta":{"_acf_changed":false,"footnotes":""},"class_list":["post-1303","page","type-page","status-publish","has-post-thumbnail","hentry"],"acf":[],"_links":{"self":[{"href":"https:\/\/fcnf.unsa.edu.pe\/quimica\/wp-json\/wp\/v2\/pages\/1303","targetHints":{"allow":["GET"]}}],"collection":[{"href":"https:\/\/fcnf.unsa.edu.pe\/quimica\/wp-json\/wp\/v2\/pages"}],"about":[{"href":"https:\/\/fcnf.unsa.edu.pe\/quimica\/wp-json\/wp\/v2\/types\/page"}],"author":[{"embeddable":true,"href":"https:\/\/fcnf.unsa.edu.pe\/quimica\/wp-json\/wp\/v2\/users\/1"}],"replies":[{"embeddable":true,"href":"https:\/\/fcnf.unsa.edu.pe\/quimica\/wp-json\/wp\/v2\/comments?post=1303"}],"version-history":[{"count":1,"href":"https:\/\/fcnf.unsa.edu.pe\/quimica\/wp-json\/wp\/v2\/pages\/1303\/revisions"}],"predecessor-version":[{"id":1304,"href":"https:\/\/fcnf.unsa.edu.pe\/quimica\/wp-json\/wp\/v2\/pages\/1303\/revisions\/1304"}],"wp:featuredmedia":[{"embeddable":true,"href":"https:\/\/fcnf.unsa.edu.pe\/quimica\/wp-json\/wp\/v2\/media\/1305"}],"wp:attachment":[{"href":"https:\/\/fcnf.unsa.edu.pe\/quimica\/wp-json\/wp\/v2\/media?parent=1303"}],"curies":[{"name":"wp","href":"https:\/\/api.w.org\/{rel}","templated":true}]}}