{"id":1297,"date":"2018-03-20T20:22:11","date_gmt":"2018-03-20T20:22:11","guid":{"rendered":"https:\/\/fcnf.unsa.edu.pe\/quimica\/?page_id=1297"},"modified":"2022-09-13T18:32:21","modified_gmt":"2022-09-13T23:32:21","slug":"infraestructura","status":"publish","type":"page","link":"https:\/\/fcnf.unsa.edu.pe\/quimica\/infraestructura\/","title":{"rendered":"Infraestructura"},"content":{"rendered":"<p>El <strong>Programa de Estudios de Qu\u00edmica<\/strong> se desarrolla en el pabell\u00f3n \u201cMariano Eduardo de Rivero y Ust\u00e1riz\u201d de la <strong>Universidad Nacional de San Agust\u00edn de Arequipa<\/strong>. La infraestructura de Ense\u00f1anza est\u00e1 compuesta por Aulas y Laboratorios.<\/p>\n<ol>\n<li>Las aulas se encuentran ubicadas en la primera y segunda plantas del Bloque 2 del Pabell\u00f3n Mariano Eduardo de Rivero y Ust\u00e1riz, numeradas de la siguiente forma:<\/li>\n<\/ol>\n<ul>\n<li><strong>PRIMERA PLANTA:<\/strong> Aula \u2013 Laboratorio 114<\/li>\n<li><strong>SEGUNDA PLANTA:<\/strong> Aulas 209, 210, 211, 212, 213<\/li>\n<\/ul>\n<p style=\"padding-left: 60px\">Todos estos ambientes cuentan con las condiciones de comodidad necesarias para la labor lectiva, tanto para estudiantes como docentes.<\/p>\n<p style=\"padding-left: 30px\">2. Los laboratorios que prestan servicio El Programa de Estudios de Qu\u00edmica se encuentran bajo la administraci\u00f3n del Departamento Acad\u00e9mico de Qu\u00edmica y se hallan ubicados en la primera y segunda plantas de los Bloques 1 y 2 del Pabell\u00f3n Mariano Eduardo de Rivero y Ust\u00e1riz, y est\u00e1n numerados de la siguiente forma:<\/p>\n<ul>\n<li><strong>PRIMERA PLANTA:<\/strong> Laboratorios 101, 102, 103, 105, 109, 110, 113, 115.<\/li>\n<li><strong>SEGUNDA PLANTA:<\/strong> Laboratorios 201, 202, 203, 204, 205, 206, 208, 215.<\/li>\n<li><strong>TERCERA PLANTA:<\/strong> Laboratorios 304, 311, 314.<\/li>\n<\/ul>\n<p>3. Centro Documentario (CENDOC) que cuenta con bibliograf\u00eda espec\u00edfica para la especialidad y relativamente actualizada<\/p>\n<p>&nbsp;<\/p>\n<p style=\"text-align: center\"><div class=\"cua-gra\">\u00a0 \u00a0 \u00a0<strhidden-xs ong>ESCUELA PROFESIONAL DE QU\u00cdMICA &#8211; INFRAESTRUCTURA<\/strong><\/p>\n<p><iframe loading=\"lazy\" title=\"ACREDITACI\u00d3N QU\u00cdMICA\" width=\"500\" height=\"281\" src=\"https:\/\/www.youtube.com\/embed\/-UgA48EMj_Y?feature=oembed\" frameborder=\"0\" allow=\"accelerometer; autoplay; clipboard-write; encrypted-media; gyroscope; picture-in-picture; web-share\" referrerpolicy=\"strict-origin-when-cross-origin\" allowfullscreen><\/iframe><\/p>\n<p><\/div><\/p>\n","protected":false},"excerpt":{"rendered":"<p>El Programa de Estudios de Qu\u00edmica se desarrolla en el pabell\u00f3n \u201cMariano Eduardo de Rivero y Ust\u00e1riz\u201d de la Universidad Nacional de San Agust\u00edn de Arequipa. La infraestructura de Ense\u00f1anza est\u00e1 compuesta por Aulas y Laboratorios. Las aulas se encuentran ubicadas en la primera y segunda plantas del Bloque 2 del Pabell\u00f3n Mariano Eduardo de [&hellip;]<\/p>\n","protected":false},"author":1,"featured_media":1299,"parent":0,"menu_order":0,"comment_status":"closed","ping_status":"closed","template":"page-imagen.php","meta":{"_acf_changed":false,"footnotes":""},"class_list":["post-1297","page","type-page","status-publish","has-post-thumbnail","hentry"],"acf":[],"_links":{"self":[{"href":"https:\/\/fcnf.unsa.edu.pe\/quimica\/wp-json\/wp\/v2\/pages\/1297","targetHints":{"allow":["GET"]}}],"collection":[{"href":"https:\/\/fcnf.unsa.edu.pe\/quimica\/wp-json\/wp\/v2\/pages"}],"about":[{"href":"https:\/\/fcnf.unsa.edu.pe\/quimica\/wp-json\/wp\/v2\/types\/page"}],"author":[{"embeddable":true,"href":"https:\/\/fcnf.unsa.edu.pe\/quimica\/wp-json\/wp\/v2\/users\/1"}],"replies":[{"embeddable":true,"href":"https:\/\/fcnf.unsa.edu.pe\/quimica\/wp-json\/wp\/v2\/comments?post=1297"}],"version-history":[{"count":14,"href":"https:\/\/fcnf.unsa.edu.pe\/quimica\/wp-json\/wp\/v2\/pages\/1297\/revisions"}],"predecessor-version":[{"id":2326,"href":"https:\/\/fcnf.unsa.edu.pe\/quimica\/wp-json\/wp\/v2\/pages\/1297\/revisions\/2326"}],"wp:featuredmedia":[{"embeddable":true,"href":"https:\/\/fcnf.unsa.edu.pe\/quimica\/wp-json\/wp\/v2\/media\/1299"}],"wp:attachment":[{"href":"https:\/\/fcnf.unsa.edu.pe\/quimica\/wp-json\/wp\/v2\/media?parent=1297"}],"curies":[{"name":"wp","href":"https:\/\/api.w.org\/{rel}","templated":true}]}}