{"id":1290,"date":"2018-03-20T20:11:31","date_gmt":"2018-03-20T20:11:31","guid":{"rendered":"https:\/\/fcnf.unsa.edu.pe\/quimica\/?page_id=1290"},"modified":"2024-06-17T09:22:56","modified_gmt":"2024-06-17T14:22:56","slug":"grados-y-titulos","status":"publish","type":"page","link":"https:\/\/fcnf.unsa.edu.pe\/quimica\/grados-y-titulos\/","title":{"rendered":"Grados y t\u00edtulos"},"content":{"rendered":"<ul>\n<li><strong>GRADO ACAD\u00c9MICO:<br \/>\n<\/strong>Bachiller en Qu\u00edmica<\/li>\n<li><strong>T\u00cdTULO PROFESIONAL:<br \/>\n<\/strong>Licenciado en Qu\u00edmica<\/li>\n<\/ul>\n<p><img loading=\"lazy\" decoding=\"async\" class=\"alignnone wp-image-2553 \" src=\"https:\/\/fcnf.unsa.edu.pe\/quimica\/wp-content\/uploads\/sites\/4\/2024\/06\/IMG_20240315_122342-scaled.jpg\" alt=\"\" width=\"787\" height=\"590\" srcset=\"https:\/\/fcnf.unsa.edu.pe\/quimica\/wp-content\/uploads\/sites\/4\/2024\/06\/IMG_20240315_122342-scaled.jpg 2560w, https:\/\/fcnf.unsa.edu.pe\/quimica\/wp-content\/uploads\/sites\/4\/2024\/06\/IMG_20240315_122342-88x67.jpg 88w, https:\/\/fcnf.unsa.edu.pe\/quimica\/wp-content\/uploads\/sites\/4\/2024\/06\/IMG_20240315_122342-768x576.jpg 768w, https:\/\/fcnf.unsa.edu.pe\/quimica\/wp-content\/uploads\/sites\/4\/2024\/06\/IMG_20240315_122342-1536x1152.jpg 1536w, https:\/\/fcnf.unsa.edu.pe\/quimica\/wp-content\/uploads\/sites\/4\/2024\/06\/IMG_20240315_122342-2048x1536.jpg 2048w\" sizes=\"auto, (max-width: 787px) 100vw, 787px\" \/><\/p>\n","protected":false},"excerpt":{"rendered":"<p>GRADO ACAD\u00c9MICO: Bachiller en Qu\u00edmica T\u00cdTULO PROFESIONAL: Licenciado en Qu\u00edmica<\/p>\n","protected":false},"author":1,"featured_media":2554,"parent":0,"menu_order":0,"comment_status":"closed","ping_status":"closed","template":"","meta":{"_acf_changed":false,"footnotes":""},"class_list":["post-1290","page","type-page","status-publish","has-post-thumbnail","hentry"],"acf":[],"_links":{"self":[{"href":"https:\/\/fcnf.unsa.edu.pe\/quimica\/wp-json\/wp\/v2\/pages\/1290","targetHints":{"allow":["GET"]}}],"collection":[{"href":"https:\/\/fcnf.unsa.edu.pe\/quimica\/wp-json\/wp\/v2\/pages"}],"about":[{"href":"https:\/\/fcnf.unsa.edu.pe\/quimica\/wp-json\/wp\/v2\/types\/page"}],"author":[{"embeddable":true,"href":"https:\/\/fcnf.unsa.edu.pe\/quimica\/wp-json\/wp\/v2\/users\/1"}],"replies":[{"embeddable":true,"href":"https:\/\/fcnf.unsa.edu.pe\/quimica\/wp-json\/wp\/v2\/comments?post=1290"}],"version-history":[{"count":14,"href":"https:\/\/fcnf.unsa.edu.pe\/quimica\/wp-json\/wp\/v2\/pages\/1290\/revisions"}],"predecessor-version":[{"id":2560,"href":"https:\/\/fcnf.unsa.edu.pe\/quimica\/wp-json\/wp\/v2\/pages\/1290\/revisions\/2560"}],"wp:featuredmedia":[{"embeddable":true,"href":"https:\/\/fcnf.unsa.edu.pe\/quimica\/wp-json\/wp\/v2\/media\/2554"}],"wp:attachment":[{"href":"https:\/\/fcnf.unsa.edu.pe\/quimica\/wp-json\/wp\/v2\/media?parent=1290"}],"curies":[{"name":"wp","href":"https:\/\/api.w.org\/{rel}","templated":true}]}}