{"id":1260,"date":"2018-03-20T16:16:42","date_gmt":"2018-03-20T16:16:42","guid":{"rendered":"https:\/\/fcnf.unsa.edu.pe\/quimica\/?page_id=1260"},"modified":"2022-07-21T20:07:26","modified_gmt":"2022-07-22T01:07:26","slug":"vision-y-mision","status":"publish","type":"page","link":"https:\/\/fcnf.unsa.edu.pe\/quimica\/vision-y-mision\/","title":{"rendered":"Prop\u00f3sitos, Misi\u00f3n y Visi\u00f3n"},"content":{"rendered":"<div class=\"cua-gri\"><\/p>\n<p><strong> <img loading=\"lazy\" decoding=\"async\" class=\"hidden-xs alignnone wp-image-2099\" src=\"https:\/\/fcnf.unsa.edu.pe\/quimica\/wp-content\/uploads\/sites\/4\/2021\/09\/26961860_581509648856350_2847566821790491787_o-e1631846075894.jpg\" alt=\"\" width=\"355\" height=\"283\" \/><\/strong><\/p>\n<h1><strong>Prop\u00f3sitos<\/strong><\/h1>\n<p>El prop\u00f3sito de la Escuela Profesional de Qu\u00edmica, es contribuir al desarrollo y mejora de la calidad de vida, a nivel regional, nacional e internacional, mediante la formaci\u00f3n de licenciados en qu\u00edmica, con competencias acad\u00e9micas, cient\u00edficas y tecnol\u00f3gicas, con una base s\u00f3lida de conocimientos actualizados en qu\u00edmica, construidos en base a las ciencias naturales y formales, con habilidades y destrezas en el trabajo de laboratorio, manejo de instrumentos y equipos, e interpretaci\u00f3n de resultados, manteniendo rigurosidad cient\u00edfica, actitud cr\u00edtica e innovadora, con habilidades para el trabajo en equipo y una comunicaci\u00f3n profesional eficaz.<\/p>\n<p>Para desempe\u00f1arse en:<\/p>\n<ul>\n<li>La industria: gesti\u00f3n y direcci\u00f3n de laboratorios de an\u00e1lisis qu\u00edmico, control de calidad, desarrollo de nuevos productos o procesos, protecci\u00f3n y control del medio ambiente, velando por el cumplimiento de normas y est\u00e1ndares de calidad.<\/li>\n<li>La investigaci\u00f3n: generando conocimientos, elaborando, desarrollando y dirigiendo proyectos de investigaci\u00f3n b\u00e1sica y aplicada.<\/li>\n<li>En la docencia a nivel superior y en salud con an\u00e1lisis cl\u00ednicos.<\/li>\n<\/ul>\n<p>Siendo su formaci\u00f3n integral, con un alto sentido \u00e9tico y conciencia del desarrollo sostenible.<\/p>\n<p><\/div>\n<div class=\"cua-gra\"><\/p>\n<h1><\/h1>\n<p><img loading=\"lazy\" decoding=\"async\" class=\"hidden-xs alignnone size-medium wp-image-2037\" src=\"https:\/\/fcnf.unsa.edu.pe\/quimica\/wp-content\/uploads\/sites\/4\/2021\/09\/LABORATORIO-1-360x203.png\" alt=\"\" width=\"360\" height=\"203\" \/><\/p>\n<h1><\/h1>\n<h1><strong>Misi\u00f3n<\/strong><\/h1>\n<p>La <strong>Escuela Profesional de Qu\u00edmica<\/strong>, es una entidad acad\u00e9mica de formaci\u00f3n integral de profesionales de <strong>Licenciatura en Qu\u00edmica<\/strong>, que desarrollan competencias acad\u00e9micas, cient\u00edficas y tecnol\u00f3gicas, para desempe\u00f1arse en la industria, investigaci\u00f3n y docencia, para lo cual; cuenta con docentes calificados y comprometidos. Que mantienen un vinculo estrecho con los sectores productivos, cient\u00edficos y sociales, lo que genera una actualizaci\u00f3n permanente y una contribuci\u00f3n activa con el cuidado del ambiente y el desarrollo social de la regi\u00f3n y el pa\u00eds.<\/p>\n<p><\/div>\n<div class=\"cua-gri\"><\/p>\n<p><strong> <img loading=\"lazy\" decoding=\"async\" class=\"hidden-xs alignnone wp-image-2311 size-medium\" src=\"https:\/\/fcnf.unsa.edu.pe\/quimica\/wp-content\/uploads\/sites\/4\/2022\/07\/EGRESADOS-360x203.png\" alt=\"\" width=\"360\" height=\"203\" \/><\/strong><\/p>\n<h1><strong>Visi\u00f3n<\/strong><\/h1>\n<p>Consolidar a la <strong>Escuela Profesional de Qu\u00edmica<\/strong>, como una unidad acad\u00e9mica acreditada, de la excelencia y de reconocimiento nacional e internacional formadora de profesionales cient\u00edficos, investigadores altamente competitivos con pensamiento cr\u00edtico, creativo e innovador, que generen conocimientos significativos en el campo de la qu\u00edmica, con docentes promotores del descubrimiento, con laboratorios de \u00faltima generaci\u00f3n y comprometidos con el cuidado del ambiente y el desarrollo sostenido de la humanidad<\/p>\n<p><\/div>\n","protected":false},"excerpt":{"rendered":"","protected":false},"author":1,"featured_media":0,"parent":0,"menu_order":0,"comment_status":"closed","ping_status":"closed","template":"page-blanco.php","meta":{"_acf_changed":false,"footnotes":""},"class_list":["post-1260","page","type-page","status-publish","hentry"],"acf":[],"_links":{"self":[{"href":"https:\/\/fcnf.unsa.edu.pe\/quimica\/wp-json\/wp\/v2\/pages\/1260","targetHints":{"allow":["GET"]}}],"collection":[{"href":"https:\/\/fcnf.unsa.edu.pe\/quimica\/wp-json\/wp\/v2\/pages"}],"about":[{"href":"https:\/\/fcnf.unsa.edu.pe\/quimica\/wp-json\/wp\/v2\/types\/page"}],"author":[{"embeddable":true,"href":"https:\/\/fcnf.unsa.edu.pe\/quimica\/wp-json\/wp\/v2\/users\/1"}],"replies":[{"embeddable":true,"href":"https:\/\/fcnf.unsa.edu.pe\/quimica\/wp-json\/wp\/v2\/comments?post=1260"}],"version-history":[{"count":52,"href":"https:\/\/fcnf.unsa.edu.pe\/quimica\/wp-json\/wp\/v2\/pages\/1260\/revisions"}],"predecessor-version":[{"id":2312,"href":"https:\/\/fcnf.unsa.edu.pe\/quimica\/wp-json\/wp\/v2\/pages\/1260\/revisions\/2312"}],"wp:attachment":[{"href":"https:\/\/fcnf.unsa.edu.pe\/quimica\/wp-json\/wp\/v2\/media?parent=1260"}],"curies":[{"name":"wp","href":"https:\/\/api.w.org\/{rel}","templated":true}]}}