{"id":1257,"date":"2018-03-20T16:12:07","date_gmt":"2018-03-20T16:12:07","guid":{"rendered":"https:\/\/fcnf.unsa.edu.pe\/quimica\/?page_id=1257"},"modified":"2019-04-15T12:38:59","modified_gmt":"2019-04-15T17:38:59","slug":"resena-historica","status":"publish","type":"page","link":"https:\/\/fcnf.unsa.edu.pe\/quimica\/resena-historica\/","title":{"rendered":"Rese\u00f1a hist\u00f3rica"},"content":{"rendered":"<p>El Programa de Estudios de Qu\u00edmica de la Facultad de Ciencias Naturales y Formales de la UNSA, fue creada con la denominaci\u00f3n de Programa Acad\u00e9mico de Qu\u00edmica, mediante Resoluci\u00f3n N\u00b0 2109-75-CONUP (Consejo Nacional de la Universidad Peruana), con fecha 11 de marzo de 1975, posteriormente y con la aplicaci\u00f3n de la Ley Universitaria N\u00b023733 (promulgada el 09 de diciembre de 1983) y tomando en consideraci\u00f3n el numeral 4\u00b0 de la relaci\u00f3n descrita en el Art\u00edculo 97\u00b0 de la citada Ley es plenamente reconocida a nivel de la Rep\u00fablica del Per\u00fa como El Programa de Estudios de Qu\u00edmica, en donde se considera que la duraci\u00f3n de la Carrera de Qu\u00edmica, es de (05) cinco a\u00f1os, los que una vez culminados otorgan al estudiante el derecho de optar el grado Acad\u00e9mico de Bachiller en Qu\u00edmica y posteriormente el T\u00edtulo Profesional de Licenciado en Qu\u00edmica.<\/p>\n","protected":false},"excerpt":{"rendered":"<p>El Programa de Estudios de Qu\u00edmica de la Facultad de Ciencias Naturales y Formales de la UNSA, fue creada con la denominaci\u00f3n de Programa Acad\u00e9mico de Qu\u00edmica, mediante Resoluci\u00f3n N\u00b0 2109-75-CONUP (Consejo Nacional de la Universidad Peruana), con fecha 11 de marzo de 1975, posteriormente y con la aplicaci\u00f3n de la Ley Universitaria N\u00b023733 (promulgada [&hellip;]<\/p>\n","protected":false},"author":1,"featured_media":1258,"parent":0,"menu_order":0,"comment_status":"closed","ping_status":"closed","template":"","meta":{"_acf_changed":false,"footnotes":""},"class_list":["post-1257","page","type-page","status-publish","has-post-thumbnail","hentry"],"acf":[],"_links":{"self":[{"href":"https:\/\/fcnf.unsa.edu.pe\/quimica\/wp-json\/wp\/v2\/pages\/1257","targetHints":{"allow":["GET"]}}],"collection":[{"href":"https:\/\/fcnf.unsa.edu.pe\/quimica\/wp-json\/wp\/v2\/pages"}],"about":[{"href":"https:\/\/fcnf.unsa.edu.pe\/quimica\/wp-json\/wp\/v2\/types\/page"}],"author":[{"embeddable":true,"href":"https:\/\/fcnf.unsa.edu.pe\/quimica\/wp-json\/wp\/v2\/users\/1"}],"replies":[{"embeddable":true,"href":"https:\/\/fcnf.unsa.edu.pe\/quimica\/wp-json\/wp\/v2\/comments?post=1257"}],"version-history":[{"count":3,"href":"https:\/\/fcnf.unsa.edu.pe\/quimica\/wp-json\/wp\/v2\/pages\/1257\/revisions"}],"predecessor-version":[{"id":1457,"href":"https:\/\/fcnf.unsa.edu.pe\/quimica\/wp-json\/wp\/v2\/pages\/1257\/revisions\/1457"}],"wp:featuredmedia":[{"embeddable":true,"href":"https:\/\/fcnf.unsa.edu.pe\/quimica\/wp-json\/wp\/v2\/media\/1258"}],"wp:attachment":[{"href":"https:\/\/fcnf.unsa.edu.pe\/quimica\/wp-json\/wp\/v2\/media?parent=1257"}],"curies":[{"name":"wp","href":"https:\/\/api.w.org\/{rel}","templated":true}]}}