{"id":1252,"date":"2018-03-20T15:42:37","date_gmt":"2018-03-20T15:42:37","guid":{"rendered":"https:\/\/fcnf.unsa.edu.pe\/quimica\/?page_id=1252"},"modified":"2025-01-14T12:55:28","modified_gmt":"2025-01-14T17:55:28","slug":"presentacion","status":"publish","type":"page","link":"https:\/\/fcnf.unsa.edu.pe\/quimica\/presentacion\/","title":{"rendered":"Presentaci\u00f3n"},"content":{"rendered":"<p style=\"text-align: justify;\">El <b>Programa de Estudios de Qu\u00edmica<\/b> (PEQ) es una entidad acad\u00e9mica de formaci\u00f3n integral de profesionales de Licenciatura en Qu\u00edmica que desarrollan competencias acad\u00e9micas, cient\u00edficas y tecnol\u00f3gicas, para desempe\u00f1arse en la industria, investigaci\u00f3n y docencia, para lo cual cuenta con docentes calificados y comprometidos que mantienen un v\u00ednculo estrecho con los sectores productivo, cient\u00edfico y social, lo que implica una actualizaci\u00f3n permanente y de contribuci\u00f3n activa.<\/p>\n<p style=\"text-align: justify;\">El Programa de Estudios de Qu\u00edmica establece y sostiene valores que se centran en la formaci\u00f3n de estudiantes, con una orientaci\u00f3n hacia la excelencia en la calidad de la ense\u00f1anza, mejora continua y la gesti\u00f3n.<\/p>\n<p style=\"text-align: justify;\">Con disposici\u00f3n a la innovaci\u00f3n cient\u00edfica y pedag\u00f3gica para hacer frente con responsabilidad a los nuevos retos que plantea la sociedad. Identific\u00e1ndose y comprometi\u00e9ndose con la igualdad de derechos de otras culturas, razas y credos, a manifestarse libremente, as\u00ed como el derecho de preservar los recursos f\u00edsico-naturales y oportunidades de todos los seres vivientes, basados en la \u00e9tica y libertad, de modo que se propicie un entorno que favorezca el progreso personal y profesional a trav\u00e9s del di\u00e1logo, el respeto al entorno socio-ambiental y en general a la vida en sus m\u00faltiples expresiones, todo ello articulado con las propuestas establecidas en el modelo educativo que la <b>Universidad Nacional de San Agust\u00edn de Arequipa <\/b>plantea.<\/p>\n<p><iframe loading=\"lazy\" title=\"ACREDITACI\u00d3N QU\u00cdMICA\" width=\"500\" height=\"281\" src=\"https:\/\/www.youtube.com\/embed\/-UgA48EMj_Y?feature=oembed\" frameborder=\"0\" allow=\"accelerometer; autoplay; clipboard-write; encrypted-media; gyroscope; picture-in-picture; web-share\" referrerpolicy=\"strict-origin-when-cross-origin\" allowfullscreen><\/iframe><\/p>\n","protected":false},"excerpt":{"rendered":"<p>El Programa de Estudios de Qu\u00edmica (PEQ) es una entidad acad\u00e9mica de formaci\u00f3n integral de profesionales de Licenciatura en Qu\u00edmica que desarrollan competencias acad\u00e9micas, cient\u00edficas y tecnol\u00f3gicas, para desempe\u00f1arse en la industria, investigaci\u00f3n y docencia, para lo cual cuenta con docentes calificados y comprometidos que mantienen un v\u00ednculo estrecho con los sectores productivo, cient\u00edfico y [&hellip;]<\/p>\n","protected":false},"author":1,"featured_media":2577,"parent":0,"menu_order":0,"comment_status":"closed","ping_status":"closed","template":"page-imagen.php","meta":{"_acf_changed":false,"footnotes":""},"class_list":["post-1252","page","type-page","status-publish","has-post-thumbnail","hentry"],"acf":[],"_links":{"self":[{"href":"https:\/\/fcnf.unsa.edu.pe\/quimica\/wp-json\/wp\/v2\/pages\/1252","targetHints":{"allow":["GET"]}}],"collection":[{"href":"https:\/\/fcnf.unsa.edu.pe\/quimica\/wp-json\/wp\/v2\/pages"}],"about":[{"href":"https:\/\/fcnf.unsa.edu.pe\/quimica\/wp-json\/wp\/v2\/types\/page"}],"author":[{"embeddable":true,"href":"https:\/\/fcnf.unsa.edu.pe\/quimica\/wp-json\/wp\/v2\/users\/1"}],"replies":[{"embeddable":true,"href":"https:\/\/fcnf.unsa.edu.pe\/quimica\/wp-json\/wp\/v2\/comments?post=1252"}],"version-history":[{"count":13,"href":"https:\/\/fcnf.unsa.edu.pe\/quimica\/wp-json\/wp\/v2\/pages\/1252\/revisions"}],"predecessor-version":[{"id":2586,"href":"https:\/\/fcnf.unsa.edu.pe\/quimica\/wp-json\/wp\/v2\/pages\/1252\/revisions\/2586"}],"wp:featuredmedia":[{"embeddable":true,"href":"https:\/\/fcnf.unsa.edu.pe\/quimica\/wp-json\/wp\/v2\/media\/2577"}],"wp:attachment":[{"href":"https:\/\/fcnf.unsa.edu.pe\/quimica\/wp-json\/wp\/v2\/media?parent=1252"}],"curies":[{"name":"wp","href":"https:\/\/api.w.org\/{rel}","templated":true}]}}