{"id":2568,"date":"2023-01-23T17:41:02","date_gmt":"2023-01-23T22:41:02","guid":{"rendered":"https:\/\/fcnf.unsa.edu.pe\/matematica\/?page_id=2568"},"modified":"2023-01-23T18:36:19","modified_gmt":"2023-01-23T23:36:19","slug":"directivas","status":"publish","type":"page","link":"https:\/\/fcnf.unsa.edu.pe\/matematica\/directivas\/","title":{"rendered":"Directivas"},"content":{"rendered":"<p><span style=\"color: #0000ff\"><a style=\"color: #0000ff\" href=\"https:\/\/fcnf.unsa.edu.pe\/matematica\/wp-content\/uploads\/sites\/3\/2023\/01\/RESOLUCION-0255.pdf\"><strong>1. REGLAMENTO PARA OPTAR GRADO ACAD\u00c9MICO DE BACHILLER Y T\u00cdTULO PROFESIONAL.<\/strong><\/a><\/span><\/p>\n<p><span style=\"color: #0000ff\"><a style=\"color: #0000ff\" href=\"https:\/\/fcnf.unsa.edu.pe\/matematica\/wp-content\/uploads\/sites\/3\/2023\/01\/2.2.E3-REGLAMENTO-DE-GESTION-DE-INSCRIPCION-DEL-PLAN-DE-TESIS_FACULTAD-DE-CIENCIAS-NATURALES-Y-FORMALES.pdf\"><strong>2. REGLAMENTO DE GESTI\u00d3N DE INSCRIPCI\u00d3N DEL PLAN DE TESIS.<\/strong><\/a><\/span><\/p>\n<p><a href=\"https:\/\/fcnf.unsa.edu.pe\/matematica\/wp-content\/uploads\/sites\/3\/2023\/01\/REGLAMENTO-INTERNO-DE-PRACTICAS-PRE-PROFESIONALES-comprimido.pdf\"><span style=\"color: #0000ff\"><strong>3. REGLAMENTO INTERNO DE PR\u00c1CTICAS PRE-PROFESIONALES.<\/strong><\/span><\/a><\/p>\n<p><a href=\"https:\/\/fcnf.unsa.edu.pe\/matematica\/wp-content\/uploads\/sites\/3\/2023\/01\/2.2.E6-NORMAS-DEL-ASESOR-DE-TESIS_FACULTAD-DE-CIENCIAS-NATURALES-Y-FORMALES.pdf\"><span style=\"color: #0000ff\"><strong>4. NORMAS DEL ASESOR DE TESIS.<\/strong><\/span><\/a><\/p>\n<p><strong><span style=\"color: #0000ff\"><a style=\"color: #0000ff\" href=\"https:\/\/fcnf.unsa.edu.pe\/matematica\/wp-content\/uploads\/sites\/3\/2023\/01\/2.2.E7-NORMAS-DE-ESTRUCTURA-DE-UNA-TESIS_FACULTAD-DE-CIENCIAS-NATURALES-Y-FORMALES.pdf\">5. NORMAS DE ESTRUCTURA DE UNA TESIS.<\/a><\/span><\/strong><\/p>\n<p><a href=\"https:\/\/fcnf.unsa.edu.pe\/matematica\/wp-content\/uploads\/sites\/3\/2023\/01\/2.2.E8-GUIA-DE-CONFORMACION-DE-LOS-GRUPOS-DE-INTERES-ACTUALIZADO_RESOLUCION-DECANAL-N\u00b0-162-2021-FCNF.pdf\"><strong><span style=\"color: #0000ff\">6. GU\u00cdA DE CONFORMACI\u00d3N DE LOS GRUPOS DE INTER\u00c9S ACTUALIZADO.<\/span><\/strong><\/a><\/p>\n<p><span style=\"color: #0000ff\"><strong><a style=\"color: #0000ff\" href=\"https:\/\/fcnf.unsa.edu.pe\/matematica\/wp-content\/uploads\/sites\/3\/2023\/01\/2.2.E9-REGLAMENTO-DE-USO-DEL-LABORATORIO-DE-COMPUTO-DE-LA-ESCUELA-PROFESIONAL-DE-MATEMATICAS..pdf\">7. REGLAMENTO DE USO DEL LABORATORIO DE C\u00d3MPUTO DE LA ESCUELA PROFESIONAL DE MATEM\u00c1TICAS.<\/a><\/strong><\/span><\/p>\n<p><a href=\"https:\/\/fcnf.unsa.edu.pe\/matematica\/wp-content\/uploads\/sites\/3\/2023\/01\/2.2.E10-REGLAMENTO-PARA-EL-USO-DE-LAS-AULAS..pdf\"><strong><span style=\"color: #0000ff\">8. REGLAMENTO DE USO DE AULAS.<\/span><\/strong><\/a><\/p>\n<p><span style=\"color: #0000ff\"><a style=\"color: #0000ff\" href=\"https:\/\/fcnf.unsa.edu.pe\/matematica\/wp-content\/uploads\/sites\/3\/2023\/01\/2.2.E11-REGLAMENTO-DEL-CENTRO-DOCUMENTARIO-MATEMATICAS.pdf\"><strong>9. REGLAMENTO DE USUARIOS DEL CENTRO DOCUMENTARIO Y RECREACI\u00d3N: ESTUDIANTES.<\/strong><\/a><\/span><\/p>\n<p><span style=\"color: #0000ff\"><a style=\"color: #0000ff\" href=\"https:\/\/drive.google.com\/file\/d\/1-puO1I6mdONA3Y_wUQa5WE5E2Z2p6Hx9\/view?usp=sharing\"><strong>10. REGLAMENTO DE EVALUACI\u00d3N DEL PROCESO ENSE\u00d1ANZA \u2013 APRENDIZAJE POR COMPETENCIAS DE LA UNIVERSIDAD NACIONAL DE SAN AGUST\u00cdN DE AREQUIPA<\/strong><\/a><\/span><\/p>\n","protected":false},"excerpt":{"rendered":"<p>1. REGLAMENTO PARA OPTAR GRADO ACAD\u00c9MICO DE BACHILLER Y T\u00cdTULO PROFESIONAL. 2. REGLAMENTO DE GESTI\u00d3N DE INSCRIPCI\u00d3N DEL PLAN DE TESIS. 3. REGLAMENTO INTERNO DE PR\u00c1CTICAS PRE-PROFESIONALES. 4. NORMAS DEL ASESOR DE TESIS. 5. NORMAS DE ESTRUCTURA DE UNA TESIS. 6. GU\u00cdA DE CONFORMACI\u00d3N DE LOS GRUPOS DE INTER\u00c9S ACTUALIZADO. 7. REGLAMENTO DE USO DEL [&hellip;]<\/p>\n","protected":false},"author":4,"featured_media":0,"parent":0,"menu_order":0,"comment_status":"closed","ping_status":"closed","template":"","meta":{"_acf_changed":false,"footnotes":""},"class_list":["post-2568","page","type-page","status-publish","hentry"],"acf":[],"_links":{"self":[{"href":"https:\/\/fcnf.unsa.edu.pe\/matematica\/wp-json\/wp\/v2\/pages\/2568","targetHints":{"allow":["GET"]}}],"collection":[{"href":"https:\/\/fcnf.unsa.edu.pe\/matematica\/wp-json\/wp\/v2\/pages"}],"about":[{"href":"https:\/\/fcnf.unsa.edu.pe\/matematica\/wp-json\/wp\/v2\/types\/page"}],"author":[{"embeddable":true,"href":"https:\/\/fcnf.unsa.edu.pe\/matematica\/wp-json\/wp\/v2\/users\/4"}],"replies":[{"embeddable":true,"href":"https:\/\/fcnf.unsa.edu.pe\/matematica\/wp-json\/wp\/v2\/comments?post=2568"}],"version-history":[{"count":5,"href":"https:\/\/fcnf.unsa.edu.pe\/matematica\/wp-json\/wp\/v2\/pages\/2568\/revisions"}],"predecessor-version":[{"id":2598,"href":"https:\/\/fcnf.unsa.edu.pe\/matematica\/wp-json\/wp\/v2\/pages\/2568\/revisions\/2598"}],"wp:attachment":[{"href":"https:\/\/fcnf.unsa.edu.pe\/matematica\/wp-json\/wp\/v2\/media?parent=2568"}],"curies":[{"name":"wp","href":"https:\/\/api.w.org\/{rel}","templated":true}]}}