{"id":2452,"date":"2022-11-08T13:33:21","date_gmt":"2022-11-08T18:33:21","guid":{"rendered":"https:\/\/fcnf.unsa.edu.pe\/matematica\/?page_id=2452"},"modified":"2022-11-16T10:07:52","modified_gmt":"2022-11-16T15:07:52","slug":"2452-2","status":"publish","type":"page","link":"https:\/\/fcnf.unsa.edu.pe\/matematica\/2452-2\/","title":{"rendered":"MATERIAL"},"content":{"rendered":"<p>&nbsp;<\/p>\n<table style=\"height: 27px\" width=\"866\">\n<tbody>\n<tr>\n<td style=\"text-align: center\" bgcolor=\"maroon\" width=\"80\"><a href=\"https:\/\/fcnf.unsa.edu.pe\/matematica\/sim_matematicas-2022\/\"><span style=\"color: #ffffff\"><strong>INICIO\u00a0 \u00a0<\/strong><\/span><\/a><\/td>\n<td style=\"text-align: center\" bgcolor=\"maroon\" width=\"80\"><a href=\"https:\/\/fcnf.unsa.edu.pe\/matematica\/programa\/\"><span style=\"color: #ffffff\"><strong>PROGRAMA\u00a0<\/strong><\/span><\/a><\/td>\n<td style=\"text-align: center\" bgcolor=\"maroon\" width=\"169\"><a href=\"https:\/\/fcnf.unsa.edu.pe\/matematica\/cursos-y-conferencias\/\"><span style=\"color: #ffffff\"><strong>CURSOS Y CONFERENCIAS\u00a0<\/strong><\/span><\/a><\/td>\n<td style=\"text-align: center\" bgcolor=\"maroon\" width=\"80\"><span style=\"color: #ffffff\"><strong>MATERIAL\u00a0 \u00a0 \u00a0<\/strong><\/span><\/td>\n<td style=\"text-align: center\" bgcolor=\"maroon\" width=\"183\"><a href=\"https:\/\/fcnf.unsa.edu.pe\/matematica\/vacantes-e-inscripciones\/\"><span style=\"color: #ffffff\"><strong>VACANTES E INSCRIPCIONES<\/strong><\/span><\/a><\/td>\n<\/tr>\n<\/tbody>\n<\/table>\n<p>&nbsp;<\/p>\n<p><span style=\"color: #000000\"><strong>CURSO 1 :<\/strong><\/span> <strong><span style=\"color: #0000ff\"><a style=\"color: #0000ff\" href=\"https:\/\/fcnf.unsa.edu.pe\/matematica\/wp-content\/uploads\/sites\/3\/2022\/11\/Control-Theory-V2.pdf\">INTRODUCCI\u00d3N A LA TEOR\u00cdA DE CONTROL<\/a><\/span><\/strong><\/p>\n<p><strong><span style=\"color: #000000\">CURSO 3 :<\/span> <span style=\"color: #0000ff\"><a style=\"color: #0000ff\" href=\"https:\/\/fcnf.unsa.edu.pe\/matematica\/wp-content\/uploads\/sites\/3\/2022\/11\/2022_Conversatorio_Investigacion.pdf\"> CONVERSATORIO SOBRE POSIBILIDADES DE INVESTIGACI\u00d3N<\/a><\/span><\/strong><\/p>\n<p><span style=\"color: #0000ff\"><strong><a style=\"color: #0000ff\" href=\"https:\/\/fcnf.unsa.edu.pe\/matematica\/wp-content\/uploads\/sites\/3\/2022\/11\/2022_MetodoMinimosCuadradosYSuPotencial_UNSA.pdf\">MINICURSO 3: EL M\u00c9TODO DE LOS M\u00cdNIMOS CUADRADOS Y SU POTENCIAL COMO INDICADORES DE ERROR EN HP-ADAPTABILIDAD<\/a><\/strong><\/span><\/p>\n<p><span style=\"color: #0000ff\"><strong><a style=\"color: #0000ff\" href=\"https:\/\/fcnf.unsa.edu.pe\/matematica\/wp-content\/uploads\/sites\/3\/2022\/11\/2022_MetodoMinimosCuadradosYSuPotencial_UNSA_2.pdf\"> MINICURSO 3: EL M\u00c9TODO DE LOS M\u00cdNIMOS CUADRADOS Y SU POTENCIAL COMO INDICADORES DE ERROR EN HP-ADAPTABILIDAD (2)<\/a><\/strong><\/span><\/p>\n<p><span style=\"color: #000000\"><strong>CONFERENCIA 1 :<\/strong><\/span> <strong><a href=\"https:\/\/fcnf.unsa.edu.pe\/matematica\/wp-content\/uploads\/sites\/3\/2022\/11\/OperacoesUnitarias_SimuladorNumerico_UNSA.pdf\"><span style=\"color: #0000ff\">OPERACIONES UNITARIAS-SIMULADOR NUM\u00c9RICO<\/span><\/a><\/strong><\/p>\n<p><span style=\"color: #000000\"><b style=\"color: #000000\"><span style=\"color: #000000\">CONFERENCIA 2 :<\/span> <span style=\"color: #0000ff\"><a style=\"color: #0000ff\" href=\"https:\/\/fcnf.unsa.edu.pe\/matematica\/wp-content\/uploads\/sites\/3\/2022\/11\/Slides-SIM2022.pdf\">FORMULACI\u00d3N DE ELEMENTOS FINITOS PARA LA ECUACI\u00d3N DE DARCY<\/a><\/span><\/b><b><\/b><\/span><\/p>\n<p><span style=\"color: #000000\"><b>CONFERENCIA 3 : <\/b><\/span><span style=\"color: #0000ff\"><strong><a style=\"color: #0000ff\" href=\"https:\/\/fcnf.unsa.edu.pe\/matematica\/wp-content\/uploads\/sites\/3\/2022\/11\/1.-Arequipa-1.pdf\">UNA INVITACI\u00d3N A LA TEOR\u00cdA\u00a0GEOM\u00c9TRICA DE NUDOS<\/a><\/strong><\/span><\/p>\n<p><span style=\"color: #000000\"><strong>CONFERENCIA 4 :\u00a0<span style=\"color: #0000ff\"><a style=\"color: #0000ff\" href=\"https:\/\/fcnf.unsa.edu.pe\/matematica\/wp-content\/uploads\/sites\/3\/2022\/11\/ApresentacaoArequipa-1.pdf\">CONTROLLABILITY AND CONTROL SETS OF LINEAR CONTROL SYSTEM<\/a><\/span><\/strong><\/span><\/p>\n<p><strong><span style=\"color: #000000\">CONFERENCIA 5 :<\/span> <span style=\"color: #0000ff\"><a style=\"color: #0000ff\" href=\"https:\/\/fcnf.unsa.edu.pe\/matematica\/wp-content\/uploads\/sites\/3\/2022\/11\/Palestras__-7_compressed-1.pdf\">EXTENS\u00d5ES JACOBIANAS DE UM IDEAL E O S\u00cdMBOLO DE BOARDMAN<\/a><\/span><\/strong><\/p>\n<p><b style=\"color: #000000\">CONFERENCIA 6 : <span style=\"color: #0000ff\"><a style=\"color: #0000ff\" href=\"https:\/\/fcnf.unsa.edu.pe\/matematica\/wp-content\/uploads\/sites\/3\/2022\/11\/Expo-Seminario-Internacional-UNSA.pdf\">\u00a0APLICACI\u00d3N DEL PRINCIPIO DEL M\u00c1XIMO DE PONTRYAGIN SOBRE GRUPOS DE DIMENSI\u00d3N<\/a><\/span><\/b><\/p>\n<p><span style=\"color: #000000\"><strong>CONFERENCIA 7 : <span style=\"color: #0000ff\"><a style=\"color: #0000ff\" href=\"https:\/\/fcnf.unsa.edu.pe\/matematica\/wp-content\/uploads\/sites\/3\/2022\/11\/Presentacion-Dra-Begona.pdf\">GLOBAL DYNAMICS FOR PLANAR VECTOR FIELDS WITH A STAR NODE AND HOMOGENEOUS NONLINEARITIES<\/a><\/span><\/strong><\/span><\/p>\n<p><strong><span style=\"color: #000000\">CONFERENCIA 8 :<\/span> <span style=\"color: #0000ff\"><a style=\"color: #0000ff\" href=\"https:\/\/fcnf.unsa.edu.pe\/matematica\/wp-content\/uploads\/sites\/3\/2022\/11\/seminario-internacional-2022.pdf\">CONCENTRACI\u00d3N DE MASA PARA UN MODELO DE QUIMIOTAXIS CON DOS ESPECIES<\/a><\/span><\/strong><\/p>\n<p><span style=\"color: #000000\"><strong>CONFERENCIA 9 :<\/strong><\/span> <strong><span style=\"color: #0000ff\"><a style=\"color: #0000ff\" href=\"https:\/\/fcnf.unsa.edu.pe\/matematica\/wp-content\/uploads\/sites\/3\/2022\/11\/Ponencia-UCSP25.pdf\">MODELS OF SURVIVAL ANALYSIS EMPLOYED IN THE PREDICTION OF UNIVERSITY DROPOUT<\/a><\/span><\/strong><\/p>\n<p><span style=\"color: #0000ff\"><strong><a style=\"color: #0000ff\" href=\"https:\/\/fcnf.unsa.edu.pe\/matematica\/wp-content\/uploads\/sites\/3\/2022\/11\/Slides_UNSA.pdf\">\u00a0 \u00a0 \u00a0 \u00a0 \u00a0 \u00a0 \u00a0 \u00a0 \u00a0 \u00a0 \u00a0 \u00a0 \u00a0 \u00a0 \u00a0 \u00a0 \u00a0 \u00a0 \u00a0 UNA INTRODUCCI\u00d3N A LOS SISTEMAS LINEALES CON SALTOS MARKOVIANOS<\/a><\/strong><\/span><\/p>\n<p><strong><span style=\"color: #000000\">CONFERENCIA 11 :<\/span> <span style=\"color: #0000ff\"><a style=\"color: #0000ff\" href=\"https:\/\/fcnf.unsa.edu.pe\/matematica\/wp-content\/uploads\/sites\/3\/2022\/11\/2022_11_10_UNSA_SIM.pdf\">GEOD\u00c9SICAS COMPLEJAS NO ESPACIO HIPERB\u00d3LICO COMPLEJO<\/a><\/span><\/strong><\/p>\n<p><span style=\"color: #000000\"><strong>CONFERENCIA 13 :<\/strong><\/span> <strong><span style=\"color: #0000ff\"><a style=\"color: #0000ff\" href=\"https:\/\/fcnf.unsa.edu.pe\/matematica\/wp-content\/uploads\/sites\/3\/2022\/11\/Semin_rio_UNSA_2022-3.pdf\">ACCIONES PARCIALES DE GRUPOS EN \u00c1LGEBRAS NO ASOCIATIVAS<\/a><\/span><\/strong><\/p>\n<p>&nbsp;<\/p>\n<p>&nbsp;<\/p>\n","protected":false},"excerpt":{"rendered":"<p>&nbsp; INICIO\u00a0 \u00a0 PROGRAMA\u00a0 CURSOS Y CONFERENCIAS\u00a0 MATERIAL\u00a0 \u00a0 \u00a0 VACANTES E INSCRIPCIONES &nbsp; CURSO 1 : INTRODUCCI\u00d3N A LA TEOR\u00cdA DE CONTROL CURSO 3 : CONVERSATORIO SOBRE POSIBILIDADES DE INVESTIGACI\u00d3N MINICURSO 3: EL M\u00c9TODO DE LOS M\u00cdNIMOS CUADRADOS Y SU POTENCIAL COMO INDICADORES DE ERROR EN HP-ADAPTABILIDAD MINICURSO 3: EL M\u00c9TODO DE LOS M\u00cdNIMOS [&hellip;]<\/p>\n","protected":false},"author":2,"featured_media":0,"parent":0,"menu_order":0,"comment_status":"closed","ping_status":"closed","template":"","meta":{"_acf_changed":false,"footnotes":""},"class_list":["post-2452","page","type-page","status-publish","hentry"],"acf":[],"_links":{"self":[{"href":"https:\/\/fcnf.unsa.edu.pe\/matematica\/wp-json\/wp\/v2\/pages\/2452","targetHints":{"allow":["GET"]}}],"collection":[{"href":"https:\/\/fcnf.unsa.edu.pe\/matematica\/wp-json\/wp\/v2\/pages"}],"about":[{"href":"https:\/\/fcnf.unsa.edu.pe\/matematica\/wp-json\/wp\/v2\/types\/page"}],"author":[{"embeddable":true,"href":"https:\/\/fcnf.unsa.edu.pe\/matematica\/wp-json\/wp\/v2\/users\/2"}],"replies":[{"embeddable":true,"href":"https:\/\/fcnf.unsa.edu.pe\/matematica\/wp-json\/wp\/v2\/comments?post=2452"}],"version-history":[{"count":12,"href":"https:\/\/fcnf.unsa.edu.pe\/matematica\/wp-json\/wp\/v2\/pages\/2452\/revisions"}],"predecessor-version":[{"id":2461,"href":"https:\/\/fcnf.unsa.edu.pe\/matematica\/wp-json\/wp\/v2\/pages\/2452\/revisions\/2461"}],"wp:attachment":[{"href":"https:\/\/fcnf.unsa.edu.pe\/matematica\/wp-json\/wp\/v2\/media?parent=2452"}],"curies":[{"name":"wp","href":"https:\/\/api.w.org\/{rel}","templated":true}]}}