{"id":1645,"date":"2019-11-05T10:49:54","date_gmt":"2019-11-05T15:49:54","guid":{"rendered":"https:\/\/fcnf.unsa.edu.pe\/matematica\/?page_id=1645"},"modified":"2021-09-16T11:00:34","modified_gmt":"2021-09-16T16:00:34","slug":"perfil-del-ingreso","status":"publish","type":"page","link":"https:\/\/fcnf.unsa.edu.pe\/matematica\/perfil-del-ingreso\/","title":{"rendered":"Perfil de Ingreso"},"content":{"rendered":"<p>El aspirante a ingresar a la Escuela Profesional de\u00a0 Matem\u00e1ticas debe contar con competencias espec\u00edficas al \u00e1rea, que son:<\/p>\n<ul>\n<li>Gusto y talento para las matem\u00e1ticas.Dominio de las matem\u00e1ticas b\u00e1sicas del nivel secundario: Aritm\u00e9tica, Algebra, Geometr\u00eda, Trigonometr\u00eda y Geometr\u00eda anal\u00edtica.<\/li>\n<li>Comprensi\u00f3n lectora y l\u00f3gica.<\/li>\n<li>Conocimiento b\u00e1sico del idioma ingl\u00e9s.<\/li>\n<li>Aptitud para el uso de las tecnolog\u00edas de la informaci\u00f3n y comunicaci\u00f3n.<\/li>\n<li>Disposici\u00f3n para el trabajo en equipo respetando la opini\u00f3n de los dem\u00e1s para el logro de resultados comunes.<\/li>\n<\/ul>\n","protected":false},"excerpt":{"rendered":"<p>El aspirante a ingresar a la Escuela Profesional de\u00a0 Matem\u00e1ticas debe contar con competencias espec\u00edficas al \u00e1rea, que son: Gusto y talento para las matem\u00e1ticas.Dominio de las matem\u00e1ticas b\u00e1sicas del nivel secundario: Aritm\u00e9tica, Algebra, Geometr\u00eda, Trigonometr\u00eda y Geometr\u00eda anal\u00edtica. Comprensi\u00f3n lectora y l\u00f3gica. Conocimiento b\u00e1sico del idioma ingl\u00e9s. Aptitud para el uso de las tecnolog\u00edas [&hellip;]<\/p>\n","protected":false},"author":2,"featured_media":1222,"parent":0,"menu_order":0,"comment_status":"closed","ping_status":"closed","template":"","meta":{"_acf_changed":false,"footnotes":""},"class_list":["post-1645","page","type-page","status-publish","has-post-thumbnail","hentry"],"acf":[],"_links":{"self":[{"href":"https:\/\/fcnf.unsa.edu.pe\/matematica\/wp-json\/wp\/v2\/pages\/1645","targetHints":{"allow":["GET"]}}],"collection":[{"href":"https:\/\/fcnf.unsa.edu.pe\/matematica\/wp-json\/wp\/v2\/pages"}],"about":[{"href":"https:\/\/fcnf.unsa.edu.pe\/matematica\/wp-json\/wp\/v2\/types\/page"}],"author":[{"embeddable":true,"href":"https:\/\/fcnf.unsa.edu.pe\/matematica\/wp-json\/wp\/v2\/users\/2"}],"replies":[{"embeddable":true,"href":"https:\/\/fcnf.unsa.edu.pe\/matematica\/wp-json\/wp\/v2\/comments?post=1645"}],"version-history":[{"count":14,"href":"https:\/\/fcnf.unsa.edu.pe\/matematica\/wp-json\/wp\/v2\/pages\/1645\/revisions"}],"predecessor-version":[{"id":2051,"href":"https:\/\/fcnf.unsa.edu.pe\/matematica\/wp-json\/wp\/v2\/pages\/1645\/revisions\/2051"}],"wp:featuredmedia":[{"embeddable":true,"href":"https:\/\/fcnf.unsa.edu.pe\/matematica\/wp-json\/wp\/v2\/media\/1222"}],"wp:attachment":[{"href":"https:\/\/fcnf.unsa.edu.pe\/matematica\/wp-json\/wp\/v2\/media?parent=1645"}],"curies":[{"name":"wp","href":"https:\/\/api.w.org\/{rel}","templated":true}]}}