{"id":1125,"date":"2017-07-31T19:22:15","date_gmt":"2017-07-31T19:22:15","guid":{"rendered":"http:\/\/www2.unsa.edu.pe\/escuelas\/matematicas\/?page_id=1125"},"modified":"2022-11-28T09:16:52","modified_gmt":"2022-11-28T14:16:52","slug":"objetivos-academicos","status":"publish","type":"page","link":"https:\/\/fcnf.unsa.edu.pe\/matematica\/objetivos-academicos\/","title":{"rendered":"Objetivos Educacionales"},"content":{"rendered":"<ol>\n<li style=\"text-align: justify\">Lideran y gestionan proyectos de investigaci\u00f3n en matem\u00e1tica y\/o multidisciplinarios que involucran Matem\u00e1tica o Estad\u00edstica.<\/li>\n<li style=\"text-align: justify\">Eval\u00faan soluciones y aplican herramientas tecnol\u00f3gicas, con visi\u00f3n global y estrat\u00e9gica para resolver problemas relacionados con la ense\u00f1anza \u2013 aprendizaje de la matem\u00e1tica en el nivel superior.<\/li>\n<li style=\"text-align: justify\">Fortalecen permanentemente las competencias para la investigaci\u00f3n e innovaci\u00f3n de forma cr\u00edtica y reflexiva comprometido con su desarrollo profesional.<\/li>\n<li style=\"text-align: justify\">Aportan soluciones para problemas de la industria y \u00e1reas afines dise\u00f1ando o mejorando modelos matem\u00e1ticos y simulaciones computacionales.<\/li>\n<li style=\"text-align: justify\">Contribuyen en la actualizaci\u00f3n del conocimiento de las Matem\u00e1ticas, de su ense\u00f1anza y aprendizaje en la docencia a nivel superior.<\/li>\n<\/ol>\n","protected":false},"excerpt":{"rendered":"<p>Lideran y gestionan proyectos de investigaci\u00f3n en matem\u00e1tica y\/o multidisciplinarios que involucran Matem\u00e1tica o Estad\u00edstica. Eval\u00faan soluciones y aplican herramientas tecnol\u00f3gicas, con visi\u00f3n global y estrat\u00e9gica para resolver problemas relacionados con la ense\u00f1anza \u2013 aprendizaje de la matem\u00e1tica en el nivel superior. Fortalecen permanentemente las competencias para la investigaci\u00f3n e innovaci\u00f3n de forma cr\u00edtica y [&hellip;]<\/p>\n","protected":false},"author":1,"featured_media":2513,"parent":0,"menu_order":0,"comment_status":"closed","ping_status":"closed","template":"","meta":{"_acf_changed":false,"footnotes":""},"class_list":["post-1125","page","type-page","status-publish","has-post-thumbnail","hentry"],"acf":[],"_links":{"self":[{"href":"https:\/\/fcnf.unsa.edu.pe\/matematica\/wp-json\/wp\/v2\/pages\/1125","targetHints":{"allow":["GET"]}}],"collection":[{"href":"https:\/\/fcnf.unsa.edu.pe\/matematica\/wp-json\/wp\/v2\/pages"}],"about":[{"href":"https:\/\/fcnf.unsa.edu.pe\/matematica\/wp-json\/wp\/v2\/types\/page"}],"author":[{"embeddable":true,"href":"https:\/\/fcnf.unsa.edu.pe\/matematica\/wp-json\/wp\/v2\/users\/1"}],"replies":[{"embeddable":true,"href":"https:\/\/fcnf.unsa.edu.pe\/matematica\/wp-json\/wp\/v2\/comments?post=1125"}],"version-history":[{"count":9,"href":"https:\/\/fcnf.unsa.edu.pe\/matematica\/wp-json\/wp\/v2\/pages\/1125\/revisions"}],"predecessor-version":[{"id":1400,"href":"https:\/\/fcnf.unsa.edu.pe\/matematica\/wp-json\/wp\/v2\/pages\/1125\/revisions\/1400"}],"wp:featuredmedia":[{"embeddable":true,"href":"https:\/\/fcnf.unsa.edu.pe\/matematica\/wp-json\/wp\/v2\/media\/2513"}],"wp:attachment":[{"href":"https:\/\/fcnf.unsa.edu.pe\/matematica\/wp-json\/wp\/v2\/media?parent=1125"}],"curies":[{"name":"wp","href":"https:\/\/api.w.org\/{rel}","templated":true}]}}