{"id":1122,"date":"2017-07-31T18:49:46","date_gmt":"2017-07-31T18:49:46","guid":{"rendered":"http:\/\/www2.unsa.edu.pe\/escuelas\/matematicas\/?page_id=1122"},"modified":"2023-01-13T08:47:27","modified_gmt":"2023-01-13T13:47:27","slug":"campo-ocupacional","status":"publish","type":"page","link":"https:\/\/fcnf.unsa.edu.pe\/matematica\/campo-ocupacional\/","title":{"rendered":"Campo Ocupacional"},"content":{"rendered":"<p>El profesional en Matem\u00e1ticas est\u00e1 capacitado para laborar en los siguientes \u00e1mbitos:<\/p>\n<ol>\n<li>Como docente en universidades y centros superiores.<\/li>\n<li>Investigador matem\u00e1tico en Instituciones y Centros de Investigaci\u00f3n.<\/li>\n<li>Prestaci\u00f3n de servicios profesionales en el sector estatal o privado como por ejemplo: ministerios, institutos de estad\u00edstica e institutos de experimentaci\u00f3n, banca y seguros; en donde se requieren hacer estudios de comportamiento de poblaciones a trav\u00e9s de inferencias y pron\u00f3sticos.<\/li>\n<li>Asesor\u00eda y consultor\u00eda en instituciones donde sea necesario optimizar recursos a trav\u00e9s de la modelaci\u00f3n matem\u00e1tica del problema.<\/li>\n<li>Participaci\u00f3n con profesionales de otras \u00e1reas como por ejemplo: ingenieros, f\u00edsicos, qu\u00edmicos, bi\u00f3logos, economistas, etc., realizando aportes importantes en proyectos de inversi\u00f3n e investigaci\u00f3n multidisciplinaria en \u00e1reas que involucren matem\u00e1tica de nivel avanzado.<\/li>\n<\/ol>\n","protected":false},"excerpt":{"rendered":"<p>El profesional en Matem\u00e1ticas est\u00e1 capacitado para laborar en los siguientes \u00e1mbitos: Como docente en universidades y centros superiores. Investigador matem\u00e1tico en Instituciones y Centros de Investigaci\u00f3n. Prestaci\u00f3n de servicios profesionales en el sector estatal o privado como por ejemplo: ministerios, institutos de estad\u00edstica e institutos de experimentaci\u00f3n, banca y seguros; en donde se requieren [&hellip;]<\/p>\n","protected":false},"author":1,"featured_media":2551,"parent":0,"menu_order":0,"comment_status":"closed","ping_status":"closed","template":"","meta":{"_acf_changed":false,"footnotes":""},"class_list":["post-1122","page","type-page","status-publish","has-post-thumbnail","hentry"],"acf":[],"_links":{"self":[{"href":"https:\/\/fcnf.unsa.edu.pe\/matematica\/wp-json\/wp\/v2\/pages\/1122","targetHints":{"allow":["GET"]}}],"collection":[{"href":"https:\/\/fcnf.unsa.edu.pe\/matematica\/wp-json\/wp\/v2\/pages"}],"about":[{"href":"https:\/\/fcnf.unsa.edu.pe\/matematica\/wp-json\/wp\/v2\/types\/page"}],"author":[{"embeddable":true,"href":"https:\/\/fcnf.unsa.edu.pe\/matematica\/wp-json\/wp\/v2\/users\/1"}],"replies":[{"embeddable":true,"href":"https:\/\/fcnf.unsa.edu.pe\/matematica\/wp-json\/wp\/v2\/comments?post=1122"}],"version-history":[{"count":4,"href":"https:\/\/fcnf.unsa.edu.pe\/matematica\/wp-json\/wp\/v2\/pages\/1122\/revisions"}],"predecessor-version":[{"id":2552,"href":"https:\/\/fcnf.unsa.edu.pe\/matematica\/wp-json\/wp\/v2\/pages\/1122\/revisions\/2552"}],"wp:featuredmedia":[{"embeddable":true,"href":"https:\/\/fcnf.unsa.edu.pe\/matematica\/wp-json\/wp\/v2\/media\/2551"}],"wp:attachment":[{"href":"https:\/\/fcnf.unsa.edu.pe\/matematica\/wp-json\/wp\/v2\/media?parent=1122"}],"curies":[{"name":"wp","href":"https:\/\/api.w.org\/{rel}","templated":true}]}}