{"id":1120,"date":"2017-07-31T18:48:16","date_gmt":"2017-07-31T18:48:16","guid":{"rendered":"http:\/\/www2.unsa.edu.pe\/escuelas\/matematicas\/?page_id=1120"},"modified":"2017-07-31T18:48:16","modified_gmt":"2017-07-31T18:48:16","slug":"competencias-especificas-y-de-especialidad","status":"publish","type":"page","link":"https:\/\/fcnf.unsa.edu.pe\/matematica\/competencias-especificas-y-de-especialidad\/","title":{"rendered":"Competencias Espec\u00edficas y de Especialidad"},"content":{"rendered":"<ol>\n<li>Utiliza el lenguaje matem\u00e1tico para el an\u00e1lisis e interpretaci\u00f3n de publicaciones cient\u00edficas y t\u00e9cnicas, con sentido cr\u00edtico<\/li>\n<li>Resuelve problemas que involucren la Matem\u00e1tica, para el desarrollo de su pensamiento abstracto con idoneidad<\/li>\n<li>Demuestra teoremas fundamentales de la Matem\u00e1tica, para que sean aplicados eficientemente en la validaci\u00f3n de resultados<\/li>\n<li>Presenta a trav\u00e9s de informes el an\u00e1lisis cualitativo de modelos matem\u00e1ticos para la determinaci\u00f3n de su eficiencia, respetando los criterios establecidos<\/li>\n<li>Aplica software para la soluci\u00f3n num\u00e9rica de modelos matem\u00e1ticos y la simulaci\u00f3n de procesos, apropiadamente y respetando la propiedad intelectual<\/li>\n<li>Traduce algoritmos num\u00e9ricos a un lenguaje de programaci\u00f3n, para el planteamiento y resoluci\u00f3n de problemas<\/li>\n<li>Elabora informes de investigaciones en Matem\u00e1tica bajo la tutor\u00eda de especialistas, para consolidar su formaci\u00f3n profesional, respetando los reglamentos establecidos<\/li>\n<li>Elabora estrategias pedag\u00f3gicas en el proceso de ense\u00f1anza-aprendizaje, para que faciliten la comprensi\u00f3n y soluci\u00f3n de problemas matem\u00e1ticos, siguiendo los modelos educativos establecidos, con valores \u00e9ticos y morales.<\/li>\n<\/ol>\n","protected":false},"excerpt":{"rendered":"<p>Utiliza el lenguaje matem\u00e1tico para el an\u00e1lisis e interpretaci\u00f3n de publicaciones cient\u00edficas y t\u00e9cnicas, con sentido cr\u00edtico Resuelve problemas que involucren la Matem\u00e1tica, para el desarrollo de su pensamiento abstracto con idoneidad Demuestra teoremas fundamentales de la Matem\u00e1tica, para que sean aplicados eficientemente en la validaci\u00f3n de resultados Presenta a trav\u00e9s de informes el an\u00e1lisis [&hellip;]<\/p>\n","protected":false},"author":1,"featured_media":0,"parent":0,"menu_order":0,"comment_status":"closed","ping_status":"closed","template":"","meta":{"_acf_changed":false,"footnotes":""},"class_list":["post-1120","page","type-page","status-publish","hentry"],"acf":[],"_links":{"self":[{"href":"https:\/\/fcnf.unsa.edu.pe\/matematica\/wp-json\/wp\/v2\/pages\/1120","targetHints":{"allow":["GET"]}}],"collection":[{"href":"https:\/\/fcnf.unsa.edu.pe\/matematica\/wp-json\/wp\/v2\/pages"}],"about":[{"href":"https:\/\/fcnf.unsa.edu.pe\/matematica\/wp-json\/wp\/v2\/types\/page"}],"author":[{"embeddable":true,"href":"https:\/\/fcnf.unsa.edu.pe\/matematica\/wp-json\/wp\/v2\/users\/1"}],"replies":[{"embeddable":true,"href":"https:\/\/fcnf.unsa.edu.pe\/matematica\/wp-json\/wp\/v2\/comments?post=1120"}],"version-history":[{"count":0,"href":"https:\/\/fcnf.unsa.edu.pe\/matematica\/wp-json\/wp\/v2\/pages\/1120\/revisions"}],"wp:attachment":[{"href":"https:\/\/fcnf.unsa.edu.pe\/matematica\/wp-json\/wp\/v2\/media?parent=1120"}],"curies":[{"name":"wp","href":"https:\/\/api.w.org\/{rel}","templated":true}]}}