{"id":1118,"date":"2017-07-31T18:47:54","date_gmt":"2017-07-31T18:47:54","guid":{"rendered":"http:\/\/www2.unsa.edu.pe\/escuelas\/matematicas\/?page_id=1118"},"modified":"2017-07-31T18:47:54","modified_gmt":"2017-07-31T18:47:54","slug":"competencias-generales","status":"publish","type":"page","link":"https:\/\/fcnf.unsa.edu.pe\/matematica\/competencias-generales\/","title":{"rendered":"Competencias Generales"},"content":{"rendered":"<ol>\n<li>Formula con eficiencia y responsabilidad estrategias de soluci\u00f3n de problemas matem\u00e1ticos o multidisciplinarios relacionados con la Matem\u00e1tica, para el logro de objetivos comunes<\/li>\n<li>Presenta a trav\u00e9s de informes resultados de proyectos, para la soluci\u00f3n de problemas propios de su formaci\u00f3n profesional, seg\u00fan los reglamentos de la Facultad de Ciencias Naturales y Formales<\/li>\n<li>Imparte los conocimientos adquiridos de Matem\u00e1tica a un p\u00fablico, sea especializado o no especializado, para que lo utilice como herramienta de apoyo en la soluci\u00f3n de problemas inherentes a la sociedad, en forma adecuada y con responsabilidad<\/li>\n<li>Demuestra habilidades y conocimientos necesarios para seguir con solvencia estudios de postgrado<\/li>\n<\/ol>\n<p>&nbsp;<\/p>\n","protected":false},"excerpt":{"rendered":"<p>Formula con eficiencia y responsabilidad estrategias de soluci\u00f3n de problemas matem\u00e1ticos o multidisciplinarios relacionados con la Matem\u00e1tica, para el logro de objetivos comunes Presenta a trav\u00e9s de informes resultados de proyectos, para la soluci\u00f3n de problemas propios de su formaci\u00f3n profesional, seg\u00fan los reglamentos de la Facultad de Ciencias Naturales y Formales Imparte los conocimientos [&hellip;]<\/p>\n","protected":false},"author":1,"featured_media":0,"parent":0,"menu_order":0,"comment_status":"closed","ping_status":"closed","template":"","meta":{"_acf_changed":false,"footnotes":""},"class_list":["post-1118","page","type-page","status-publish","hentry"],"acf":[],"_links":{"self":[{"href":"https:\/\/fcnf.unsa.edu.pe\/matematica\/wp-json\/wp\/v2\/pages\/1118","targetHints":{"allow":["GET"]}}],"collection":[{"href":"https:\/\/fcnf.unsa.edu.pe\/matematica\/wp-json\/wp\/v2\/pages"}],"about":[{"href":"https:\/\/fcnf.unsa.edu.pe\/matematica\/wp-json\/wp\/v2\/types\/page"}],"author":[{"embeddable":true,"href":"https:\/\/fcnf.unsa.edu.pe\/matematica\/wp-json\/wp\/v2\/users\/1"}],"replies":[{"embeddable":true,"href":"https:\/\/fcnf.unsa.edu.pe\/matematica\/wp-json\/wp\/v2\/comments?post=1118"}],"version-history":[{"count":0,"href":"https:\/\/fcnf.unsa.edu.pe\/matematica\/wp-json\/wp\/v2\/pages\/1118\/revisions"}],"wp:attachment":[{"href":"https:\/\/fcnf.unsa.edu.pe\/matematica\/wp-json\/wp\/v2\/media?parent=1118"}],"curies":[{"name":"wp","href":"https:\/\/api.w.org\/{rel}","templated":true}]}}