{"id":1116,"date":"2017-07-31T18:47:15","date_gmt":"2017-07-31T18:47:15","guid":{"rendered":"http:\/\/www2.unsa.edu.pe\/escuelas\/matematicas\/?page_id=1116"},"modified":"2021-08-03T09:50:12","modified_gmt":"2021-08-03T14:50:12","slug":"perfil-del-egresado","status":"publish","type":"page","link":"https:\/\/fcnf.unsa.edu.pe\/matematica\/perfil-del-egresado\/","title":{"rendered":"Perfil del Egresado"},"content":{"rendered":"<p><span lang=\"ES\">El Licenciado en Matem\u00e1tica de la Universidad Nacional de San Agust\u00edn de Arequipa es un profesional competente y emprendedor que:<\/span><\/p>\n<table border=\"1\">\n<ul>\n<li class=\"m_744305349147043388gmail-Default\" style=\"text-align: justify\"><span lang=\"ES\">Plantea<\/span><span lang=\"ES\">\u00a0estrategias para la soluci\u00f3n de los diversos problemas reales que se presentan en la ciudad regi\u00f3n o pa\u00eds, que requieran el empleo de procesos matem\u00e1ticos, utilizando los conocimientos y herramientas proporcionadas durante su formaci\u00f3n profesional, en correspondencia con la necesidad socio-econ\u00f3mica a trav\u00e9s de la investigaci\u00f3n, innovaci\u00f3n y difusi\u00f3n de la matem\u00e1tica.<b><\/b><\/span><b><span lang=\"ES\">\u00a0<\/span><\/b><\/li>\n<li class=\"m_744305349147043388gmail-Default\" style=\"text-align: justify\"><span lang=\"ES\">Resuelve problemas en diversas \u00e1reas de la matem\u00e1tica para que consolide su formaci\u00f3n profesional, contribuyendo adecuadamente a su transformaci\u00f3n personal y social.<\/span><\/li>\n<li class=\"m_744305349147043388gmail-Default\" style=\"text-align: justify\"><span lang=\"ES\">Aporta en la soluci\u00f3n de problemas de la sociedad para su crecimiento y desarrollo, priorizando la preservaci\u00f3n del medio ambiente\u00a0\u00a0practicando siempre la honestidad, la solidaridad,\u00a0buscando la verdad as\u00ed como la justicia.<\/span><\/li>\n<\/ul>\n<\/table>\n","protected":false},"excerpt":{"rendered":"<p>El Licenciado en Matem\u00e1tica de la Universidad Nacional de San Agust\u00edn de Arequipa es un profesional competente y emprendedor que: Plantea\u00a0estrategias para la soluci\u00f3n de los diversos problemas reales que se presentan en la ciudad regi\u00f3n o pa\u00eds, que requieran el empleo de procesos matem\u00e1ticos, utilizando los conocimientos y herramientas proporcionadas durante su formaci\u00f3n profesional, [&hellip;]<\/p>\n","protected":false},"author":1,"featured_media":0,"parent":0,"menu_order":0,"comment_status":"closed","ping_status":"closed","template":"","meta":{"_acf_changed":false,"footnotes":""},"class_list":["post-1116","page","type-page","status-publish","hentry"],"acf":[],"_links":{"self":[{"href":"https:\/\/fcnf.unsa.edu.pe\/matematica\/wp-json\/wp\/v2\/pages\/1116","targetHints":{"allow":["GET"]}}],"collection":[{"href":"https:\/\/fcnf.unsa.edu.pe\/matematica\/wp-json\/wp\/v2\/pages"}],"about":[{"href":"https:\/\/fcnf.unsa.edu.pe\/matematica\/wp-json\/wp\/v2\/types\/page"}],"author":[{"embeddable":true,"href":"https:\/\/fcnf.unsa.edu.pe\/matematica\/wp-json\/wp\/v2\/users\/1"}],"replies":[{"embeddable":true,"href":"https:\/\/fcnf.unsa.edu.pe\/matematica\/wp-json\/wp\/v2\/comments?post=1116"}],"version-history":[{"count":7,"href":"https:\/\/fcnf.unsa.edu.pe\/matematica\/wp-json\/wp\/v2\/pages\/1116\/revisions"}],"predecessor-version":[{"id":1881,"href":"https:\/\/fcnf.unsa.edu.pe\/matematica\/wp-json\/wp\/v2\/pages\/1116\/revisions\/1881"}],"wp:attachment":[{"href":"https:\/\/fcnf.unsa.edu.pe\/matematica\/wp-json\/wp\/v2\/media?parent=1116"}],"curies":[{"name":"wp","href":"https:\/\/api.w.org\/{rel}","templated":true}]}}