{"id":1107,"date":"2017-07-31T17:59:14","date_gmt":"2017-07-31T17:59:14","guid":{"rendered":"http:\/\/www2.unsa.edu.pe\/escuelas\/matematicas\/?page_id=1107"},"modified":"2023-01-13T09:25:02","modified_gmt":"2023-01-13T14:25:02","slug":"vision-y-mision","status":"publish","type":"page","link":"https:\/\/fcnf.unsa.edu.pe\/matematica\/vision-y-mision\/","title":{"rendered":"Misi\u00f3n"},"content":{"rendered":"<p>La Escuela Profesional de Matem\u00e1ticas tiene como misi\u00f3n fundamental formar profesionales creativos,\u00a0altamente calificados y con excelencia acad\u00e9mica; capaces de desarrollar investigaci\u00f3n multidisciplinaria acorde con los conocimientos de su formaci\u00f3n, para atender las necesidades de la sociedad y contribuir al crecimiento y desarrollo social, priorizando la preservaci\u00f3n del medio ambiente y practicando siempre la honestidad, solidaridad, b\u00fasqueda de la verdad y justicia.<\/p>\n<p><img loading=\"lazy\" decoding=\"async\" class=\"wp-image-2508 alignleft\" src=\"https:\/\/fcnf.unsa.edu.pe\/matematica\/wp-content\/uploads\/sites\/3\/2022\/11\/wwww.jpg\" alt=\"\" width=\"349\" height=\"426\" srcset=\"https:\/\/fcnf.unsa.edu.pe\/matematica\/wp-content\/uploads\/sites\/3\/2022\/11\/wwww.jpg 1191w, https:\/\/fcnf.unsa.edu.pe\/matematica\/wp-content\/uploads\/sites\/3\/2022\/11\/wwww-768x937.jpg 768w\" sizes=\"auto, (max-width: 349px) 100vw, 349px\" \/><\/p>\n","protected":false},"excerpt":{"rendered":"<p>La Escuela Profesional de Matem\u00e1ticas tiene como misi\u00f3n fundamental formar profesionales creativos,\u00a0altamente calificados y con excelencia acad\u00e9mica; capaces de desarrollar investigaci\u00f3n multidisciplinaria acorde con los conocimientos de su formaci\u00f3n, para atender las necesidades de la sociedad y contribuir al crecimiento y desarrollo social, priorizando la preservaci\u00f3n del medio ambiente y practicando siempre la honestidad, solidaridad, [&hellip;]<\/p>\n","protected":false},"author":1,"featured_media":0,"parent":0,"menu_order":0,"comment_status":"closed","ping_status":"closed","template":"page-blanco.php","meta":{"_acf_changed":false,"footnotes":""},"class_list":["post-1107","page","type-page","status-publish","hentry"],"acf":[],"_links":{"self":[{"href":"https:\/\/fcnf.unsa.edu.pe\/matematica\/wp-json\/wp\/v2\/pages\/1107","targetHints":{"allow":["GET"]}}],"collection":[{"href":"https:\/\/fcnf.unsa.edu.pe\/matematica\/wp-json\/wp\/v2\/pages"}],"about":[{"href":"https:\/\/fcnf.unsa.edu.pe\/matematica\/wp-json\/wp\/v2\/types\/page"}],"author":[{"embeddable":true,"href":"https:\/\/fcnf.unsa.edu.pe\/matematica\/wp-json\/wp\/v2\/users\/1"}],"replies":[{"embeddable":true,"href":"https:\/\/fcnf.unsa.edu.pe\/matematica\/wp-json\/wp\/v2\/comments?post=1107"}],"version-history":[{"count":22,"href":"https:\/\/fcnf.unsa.edu.pe\/matematica\/wp-json\/wp\/v2\/pages\/1107\/revisions"}],"predecessor-version":[{"id":2556,"href":"https:\/\/fcnf.unsa.edu.pe\/matematica\/wp-json\/wp\/v2\/pages\/1107\/revisions\/2556"}],"wp:attachment":[{"href":"https:\/\/fcnf.unsa.edu.pe\/matematica\/wp-json\/wp\/v2\/media?parent=1107"}],"curies":[{"name":"wp","href":"https:\/\/api.w.org\/{rel}","templated":true}]}}