{"id":1102,"date":"2017-07-31T17:53:34","date_gmt":"2017-07-31T17:53:34","guid":{"rendered":"http:\/\/www2.unsa.edu.pe\/escuelas\/matematicas\/?page_id=1102"},"modified":"2023-01-13T08:52:12","modified_gmt":"2023-01-13T13:52:12","slug":"presentacion","status":"publish","type":"page","link":"https:\/\/fcnf.unsa.edu.pe\/matematica\/presentacion\/","title":{"rendered":"Presentaci\u00f3n"},"content":{"rendered":"<p>En las \u00faltimas d\u00e9cadas, la importancia de la Matem\u00e1tica en la esfera general del conocimiento humano ha crecido enormemente, entre otras causas, por la necesidad apremiante de conducir grandes y complejos sistemas de distinta naturaleza. Por ello, viendo tal necesidad de profesionales en el \u00e1rea es que se cre\u00f3 la Escuela Profesional de Matem\u00e1ticas en la Universidad Nacional de San Agust\u00edn de Arequipa, que es una de las pocas en el sur del Per\u00fa.<\/p>\n<p>Actualmente es un organismo de l\u00ednea de la Universidad y pertenece a la Facultad de Ciencias Naturales y Formales.<\/p>\n<p>&nbsp;<\/p>\n","protected":false},"excerpt":{"rendered":"<p>En las \u00faltimas d\u00e9cadas, la importancia de la Matem\u00e1tica en la esfera general del conocimiento humano ha crecido enormemente, entre otras causas, por la necesidad apremiante de conducir grandes y complejos sistemas de distinta naturaleza. Por ello, viendo tal necesidad de profesionales en el \u00e1rea es que se cre\u00f3 la Escuela Profesional de Matem\u00e1ticas en [&hellip;]<\/p>\n","protected":false},"author":1,"featured_media":2554,"parent":0,"menu_order":0,"comment_status":"closed","ping_status":"closed","template":"page-imagen.php","meta":{"_acf_changed":false,"footnotes":""},"class_list":["post-1102","page","type-page","status-publish","has-post-thumbnail","hentry"],"acf":[],"_links":{"self":[{"href":"https:\/\/fcnf.unsa.edu.pe\/matematica\/wp-json\/wp\/v2\/pages\/1102","targetHints":{"allow":["GET"]}}],"collection":[{"href":"https:\/\/fcnf.unsa.edu.pe\/matematica\/wp-json\/wp\/v2\/pages"}],"about":[{"href":"https:\/\/fcnf.unsa.edu.pe\/matematica\/wp-json\/wp\/v2\/types\/page"}],"author":[{"embeddable":true,"href":"https:\/\/fcnf.unsa.edu.pe\/matematica\/wp-json\/wp\/v2\/users\/1"}],"replies":[{"embeddable":true,"href":"https:\/\/fcnf.unsa.edu.pe\/matematica\/wp-json\/wp\/v2\/comments?post=1102"}],"version-history":[{"count":4,"href":"https:\/\/fcnf.unsa.edu.pe\/matematica\/wp-json\/wp\/v2\/pages\/1102\/revisions"}],"predecessor-version":[{"id":2555,"href":"https:\/\/fcnf.unsa.edu.pe\/matematica\/wp-json\/wp\/v2\/pages\/1102\/revisions\/2555"}],"wp:featuredmedia":[{"embeddable":true,"href":"https:\/\/fcnf.unsa.edu.pe\/matematica\/wp-json\/wp\/v2\/media\/2554"}],"wp:attachment":[{"href":"https:\/\/fcnf.unsa.edu.pe\/matematica\/wp-json\/wp\/v2\/media?parent=1102"}],"curies":[{"name":"wp","href":"https:\/\/api.w.org\/{rel}","templated":true}]}}