{"id":5316,"date":"2023-10-18T07:47:53","date_gmt":"2023-10-18T12:47:53","guid":{"rendered":"https:\/\/fcnf.unsa.edu.pe\/fisica\/?page_id=5316"},"modified":"2024-08-14T11:46:37","modified_gmt":"2024-08-14T16:46:37","slug":"proyectos-de-investigacion-6","status":"publish","type":"page","link":"https:\/\/fcnf.unsa.edu.pe\/fisica\/proyectos-de-investigacion-6\/","title":{"rendered":"Proyectos de Investigaci\u00f3n"},"content":{"rendered":"<ul>\n<li>Detecci\u00f3n de rayos c\u00f3smicos, rayos gamma y neutrinos en Arequipa. (Proyecto con fondos en ejecuci\u00f3n)<\/li>\n<li>Influencia de acoplamientos no m\u00ednimos en los modos quasi normales de un agujero negro bajo diferentes escenarios cosmol\u00f3gicos.<\/li>\n<li>Determinaci\u00f3n de los modos cuasinormales de la perturbaci\u00f3n escalar y espinorial en agujeros negros BTZ mediante el m\u00e9todo de integraci\u00f3n num\u00e9rica<\/li>\n<li>Extensi\u00f3n Cu\u00e1ntica de la Descomposici\u00f3n de la Informaci\u00f3n Mutua en la Teor\u00eda Informacional de la Individualidad y Aplicaci\u00f3n en la Caracterizaci\u00f3n de un Circuito de Vida Artificial Cu\u00e1ntica.<\/li>\n<\/ul>\n<table class=\"table table-striped\" width=\"760\">\n<tbody>\n<tr>\n<td width=\"259\"><b>T\u00cdTULO<\/b><\/td>\n<td width=\"501\"><b>Detecci\u00f3n de rayos c\u00f3smicos, rayos gamma y neutrinos en Arequipa<\/b><\/td>\n<\/tr>\n<tr>\n<td width=\"259\"><b>INVESTIGADORES<\/b><\/td>\n<td width=\"501\">Principal: Msc. Rolando Moises Perca\u00a0 Gonzales<\/p>\n<p>Investigador Externo: Dr. Jose Alfredo Bellido C\u00e1ceres<\/p>\n<p>Co-investigador: Sc. Ronald Marco Pastor Rodriguez<\/p>\n<p>Co-investigador: Sc. Rossana Georgina Ju\u00e1rez Montiel<\/p>\n<p>Co-investigador: Sc. Edwin Agapito Llamoca Requena<\/p>\n<p>&nbsp;<\/p>\n<p><strong>Investigadores Junior:<\/strong><\/p>\n<p>Apaza Ortiz, Hector Bryan<\/p>\n<p>Quispe Mamani, Sonia Diana<\/p>\n<p>Zeballos Rodr\u00edguez Fabricio Sergio<\/p>\n<p>Apaza Ortiz Sergio Hector Bryan<\/p>\n<p>Quispe Calloapaza, David Saul<\/p>\n<p>Gutierrez Vilca Brian Jhon<\/p>\n<p>Lopez Trujillo, Kermin Arnol<\/td>\n<\/tr>\n<tr>\n<td width=\"259\"><b>FECHA DE INICIO<\/b><\/td>\n<td width=\"501\">11 de Mayo 2020<\/td>\n<\/tr>\n<tr>\n<td width=\"259\"><b>FECHA DE FINALIZACI\u00d3N<\/b><\/td>\n<td width=\"501\">11 de Mayo 2025<\/td>\n<\/tr>\n<tr>\n<td width=\"259\"><b>MONTO<\/b><\/td>\n<td width=\"501\">250 000 soles<\/td>\n<\/tr>\n<tr>\n<td width=\"259\"><b>ENTREGABLES<\/b><\/td>\n<td width=\"501\">3 art\u00edculos publicados<\/td>\n<\/tr>\n<\/tbody>\n<\/table>\n","protected":false},"excerpt":{"rendered":"<p>Detecci\u00f3n de rayos c\u00f3smicos, rayos gamma y neutrinos en Arequipa. (Proyecto con fondos en ejecuci\u00f3n) Influencia de acoplamientos no m\u00ednimos en los modos quasi normales de un agujero negro bajo diferentes escenarios cosmol\u00f3gicos. Determinaci\u00f3n de los modos cuasinormales de la perturbaci\u00f3n escalar y espinorial en agujeros negros BTZ mediante el m\u00e9todo de integraci\u00f3n num\u00e9rica Extensi\u00f3n [&hellip;]<\/p>\n","protected":false},"author":3,"featured_media":0,"parent":0,"menu_order":0,"comment_status":"closed","ping_status":"closed","template":"","meta":{"_acf_changed":false,"footnotes":""},"class_list":["post-5316","page","type-page","status-publish","hentry"],"acf":[],"_links":{"self":[{"href":"https:\/\/fcnf.unsa.edu.pe\/fisica\/wp-json\/wp\/v2\/pages\/5316","targetHints":{"allow":["GET"]}}],"collection":[{"href":"https:\/\/fcnf.unsa.edu.pe\/fisica\/wp-json\/wp\/v2\/pages"}],"about":[{"href":"https:\/\/fcnf.unsa.edu.pe\/fisica\/wp-json\/wp\/v2\/types\/page"}],"author":[{"embeddable":true,"href":"https:\/\/fcnf.unsa.edu.pe\/fisica\/wp-json\/wp\/v2\/users\/3"}],"replies":[{"embeddable":true,"href":"https:\/\/fcnf.unsa.edu.pe\/fisica\/wp-json\/wp\/v2\/comments?post=5316"}],"version-history":[{"count":8,"href":"https:\/\/fcnf.unsa.edu.pe\/fisica\/wp-json\/wp\/v2\/pages\/5316\/revisions"}],"predecessor-version":[{"id":5729,"href":"https:\/\/fcnf.unsa.edu.pe\/fisica\/wp-json\/wp\/v2\/pages\/5316\/revisions\/5729"}],"wp:attachment":[{"href":"https:\/\/fcnf.unsa.edu.pe\/fisica\/wp-json\/wp\/v2\/media?parent=5316"}],"curies":[{"name":"wp","href":"https:\/\/api.w.org\/{rel}","templated":true}]}}