{"id":4992,"date":"2023-09-11T10:33:40","date_gmt":"2023-09-11T15:33:40","guid":{"rendered":"https:\/\/fcnf.unsa.edu.pe\/fisica\/?page_id=4992"},"modified":"2023-09-11T11:09:56","modified_gmt":"2023-09-11T16:09:56","slug":"reglamentos-2","status":"publish","type":"page","link":"https:\/\/fcnf.unsa.edu.pe\/fisica\/reglamentos-2\/","title":{"rendered":"Reglamentos"},"content":{"rendered":"<table class=\"table table-striped\" style=\"height: 132px\" width=\"935\">\n<tbody>\n<tr>\n<td width=\"671\"><span style=\"color: #000080\">1. REGLAMENTO ANTIPLAGIO DE LA UNIVERSIDAD NACIONAL DE SAN AGUST\u00cdN DE AREQUIPA.\u00a0 <a href=\"https:\/\/fcnf.unsa.edu.pe\/fisica\/wp-content\/uploads\/sites\/2\/2023\/09\/1.-Reglamento-antiplagio-de-la-Universidad-Nacional-de-San-Agustin-de-Arequipa.pdf\"><img loading=\"lazy\" decoding=\"async\" class=\"alignnone wp-image-4997 \" src=\"https:\/\/fcnf.unsa.edu.pe\/fisica\/wp-content\/uploads\/sites\/2\/2023\/09\/5672239.png\" alt=\"\" width=\"63\" height=\"63\" \/><\/a><\/span><\/td>\n<\/tr>\n<tr>\n<td><span style=\"color: #000080\">2. REGLAMENTO DEL PROCEDIMIENTO ADMINISTRATIVO DISCIPLINARIO PARA ESTUDIANTES DE LA UNSA.\u00a0 <a href=\"https:\/\/fcnf.unsa.edu.pe\/fisica\/wp-content\/uploads\/sites\/2\/2023\/09\/3.-Reglamento-del-Procedimiento-Administrativo-Disciplinario-para-Estudiantes-de-la-UNSA.pdf\"><img loading=\"lazy\" decoding=\"async\" class=\"alignnone wp-image-4997 \" src=\"https:\/\/fcnf.unsa.edu.pe\/fisica\/wp-content\/uploads\/sites\/2\/2023\/09\/5672239.png\" alt=\"\" width=\"63\" height=\"63\" \/><\/a><\/span><\/td>\n<\/tr>\n<tr>\n<td><span style=\"color: #000080\">3. C\u00d3DIGO DE \u00c9TICA PARA LA INVESTIGACI\u00d3N DE LA UNSA.\u00a0 <a href=\"https:\/\/fcnf.unsa.edu.pe\/fisica\/wp-content\/uploads\/sites\/2\/2023\/09\/7.-Codigo-de-etica-para-la-investigacion-de-la-UNSA.pdf\"><img loading=\"lazy\" decoding=\"async\" class=\"alignnone wp-image-4997 \" src=\"https:\/\/fcnf.unsa.edu.pe\/fisica\/wp-content\/uploads\/sites\/2\/2023\/09\/5672239.png\" alt=\"\" width=\"63\" height=\"63\" \/><\/a><\/span><\/td>\n<\/tr>\n<\/tbody>\n<\/table>\n","protected":false},"excerpt":{"rendered":"<p>1. REGLAMENTO ANTIPLAGIO DE LA UNIVERSIDAD NACIONAL DE SAN AGUST\u00cdN DE AREQUIPA.\u00a0 2. REGLAMENTO DEL PROCEDIMIENTO ADMINISTRATIVO DISCIPLINARIO PARA ESTUDIANTES DE LA UNSA.\u00a0 3. C\u00d3DIGO DE \u00c9TICA PARA LA INVESTIGACI\u00d3N DE LA UNSA.\u00a0<\/p>\n","protected":false},"author":3,"featured_media":0,"parent":0,"menu_order":0,"comment_status":"closed","ping_status":"closed","template":"","meta":{"_acf_changed":false,"footnotes":""},"class_list":["post-4992","page","type-page","status-publish","hentry"],"acf":[],"_links":{"self":[{"href":"https:\/\/fcnf.unsa.edu.pe\/fisica\/wp-json\/wp\/v2\/pages\/4992","targetHints":{"allow":["GET"]}}],"collection":[{"href":"https:\/\/fcnf.unsa.edu.pe\/fisica\/wp-json\/wp\/v2\/pages"}],"about":[{"href":"https:\/\/fcnf.unsa.edu.pe\/fisica\/wp-json\/wp\/v2\/types\/page"}],"author":[{"embeddable":true,"href":"https:\/\/fcnf.unsa.edu.pe\/fisica\/wp-json\/wp\/v2\/users\/3"}],"replies":[{"embeddable":true,"href":"https:\/\/fcnf.unsa.edu.pe\/fisica\/wp-json\/wp\/v2\/comments?post=4992"}],"version-history":[{"count":4,"href":"https:\/\/fcnf.unsa.edu.pe\/fisica\/wp-json\/wp\/v2\/pages\/4992\/revisions"}],"predecessor-version":[{"id":5003,"href":"https:\/\/fcnf.unsa.edu.pe\/fisica\/wp-json\/wp\/v2\/pages\/4992\/revisions\/5003"}],"wp:attachment":[{"href":"https:\/\/fcnf.unsa.edu.pe\/fisica\/wp-json\/wp\/v2\/media?parent=4992"}],"curies":[{"name":"wp","href":"https:\/\/api.w.org\/{rel}","templated":true}]}}