{"id":4961,"date":"2023-09-11T09:21:33","date_gmt":"2023-09-11T14:21:33","guid":{"rendered":"https:\/\/fcnf.unsa.edu.pe\/fisica\/?page_id=4961"},"modified":"2023-09-11T10:03:11","modified_gmt":"2023-09-11T15:03:11","slug":"normativas","status":"publish","type":"page","link":"https:\/\/fcnf.unsa.edu.pe\/fisica\/normativas\/","title":{"rendered":"Normativas"},"content":{"rendered":"<table class=\"table table-striped\" style=\"height: 210px\" width=\"713\">\n<tbody>\n<tr>\n<td width=\"481\"><span style=\"color: #003366\"><a style=\"color: #003366\" href=\"https:\/\/fcnf.unsa.edu.pe\/fisica\/wp-content\/uploads\/sites\/2\/2023\/09\/1.-Norma-de-estructura-de-una-tesis.pdf\">1. NORMA DE ESTRUCTURA DE UNA TESIS <\/a><a href=\"https:\/\/fcnf.unsa.edu.pe\/fisica\/wp-content\/uploads\/sites\/2\/2023\/09\/1.-Norma-de-estructura-de-una-tesis.pdf\"><img loading=\"lazy\" decoding=\"async\" class=\"alignnone wp-image-4982 \" src=\"https:\/\/fcnf.unsa.edu.pe\/fisica\/wp-content\/uploads\/sites\/2\/2023\/09\/2942877-removebg-preview.png\" alt=\"\" width=\"32\" height=\"32\" \/><\/a><\/span><\/td>\n<\/tr>\n<tr>\n<td><a href=\"https:\/\/fcnf.unsa.edu.pe\/fisica\/wp-content\/uploads\/sites\/2\/2023\/09\/2-Norma-del-asesor-de-Tesis.pdf\"><span style=\"color: #003366\">2. NORMA DEL ASESOR DE TESIS <\/span><\/a><a href=\"https:\/\/fcnf.unsa.edu.pe\/fisica\/wp-content\/uploads\/sites\/2\/2023\/09\/2-Norma-del-asesor-de-Tesis.pdf\"><img loading=\"lazy\" decoding=\"async\" class=\"alignnone wp-image-4982 \" src=\"https:\/\/fcnf.unsa.edu.pe\/fisica\/wp-content\/uploads\/sites\/2\/2023\/09\/2942877-removebg-preview.png\" alt=\"\" width=\"32\" height=\"32\" \/><\/a><\/td>\n<\/tr>\n<tr>\n<td><a href=\"https:\/\/fcnf.unsa.edu.pe\/fisica\/wp-content\/uploads\/sites\/2\/2023\/09\/3.-Directivas-internas-para-realizar-practicas-pre-profesionales-del-programa-de-estudios-de-fisica.pdf\"><span style=\"color: #003366\">3. DIRECTIVAS INTERNAS PARA REALIZAR PR\u00c1CTICAS PRE-PROFESIONALES <\/span><\/a><a href=\"https:\/\/fcnf.unsa.edu.pe\/fisica\/wp-content\/uploads\/sites\/2\/2023\/09\/3.-Directivas-internas-para-realizar-practicas-pre-profesionales-del-programa-de-estudios-de-fisica.pdf\"><img loading=\"lazy\" decoding=\"async\" class=\"alignnone wp-image-4982 \" src=\"https:\/\/fcnf.unsa.edu.pe\/fisica\/wp-content\/uploads\/sites\/2\/2023\/09\/2942877-removebg-preview.png\" alt=\"\" width=\"32\" height=\"32\" \/><\/a><\/td>\n<\/tr>\n<tr>\n<td><a href=\"https:\/\/fcnf.unsa.edu.pe\/fisica\/wp-content\/uploads\/sites\/2\/2023\/09\/4.-Guia-de-conformacion-de-Grupos-de-Interes-rev.2-RD-162-2021-FCNF.pdf\"><span style=\"color: #003366\">4. GU\u00cdA DE CONFORMACI\u00d3N DE GRUPOS DE INTER\u00c9S <\/span><\/a><a href=\"https:\/\/fcnf.unsa.edu.pe\/fisica\/wp-content\/uploads\/sites\/2\/2023\/09\/4.-Guia-de-conformacion-de-Grupos-de-Interes-rev.2-RD-162-2021-FCNF.pdf\"><img loading=\"lazy\" decoding=\"async\" class=\"alignnone wp-image-4982 \" src=\"https:\/\/fcnf.unsa.edu.pe\/fisica\/wp-content\/uploads\/sites\/2\/2023\/09\/2942877-removebg-preview.png\" alt=\"\" width=\"32\" height=\"32\" \/><\/a><\/td>\n<\/tr>\n<tr>\n<td><span style=\"color: #003366\">5. <a style=\"color: #003366\" href=\"https:\/\/fcnf.unsa.edu.pe\/fisica\/wp-content\/uploads\/sites\/2\/2023\/09\/5.-Protocolo-para-la-Vigilancia-contra-la-Covid-19-en-los-laboratorios-del-Departamento-Academico-de-Fisica-y-afines.pdf\">PROTOCOLO DE VIGILANCIA CONTRA LAS COVID-19 <\/a><a href=\"https:\/\/fcnf.unsa.edu.pe\/fisica\/wp-content\/uploads\/sites\/2\/2023\/09\/5.-Protocolo-para-la-Vigilancia-contra-la-Covid-19-en-los-laboratorios-del-Departamento-Academico-de-Fisica-y-afines.pdf\"><img loading=\"lazy\" decoding=\"async\" class=\"alignnone wp-image-4982 \" src=\"https:\/\/fcnf.unsa.edu.pe\/fisica\/wp-content\/uploads\/sites\/2\/2023\/09\/2942877-removebg-preview.png\" alt=\"\" width=\"32\" height=\"32\" \/><\/a><\/span><\/td>\n<\/tr>\n<tr>\n<td><a href=\"https:\/\/fcnf.unsa.edu.pe\/fisica\/wp-content\/uploads\/sites\/2\/2023\/09\/6.Medidas-adoptadas-de-bioseguridad.pdf\"><span style=\"color: #003366\">6. MEDIDAS ADOPTADAS DE BIOSEGURIDAD <\/span><\/a><a href=\"https:\/\/fcnf.unsa.edu.pe\/fisica\/wp-content\/uploads\/sites\/2\/2023\/09\/6.Medidas-adoptadas-de-bioseguridad.pdf\"><img loading=\"lazy\" decoding=\"async\" class=\"alignnone wp-image-4982 \" src=\"https:\/\/fcnf.unsa.edu.pe\/fisica\/wp-content\/uploads\/sites\/2\/2023\/09\/2942877-removebg-preview.png\" alt=\"\" width=\"32\" height=\"32\" \/><\/a><\/td>\n<\/tr>\n<\/tbody>\n<\/table>\n","protected":false},"excerpt":{"rendered":"<p>1. NORMA DE ESTRUCTURA DE UNA TESIS 2. NORMA DEL ASESOR DE TESIS 3. DIRECTIVAS INTERNAS PARA REALIZAR PR\u00c1CTICAS PRE-PROFESIONALES 4. GU\u00cdA DE CONFORMACI\u00d3N DE GRUPOS DE INTER\u00c9S 5. PROTOCOLO DE VIGILANCIA CONTRA LAS COVID-19 6. MEDIDAS ADOPTADAS DE BIOSEGURIDAD<\/p>\n","protected":false},"author":3,"featured_media":0,"parent":0,"menu_order":0,"comment_status":"closed","ping_status":"closed","template":"","meta":{"_acf_changed":false,"footnotes":""},"class_list":["post-4961","page","type-page","status-publish","hentry"],"acf":[],"_links":{"self":[{"href":"https:\/\/fcnf.unsa.edu.pe\/fisica\/wp-json\/wp\/v2\/pages\/4961","targetHints":{"allow":["GET"]}}],"collection":[{"href":"https:\/\/fcnf.unsa.edu.pe\/fisica\/wp-json\/wp\/v2\/pages"}],"about":[{"href":"https:\/\/fcnf.unsa.edu.pe\/fisica\/wp-json\/wp\/v2\/types\/page"}],"author":[{"embeddable":true,"href":"https:\/\/fcnf.unsa.edu.pe\/fisica\/wp-json\/wp\/v2\/users\/3"}],"replies":[{"embeddable":true,"href":"https:\/\/fcnf.unsa.edu.pe\/fisica\/wp-json\/wp\/v2\/comments?post=4961"}],"version-history":[{"count":9,"href":"https:\/\/fcnf.unsa.edu.pe\/fisica\/wp-json\/wp\/v2\/pages\/4961\/revisions"}],"predecessor-version":[{"id":4986,"href":"https:\/\/fcnf.unsa.edu.pe\/fisica\/wp-json\/wp\/v2\/pages\/4961\/revisions\/4986"}],"wp:attachment":[{"href":"https:\/\/fcnf.unsa.edu.pe\/fisica\/wp-json\/wp\/v2\/media?parent=4961"}],"curies":[{"name":"wp","href":"https:\/\/api.w.org\/{rel}","templated":true}]}}