{"id":4167,"date":"2023-04-25T12:01:12","date_gmt":"2023-04-25T17:01:12","guid":{"rendered":"https:\/\/fcnf.unsa.edu.pe\/fisica\/?page_id=4167"},"modified":"2023-09-14T09:47:32","modified_gmt":"2023-09-14T14:47:32","slug":"capacitaciones","status":"publish","type":"page","link":"https:\/\/fcnf.unsa.edu.pe\/fisica\/capacitaciones\/","title":{"rendered":"Capacitaciones"},"content":{"rendered":"<p><img loading=\"lazy\" decoding=\"async\" class=\"alignnone wp-image-5025 \" src=\"https:\/\/fcnf.unsa.edu.pe\/fisica\/wp-content\/uploads\/sites\/2\/2023\/09\/WhatsApp-Image-2023-09-13-at-3.38.57-PM-1.jpeg\" alt=\"\" width=\"862\" height=\"388\" srcset=\"https:\/\/fcnf.unsa.edu.pe\/fisica\/wp-content\/uploads\/sites\/2\/2023\/09\/WhatsApp-Image-2023-09-13-at-3.38.57-PM-1.jpeg 1600w, https:\/\/fcnf.unsa.edu.pe\/fisica\/wp-content\/uploads\/sites\/2\/2023\/09\/WhatsApp-Image-2023-09-13-at-3.38.57-PM-1-768x346.jpeg 768w, https:\/\/fcnf.unsa.edu.pe\/fisica\/wp-content\/uploads\/sites\/2\/2023\/09\/WhatsApp-Image-2023-09-13-at-3.38.57-PM-1-1536x691.jpeg 1536w\" sizes=\"auto, (max-width: 862px) 100vw, 862px\" \/><\/p>\n<p><span style=\"color: #000000\"><strong>Capacitaci\u00f3n de parte de la Escuela Profesional de F\u00edsica a los profesores de las Ugeles organizado por el Gobierno Regional de Arequipa<\/strong><\/span><br \/>\nEst\u00e1 capacitaci\u00f3n es 2 horas de teor\u00eda y 2 hrs de laboratorio la cual se realizan los s\u00e1bados<br \/>\nLos laboratorios preparados son:<\/p>\n<ul>\n<li>La ley de Hooke<\/li>\n<li>Energ\u00eda cin\u00e9tica<\/li>\n<li>Fuerza magn\u00e9tica<\/li>\n<li>Movimiento Rectil\u00edneo uniformemente variado<\/li>\n<\/ul>\n<p><img loading=\"lazy\" decoding=\"async\" class=\"alignnone wp-image-5032 \" src=\"https:\/\/fcnf.unsa.edu.pe\/fisica\/wp-content\/uploads\/sites\/2\/2023\/09\/WhatsApp-Image-2023-09-13-at-3.38.57-PM-2.jpeg\" alt=\"\" width=\"792\" height=\"593\" srcset=\"https:\/\/fcnf.unsa.edu.pe\/fisica\/wp-content\/uploads\/sites\/2\/2023\/09\/WhatsApp-Image-2023-09-13-at-3.38.57-PM-2.jpeg 1600w, https:\/\/fcnf.unsa.edu.pe\/fisica\/wp-content\/uploads\/sites\/2\/2023\/09\/WhatsApp-Image-2023-09-13-at-3.38.57-PM-2-88x67.jpeg 88w, https:\/\/fcnf.unsa.edu.pe\/fisica\/wp-content\/uploads\/sites\/2\/2023\/09\/WhatsApp-Image-2023-09-13-at-3.38.57-PM-2-768x576.jpeg 768w, https:\/\/fcnf.unsa.edu.pe\/fisica\/wp-content\/uploads\/sites\/2\/2023\/09\/WhatsApp-Image-2023-09-13-at-3.38.57-PM-2-1536x1151.jpeg 1536w\" sizes=\"auto, (max-width: 792px) 100vw, 792px\" \/><img loading=\"lazy\" decoding=\"async\" class=\"alignnone wp-image-5030 \" src=\"https:\/\/fcnf.unsa.edu.pe\/fisica\/wp-content\/uploads\/sites\/2\/2023\/09\/WhatsApp-Image-2023-09-13-at-3.38.58-PM-1.jpeg\" alt=\"\" width=\"794\" height=\"357\" srcset=\"https:\/\/fcnf.unsa.edu.pe\/fisica\/wp-content\/uploads\/sites\/2\/2023\/09\/WhatsApp-Image-2023-09-13-at-3.38.58-PM-1.jpeg 1600w, https:\/\/fcnf.unsa.edu.pe\/fisica\/wp-content\/uploads\/sites\/2\/2023\/09\/WhatsApp-Image-2023-09-13-at-3.38.58-PM-1-768x346.jpeg 768w, https:\/\/fcnf.unsa.edu.pe\/fisica\/wp-content\/uploads\/sites\/2\/2023\/09\/WhatsApp-Image-2023-09-13-at-3.38.58-PM-1-1536x691.jpeg 1536w\" sizes=\"auto, (max-width: 794px) 100vw, 794px\" \/><img loading=\"lazy\" decoding=\"async\" class=\"alignnone wp-image-5029 \" src=\"https:\/\/fcnf.unsa.edu.pe\/fisica\/wp-content\/uploads\/sites\/2\/2023\/09\/WhatsApp-Image-2023-09-13-at-3.38.58-PM-2.jpeg\" alt=\"\" width=\"795\" height=\"358\" srcset=\"https:\/\/fcnf.unsa.edu.pe\/fisica\/wp-content\/uploads\/sites\/2\/2023\/09\/WhatsApp-Image-2023-09-13-at-3.38.58-PM-2.jpeg 1600w, https:\/\/fcnf.unsa.edu.pe\/fisica\/wp-content\/uploads\/sites\/2\/2023\/09\/WhatsApp-Image-2023-09-13-at-3.38.58-PM-2-768x346.jpeg 768w, https:\/\/fcnf.unsa.edu.pe\/fisica\/wp-content\/uploads\/sites\/2\/2023\/09\/WhatsApp-Image-2023-09-13-at-3.38.58-PM-2-1536x691.jpeg 1536w\" sizes=\"auto, (max-width: 795px) 100vw, 795px\" \/><img loading=\"lazy\" decoding=\"async\" class=\"alignnone wp-image-5028 \" src=\"https:\/\/fcnf.unsa.edu.pe\/fisica\/wp-content\/uploads\/sites\/2\/2023\/09\/WhatsApp-Image-2023-09-13-at-3.38.56-PM.jpeg\" alt=\"\" width=\"792\" height=\"357\" srcset=\"https:\/\/fcnf.unsa.edu.pe\/fisica\/wp-content\/uploads\/sites\/2\/2023\/09\/WhatsApp-Image-2023-09-13-at-3.38.56-PM.jpeg 1600w, https:\/\/fcnf.unsa.edu.pe\/fisica\/wp-content\/uploads\/sites\/2\/2023\/09\/WhatsApp-Image-2023-09-13-at-3.38.56-PM-768x346.jpeg 768w, https:\/\/fcnf.unsa.edu.pe\/fisica\/wp-content\/uploads\/sites\/2\/2023\/09\/WhatsApp-Image-2023-09-13-at-3.38.56-PM-1536x691.jpeg 1536w\" sizes=\"auto, (max-width: 792px) 100vw, 792px\" \/><img loading=\"lazy\" decoding=\"async\" class=\"alignnone wp-image-5027 \" src=\"https:\/\/fcnf.unsa.edu.pe\/fisica\/wp-content\/uploads\/sites\/2\/2023\/09\/WhatsApp-Image-2023-09-13-at-3.38.56-PM-1.jpeg\" alt=\"\" width=\"790\" height=\"356\" srcset=\"https:\/\/fcnf.unsa.edu.pe\/fisica\/wp-content\/uploads\/sites\/2\/2023\/09\/WhatsApp-Image-2023-09-13-at-3.38.56-PM-1.jpeg 1600w, https:\/\/fcnf.unsa.edu.pe\/fisica\/wp-content\/uploads\/sites\/2\/2023\/09\/WhatsApp-Image-2023-09-13-at-3.38.56-PM-1-768x346.jpeg 768w, https:\/\/fcnf.unsa.edu.pe\/fisica\/wp-content\/uploads\/sites\/2\/2023\/09\/WhatsApp-Image-2023-09-13-at-3.38.56-PM-1-1536x691.jpeg 1536w\" sizes=\"auto, (max-width: 790px) 100vw, 790px\" \/><\/p>\n","protected":false},"excerpt":{"rendered":"<p>Capacitaci\u00f3n de parte de la Escuela Profesional de F\u00edsica a los profesores de las Ugeles organizado por el Gobierno Regional de Arequipa Est\u00e1 capacitaci\u00f3n es 2 horas de teor\u00eda y 2 hrs de laboratorio la cual se realizan los s\u00e1bados Los laboratorios preparados son: La ley de Hooke Energ\u00eda cin\u00e9tica Fuerza magn\u00e9tica Movimiento Rectil\u00edneo uniformemente [&hellip;]<\/p>\n","protected":false},"author":3,"featured_media":0,"parent":0,"menu_order":0,"comment_status":"closed","ping_status":"closed","template":"","meta":{"_acf_changed":false,"footnotes":""},"class_list":["post-4167","page","type-page","status-publish","hentry"],"acf":[],"_links":{"self":[{"href":"https:\/\/fcnf.unsa.edu.pe\/fisica\/wp-json\/wp\/v2\/pages\/4167","targetHints":{"allow":["GET"]}}],"collection":[{"href":"https:\/\/fcnf.unsa.edu.pe\/fisica\/wp-json\/wp\/v2\/pages"}],"about":[{"href":"https:\/\/fcnf.unsa.edu.pe\/fisica\/wp-json\/wp\/v2\/types\/page"}],"author":[{"embeddable":true,"href":"https:\/\/fcnf.unsa.edu.pe\/fisica\/wp-json\/wp\/v2\/users\/3"}],"replies":[{"embeddable":true,"href":"https:\/\/fcnf.unsa.edu.pe\/fisica\/wp-json\/wp\/v2\/comments?post=4167"}],"version-history":[{"count":6,"href":"https:\/\/fcnf.unsa.edu.pe\/fisica\/wp-json\/wp\/v2\/pages\/4167\/revisions"}],"predecessor-version":[{"id":5068,"href":"https:\/\/fcnf.unsa.edu.pe\/fisica\/wp-json\/wp\/v2\/pages\/4167\/revisions\/5068"}],"wp:attachment":[{"href":"https:\/\/fcnf.unsa.edu.pe\/fisica\/wp-json\/wp\/v2\/media?parent=4167"}],"curies":[{"name":"wp","href":"https:\/\/api.w.org\/{rel}","templated":true}]}}