{"id":3915,"date":"2023-01-05T14:15:50","date_gmt":"2023-01-05T19:15:50","guid":{"rendered":"https:\/\/fcnf.unsa.edu.pe\/fisica\/?page_id=3915"},"modified":"2023-01-19T11:10:15","modified_gmt":"2023-01-19T16:10:15","slug":"que-investigamos-2","status":"publish","type":"page","link":"https:\/\/fcnf.unsa.edu.pe\/fisica\/que-investigamos-2\/","title":{"rendered":"\u00bfQue Investigamos"},"content":{"rendered":"<p><span style=\"color: #000000\"><strong>\u00bfQUE INVESTIGA?<\/strong><\/span><\/p>\n<p><span style=\"color: #000000\">En este laboratorio, como su nombre lo indica refierese, a toda investigaci\u00f3n aplicada a la salud de ser humano, a su alimentaci\u00f3n al confort y estilo de vida de las personas. Cuando decimos a la salud, investigamos todo referente al tratamiento de patolog\u00edas o enfermedades como el c\u00e1ncer, donde se estudia toda la base conceptual de la f\u00edsica del trasporte de la radiaci\u00f3n y su interacci\u00f3n con los \u00f3rganos y tejidos del cuerpo humano, donde el objetivo primordial es acabar las c\u00e9lulas cancer\u00edgenas con radiaci\u00f3n y mantener en buen estado las c\u00e9lulas sanas para la pronta recuperaci\u00f3n de pacientes que tienen esta enfermedad. <\/span><\/p>\n<p><span style=\"color: #000000\">Otra de las aplicaciones tiene que ver con la Biof\u00edsica, donde se investiga todo concernientes a mol\u00e9culas y macromol\u00e9culas que puedan ayudar a salvar vidas de las personas, estas macromol\u00e9culas pueden ser la prote\u00ednas, f\u00e1rmacos o soluciones a cualquier funci\u00f3n o anti funci\u00f3n de enfermedades o patolog\u00edas que por enfermedad las personas dejan de hacer una vida normal, hasta el caso que pueden causar la muerte. Para esta aplicaci\u00f3n el estudiante debe tener conocimientos de Qu\u00edmica, Biolog\u00eda o alguna aplicaci\u00f3n tecnolog\u00eda, donde la conceptualizaci\u00f3n de las mol\u00e9culas esta presente en la soluci\u00f3n de estos problemas, como es la mec\u00e1nica cu\u00e1ntica, la f\u00edsica at\u00f3mica y molecular, conocimiento computacional, herramientas que se necesita para entender el mundo biol\u00f3gico y qu\u00edmico, donde se formar\u00e1n alumnos en las nuevas \u00e1reas del futuro como son la F\u00edsica Biol\u00f3gica, la f\u00edsico <\/span><span style=\"color: #000000\">qu\u00edmica, f\u00edsico m\u00e9dico, f\u00edsico cl\u00ednico, biofot\u00f3nica, biof\u00edsica estad\u00edstica y todas la aplicaciones a la ingenier\u00eda.<\/span><br \/>\n<span style=\"color: #000000\">Otra de las investigaciones que hacemos en el laboratorio de f\u00edsica m\u00e9dica, es <\/span><span style=\"color: #000000\">simulaci\u00f3n computacional de mol\u00e9culas y macromol\u00e9culas, es conocimiento de software paquetes estad\u00edsticos computacionales, nuevamente el conocimiento que se debe tener es la f\u00edsica aplicada a todos los fen\u00f3menos qu\u00edmicos y biol\u00f3gicos.<\/span><\/p>\n<p><span style=\"color: #000000\">El grupo de F\u00edsica Aplicada a la Medicina y Biolog\u00eda desarrolla proyectos en el \u00e1rea de biof\u00edsica y f\u00edsica de radiaciones ionizantes.<\/span><br \/>\n<span style=\"color: #000000\"><strong>F\u00edsica de radiaciones:<\/strong><\/span><br \/>\n<span style=\"color: #000000\">\uf076 Radiodiagn\u00f3stico<\/span><br \/>\n<span style=\"color: #000000\">\uf076 Protecci\u00f3n radiol\u00f3gica<\/span><br \/>\n<span style=\"color: #000000\">\uf076 Radioterapia<\/span><br \/>\n<span style=\"color: #000000\">\uf076 Medicina nuclear<\/span><br \/>\n<span style=\"color: #000000\"><strong>Biof\u00edsica:<\/strong><\/span><br \/>\n<span style=\"color: #000000\">\uf076 Cristalograf\u00eda de prote\u00ednas<\/span><br \/>\n<span style=\"color: #000000\">\uf076 Caracterizaci\u00f3n de plantas<\/span><\/p>\n","protected":false},"excerpt":{"rendered":"<p>\u00bfQUE INVESTIGA? En este laboratorio, como su nombre lo indica refierese, a toda investigaci\u00f3n aplicada a la salud de ser humano, a su alimentaci\u00f3n al confort y estilo de vida de las personas. Cuando decimos a la salud, investigamos todo referente al tratamiento de patolog\u00edas o enfermedades como el c\u00e1ncer, donde se estudia toda la [&hellip;]<\/p>\n","protected":false},"author":3,"featured_media":0,"parent":0,"menu_order":0,"comment_status":"closed","ping_status":"closed","template":"","meta":{"_acf_changed":false,"footnotes":""},"class_list":["post-3915","page","type-page","status-publish","hentry"],"acf":[],"_links":{"self":[{"href":"https:\/\/fcnf.unsa.edu.pe\/fisica\/wp-json\/wp\/v2\/pages\/3915","targetHints":{"allow":["GET"]}}],"collection":[{"href":"https:\/\/fcnf.unsa.edu.pe\/fisica\/wp-json\/wp\/v2\/pages"}],"about":[{"href":"https:\/\/fcnf.unsa.edu.pe\/fisica\/wp-json\/wp\/v2\/types\/page"}],"author":[{"embeddable":true,"href":"https:\/\/fcnf.unsa.edu.pe\/fisica\/wp-json\/wp\/v2\/users\/3"}],"replies":[{"embeddable":true,"href":"https:\/\/fcnf.unsa.edu.pe\/fisica\/wp-json\/wp\/v2\/comments?post=3915"}],"version-history":[{"count":7,"href":"https:\/\/fcnf.unsa.edu.pe\/fisica\/wp-json\/wp\/v2\/pages\/3915\/revisions"}],"predecessor-version":[{"id":4012,"href":"https:\/\/fcnf.unsa.edu.pe\/fisica\/wp-json\/wp\/v2\/pages\/3915\/revisions\/4012"}],"wp:attachment":[{"href":"https:\/\/fcnf.unsa.edu.pe\/fisica\/wp-json\/wp\/v2\/media?parent=3915"}],"curies":[{"name":"wp","href":"https:\/\/api.w.org\/{rel}","templated":true}]}}