{"id":3860,"date":"2022-12-29T09:19:10","date_gmt":"2022-12-29T14:19:10","guid":{"rendered":"https:\/\/fcnf.unsa.edu.pe\/fisica\/?page_id=3860"},"modified":"2022-12-30T12:11:30","modified_gmt":"2022-12-30T17:11:30","slug":"certificados","status":"publish","type":"page","link":"https:\/\/fcnf.unsa.edu.pe\/fisica\/certificados\/","title":{"rendered":"Certificados"},"content":{"rendered":"<h3><span style=\"color: #000000\"><strong>Organizadores Externos<\/strong><\/span><\/h3>\n<ul>\n<li><a href=\"https:\/\/fcnf.unsa.edu.pe\/fisica\/wp-content\/uploads\/sites\/2\/2022\/12\/Jose-Carlos-Jimenez-Apaza_protected.pdf\"><span style=\"color: #0000ff\">Jos\u00e9 Carlos Jim\u00e9nez Apaza<\/span><\/a><\/li>\n<li><a href=\"https:\/\/fcnf.unsa.edu.pe\/fisica\/wp-content\/uploads\/sites\/2\/2022\/12\/Luis-Alex-Huahuachampi-Mamani_protected.pdf\"><span style=\"color: #0000ff\">Luis Alex Huahuachampi Mamani<\/span><\/a><\/li>\n<li><a href=\"https:\/\/fcnf.unsa.edu.pe\/fisica\/wp-content\/uploads\/sites\/2\/2022\/12\/Martin-Valentin-Banda-Huarca_protected.pdf\"><span style=\"color: #0000ff\">Mart\u00edn Valent\u00edn Banda Huarca<\/span><\/a><\/li>\n<li><a href=\"https:\/\/fcnf.unsa.edu.pe\/fisica\/wp-content\/uploads\/sites\/2\/2022\/12\/Wilfredo-Yupanqui-Carpio_protected.pdf\"><span style=\"color: #0000ff\">Wilfredo Yupanqui Carpio<\/span><\/a><\/li>\n<\/ul>\n<h3><span style=\"color: #000000\"><strong>Ponentes Conferencistas<\/strong><\/span><\/h3>\n<ul>\n<li><span style=\"color: #0000ff\"><a style=\"color: #0000ff\" href=\"https:\/\/fcnf.unsa.edu.pe\/fisica\/wp-content\/uploads\/sites\/2\/2022\/12\/Basilio-Xavier-Santiago_protected.pdf\">Basilio Xavier Santiago<\/a><\/span><\/li>\n<\/ul>\n<ul>\n<li><span style=\"color: #0000ff\"><a style=\"color: #0000ff\" href=\"https:\/\/fcnf.unsa.edu.pe\/fisica\/wp-content\/uploads\/sites\/2\/2022\/12\/Bertha-Maria-Cuadros-Melgar_protected.pdf\">Bertha Mar\u00eda Cuadros Melgar<\/a><\/span><\/li>\n<\/ul>\n<ul>\n<li><span style=\"color: #0000ff\"><a style=\"color: #0000ff\" href=\"https:\/\/fcnf.unsa.edu.pe\/fisica\/wp-content\/uploads\/sites\/2\/2022\/12\/Brian-John-Gutierrez-Vilca_protected.pdf\">Brian John Guti\u00e9rrez Vilca<\/a><\/span><\/li>\n<\/ul>\n<ul>\n<li><span style=\"color: #0000ff\"><a style=\"color: #0000ff\" href=\"https:\/\/fcnf.unsa.edu.pe\/fisica\/wp-content\/uploads\/sites\/2\/2022\/12\/Cesar-Oswaldo-Vasquez-Flores_protected.pdf\">C\u00e9sar Oswaldo V\u00e1squez Flores<\/a><\/span><\/li>\n<\/ul>\n<ul>\n<li><span style=\"color: #0000ff\"><a style=\"color: #0000ff\" href=\"https:\/\/fcnf.unsa.edu.pe\/fisica\/wp-content\/uploads\/sites\/2\/2022\/12\/Danny-Giancarlo-Apaza-Veliz_protected.pdf\">Danny Giancarlo Apaza V\u00e9liz<\/a><\/span><\/li>\n<\/ul>\n<ul>\n<li><span style=\"color: #0000ff\"><a style=\"color: #0000ff\" href=\"https:\/\/fcnf.unsa.edu.pe\/fisica\/wp-content\/uploads\/sites\/2\/2022\/12\/David-Saul-Quispe-Calloapaza_protected.pdf\">David Sa\u00fal Quispe Calloapaza<\/a><\/span><\/li>\n<\/ul>\n<ul>\n<li><span style=\"color: #0000ff\"><a style=\"color: #0000ff\" href=\"https:\/\/fcnf.unsa.edu.pe\/fisica\/wp-content\/uploads\/sites\/2\/2022\/12\/Edgar-Condori-Pozo_protected.pdf\">Edgar Condori Pozo<\/a><\/span><\/li>\n<\/ul>\n<ul>\n<li><span style=\"color: #0000ff\"><a style=\"color: #0000ff\" href=\"https:\/\/fcnf.unsa.edu.pe\/fisica\/wp-content\/uploads\/sites\/2\/2022\/12\/Edhin-Mamani-Castillo_protected.pdf\">Edhin Mamani Castillo<\/a><\/span><\/li>\n<\/ul>\n<ul>\n<li><span style=\"color: #0000ff\"><a style=\"color: #0000ff\" href=\"https:\/\/fcnf.unsa.edu.pe\/fisica\/wp-content\/uploads\/sites\/2\/2022\/12\/Fabricio-Sergio-Zevallos-Rodriguez_protected.pdf\">Fabricio Sergio Zevallos Rodr\u00edguez<\/a><\/span><\/li>\n<\/ul>\n<ul>\n<li><span style=\"color: #0000ff\"><a style=\"color: #0000ff\" href=\"https:\/\/fcnf.unsa.edu.pe\/fisica\/wp-content\/uploads\/sites\/2\/2022\/12\/Hector-Bryan-Apaza-Ortiz_protected.pdf\">H\u00e9ctor Bryan Apaza Ortiz<\/a><\/span><\/li>\n<\/ul>\n<ul>\n<li><span style=\"color: #0000ff\"><a style=\"color: #0000ff\" href=\"https:\/\/fcnf.unsa.edu.pe\/fisica\/wp-content\/uploads\/sites\/2\/2022\/12\/Javier-Fernando-Rios-Orihuela_protected.pdf\">Javier Fernando R\u00edos Orihuela<\/a><\/span><\/li>\n<\/ul>\n<ul>\n<li><span style=\"color: #0000ff\"><a style=\"color: #0000ff\" href=\"https:\/\/fcnf.unsa.edu.pe\/fisica\/wp-content\/uploads\/sites\/2\/2022\/12\/Jose-Carlos-Jimenez-Apaza_protected-1.pdf\">Jos\u00e9 Carlos Jim\u00e9nez Apaza<\/a><\/span><\/li>\n<\/ul>\n<ul>\n<li><span style=\"color: #0000ff\"><a style=\"color: #0000ff\" href=\"https:\/\/fcnf.unsa.edu.pe\/fisica\/wp-content\/uploads\/sites\/2\/2022\/12\/Joseff-Renato-Mejia-Bernal_protected.pdf\">Joseff Renato Mej\u00eda Bernal<\/a><\/span><\/li>\n<\/ul>\n<ul>\n<li><span style=\"color: #0000ff\"><a style=\"color: #0000ff\" href=\"https:\/\/fcnf.unsa.edu.pe\/fisica\/wp-content\/uploads\/sites\/2\/2022\/12\/Juan-Carlos-Sumire-Esquia_protected.pdf\">Juan Carlos Sumire Esqu\u00eda<\/a><\/span><\/li>\n<\/ul>\n<ul>\n<li><span style=\"color: #0000ff\"><a style=\"color: #0000ff\" href=\"https:\/\/fcnf.unsa.edu.pe\/fisica\/wp-content\/uploads\/sites\/2\/2022\/12\/Juan-Zarate-Pretel_protected.pdf\">Juan Z\u00e1rate Pretel<\/a><\/span><\/li>\n<\/ul>\n<ul>\n<li><span style=\"color: #0000ff\"><a style=\"color: #0000ff\" href=\"https:\/\/fcnf.unsa.edu.pe\/fisica\/wp-content\/uploads\/sites\/2\/2022\/12\/Karen-Gonzales-Flores_protected.pdf\">Karen Gonzales Flores<\/a><\/span><\/li>\n<\/ul>\n<ul>\n<li><span style=\"color: #0000ff\"><a style=\"color: #0000ff\" href=\"https:\/\/fcnf.unsa.edu.pe\/fisica\/wp-content\/uploads\/sites\/2\/2022\/12\/Kermin-Arnol-Lopez-Trujillo_protected.pdf\">Kermin Arnol L\u00f3pez Trujillo<\/a><\/span><\/li>\n<\/ul>\n<ul>\n<li><span style=\"color: #0000ff\"><a style=\"color: #0000ff\" href=\"https:\/\/fcnf.unsa.edu.pe\/fisica\/wp-content\/uploads\/sites\/2\/2022\/12\/Kevin-Alexander-Rodriguez-Rivera_protected.pdf\">Kevin Alexander Rodr\u00edguez Rivera<\/a><\/span><\/li>\n<\/ul>\n<ul>\n<li><span style=\"color: #0000ff\"><a style=\"color: #0000ff\" href=\"https:\/\/fcnf.unsa.edu.pe\/fisica\/wp-content\/uploads\/sites\/2\/2022\/12\/Luis-Alex-Huahuachampi-Mamani_protected-1.pdf\">Luis Alex Huahuachampi Mamani<\/a><\/span><\/li>\n<\/ul>\n<ul>\n<li><span style=\"color: #0000ff\"><a style=\"color: #0000ff\" href=\"https:\/\/fcnf.unsa.edu.pe\/fisica\/wp-content\/uploads\/sites\/2\/2022\/12\/Marco-Antonio-Reyes-Santos_protected.pdf\">Marco Antonio Reyes Santos<\/a><\/span><\/li>\n<\/ul>\n<ul>\n<li><span style=\"color: #0000ff\"><a style=\"color: #0000ff\" href=\"https:\/\/fcnf.unsa.edu.pe\/fisica\/wp-content\/uploads\/sites\/2\/2022\/12\/Nairy-Aleximar-Villarreal_protected.pdf\">Nairy Aleximar Villarreal<\/a><\/span><\/li>\n<\/ul>\n<ul>\n<li><span style=\"color: #0000ff\"><a style=\"color: #0000ff\" href=\"https:\/\/fcnf.unsa.edu.pe\/fisica\/wp-content\/uploads\/sites\/2\/2022\/12\/Nancy-Antonieta-Ito-Apaza_protected.pdf\">Nancy Antonieta Ito Apaza<\/a><\/span><\/li>\n<\/ul>\n<ul>\n<li><span style=\"color: #0000ff\"><a style=\"color: #0000ff\" href=\"https:\/\/fcnf.unsa.edu.pe\/fisica\/wp-content\/uploads\/sites\/2\/2022\/12\/Octavio-Obregon-Diaz_protected.pdf\">Octavio Obreg\u00f3n D\u00edaz<\/a><\/span><\/li>\n<\/ul>\n<ul>\n<li><span style=\"color: #0000ff\"><a style=\"color: #0000ff\" href=\"https:\/\/fcnf.unsa.edu.pe\/fisica\/wp-content\/uploads\/sites\/2\/2022\/12\/Pablo-Cesar-Serrano-Arambulo_protected.pdf\">Pablo C\u00e9sar Serrano Ar\u00e1mbulo<\/a><\/span><\/li>\n<\/ul>\n<ul>\n<li><span style=\"color: #0000ff\"><a style=\"color: #0000ff\" href=\"https:\/\/fcnf.unsa.edu.pe\/fisica\/wp-content\/uploads\/sites\/2\/2022\/12\/Raul-Arotaipe-Ala_protected.pdf\">Ra\u00fal Arotaipe Ala<\/a><\/span><\/li>\n<\/ul>\n<ul>\n<li><span style=\"color: #0000ff\"><a style=\"color: #0000ff\" href=\"https:\/\/fcnf.unsa.edu.pe\/fisica\/wp-content\/uploads\/sites\/2\/2022\/12\/Sonia-Diana-Quispe-Mamani_protected.pdf\">Sonia Diana Quispe Mamani<\/a><\/span><\/li>\n<\/ul>\n<ul>\n<li><span style=\"color: #0000ff\"><a style=\"color: #0000ff\" href=\"https:\/\/fcnf.unsa.edu.pe\/fisica\/wp-content\/uploads\/sites\/2\/2022\/12\/Wilfredo-Yupanqui-Carpio_protected-1.pdf\">Wilfredo Yupanqui Carpio<\/a><\/span><\/li>\n<\/ul>\n<ul>\n<li><span style=\"color: #0000ff\"><a style=\"color: #0000ff\" href=\"https:\/\/fcnf.unsa.edu.pe\/fisica\/wp-content\/uploads\/sites\/2\/2022\/12\/Yemby-Yahaida-Huamani-Tapia_protected.pdf\">Yemby Yahaida Huaman\u00ed Tapia<\/a><\/span><\/li>\n<\/ul>\n<h3><strong><span style=\"color: #000000\">Ponentes de Cursos<\/span><\/strong><\/h3>\n<ul>\n<li><span style=\"color: #0000ff\"><a style=\"color: #0000ff\" href=\"https:\/\/fcnf.unsa.edu.pe\/fisica\/wp-content\/uploads\/sites\/2\/2022\/12\/Elmer-Fidel-Luque-Canaza_protected.pdf\">Elmer Fidel Luque Canaza<\/a><\/span><\/li>\n<li><span style=\"color: #0000ff\"><a style=\"color: #0000ff\" href=\"https:\/\/fcnf.unsa.edu.pe\/fisica\/wp-content\/uploads\/sites\/2\/2022\/12\/Martin-Valentin-Banda-Huarca_protected-1.pdf\">Mart\u00edn Valent\u00edn Banda Huarca<\/a><\/span><\/li>\n<li><span style=\"color: #0000ff\"><a style=\"color: #0000ff\" href=\"https:\/\/fcnf.unsa.edu.pe\/fisica\/wp-content\/uploads\/sites\/2\/2022\/12\/Rosa-Linda-Merma-Ccamaqque_protected.pdf\">Rosa Linda Merma Ccamaqque<\/a><\/span><\/li>\n<li><span style=\"color: #0000ff\"><a style=\"color: #0000ff\" href=\"https:\/\/fcnf.unsa.edu.pe\/fisica\/wp-content\/uploads\/sites\/2\/2022\/12\/Yemby-Yahaida-Huamani-Tapia_protected-1.pdf\">Yemby Yahaida Huaman\u00ed Tapia<\/a><\/span><\/li>\n<\/ul>\n","protected":false},"excerpt":{"rendered":"<p>Organizadores Externos Jos\u00e9 Carlos Jim\u00e9nez Apaza Luis Alex Huahuachampi Mamani Mart\u00edn Valent\u00edn Banda Huarca Wilfredo Yupanqui Carpio Ponentes Conferencistas Basilio Xavier Santiago Bertha Mar\u00eda Cuadros Melgar Brian John Guti\u00e9rrez Vilca C\u00e9sar Oswaldo V\u00e1squez Flores Danny Giancarlo Apaza V\u00e9liz David Sa\u00fal Quispe Calloapaza Edgar Condori Pozo Edhin Mamani Castillo Fabricio Sergio Zevallos Rodr\u00edguez H\u00e9ctor Bryan Apaza [&hellip;]<\/p>\n","protected":false},"author":3,"featured_media":0,"parent":0,"menu_order":0,"comment_status":"closed","ping_status":"closed","template":"","meta":{"_acf_changed":false,"footnotes":""},"class_list":["post-3860","page","type-page","status-publish","hentry"],"acf":[],"_links":{"self":[{"href":"https:\/\/fcnf.unsa.edu.pe\/fisica\/wp-json\/wp\/v2\/pages\/3860","targetHints":{"allow":["GET"]}}],"collection":[{"href":"https:\/\/fcnf.unsa.edu.pe\/fisica\/wp-json\/wp\/v2\/pages"}],"about":[{"href":"https:\/\/fcnf.unsa.edu.pe\/fisica\/wp-json\/wp\/v2\/types\/page"}],"author":[{"embeddable":true,"href":"https:\/\/fcnf.unsa.edu.pe\/fisica\/wp-json\/wp\/v2\/users\/3"}],"replies":[{"embeddable":true,"href":"https:\/\/fcnf.unsa.edu.pe\/fisica\/wp-json\/wp\/v2\/comments?post=3860"}],"version-history":[{"count":10,"href":"https:\/\/fcnf.unsa.edu.pe\/fisica\/wp-json\/wp\/v2\/pages\/3860\/revisions"}],"predecessor-version":[{"id":3865,"href":"https:\/\/fcnf.unsa.edu.pe\/fisica\/wp-json\/wp\/v2\/pages\/3860\/revisions\/3865"}],"wp:attachment":[{"href":"https:\/\/fcnf.unsa.edu.pe\/fisica\/wp-json\/wp\/v2\/media?parent=3860"}],"curies":[{"name":"wp","href":"https:\/\/api.w.org\/{rel}","templated":true}]}}