{"id":3513,"date":"2022-10-11T11:47:23","date_gmt":"2022-10-11T16:47:23","guid":{"rendered":"https:\/\/fcnf.unsa.edu.pe\/fisica\/?page_id=3513"},"modified":"2022-12-29T09:20:29","modified_gmt":"2022-12-29T14:20:29","slug":"encuentro-de-gresados-2022","status":"publish","type":"page","link":"https:\/\/fcnf.unsa.edu.pe\/fisica\/encuentro-de-gresados-2022\/","title":{"rendered":"ENCUENTRO DE EGRESADOS 2022"},"content":{"rendered":"<p><a href=\"https:\/\/fcnf.unsa.edu.pe\/fisica\/inicio\/\" rel=\"noopener\"><img loading=\"lazy\" decoding=\"async\" class=\"alignnone wp-image-3545\" src=\"https:\/\/fcnf.unsa.edu.pe\/fisica\/wp-content\/uploads\/sites\/2\/2022\/10\/BTT1-1.jpg\" alt=\"\" width=\"98\" height=\"32\" \/><\/a><a href=\"https:\/\/fcnf.unsa.edu.pe\/fisica\/programa-y-cronograma\/\" rel=\"noopener\"><img loading=\"lazy\" decoding=\"async\" class=\"alignnone wp-image-3546\" src=\"https:\/\/fcnf.unsa.edu.pe\/fisica\/wp-content\/uploads\/sites\/2\/2022\/10\/BTT2.jpg\" alt=\"\" width=\"104\" height=\"32\" \/><\/a><a href=\"https:\/\/fcnf.unsa.edu.pe\/fisica\/ponentes\/\" rel=\"noopener\"><img loading=\"lazy\" decoding=\"async\" class=\"alignnone wp-image-3547\" src=\"https:\/\/fcnf.unsa.edu.pe\/fisica\/wp-content\/uploads\/sites\/2\/2022\/10\/BTT3.jpg\" alt=\"\" width=\"102\" height=\"31\" \/><\/a><a href=\"https:\/\/docs.google.com\/forms\/d\/e\/1FAIpQLSchgWAqhqHtMziaRu-0YFcwYhWWZ5Xfia4IguEhroBX8mFWUQ\/viewform\" rel=\"noopener\"><img loading=\"lazy\" decoding=\"async\" class=\"alignnone wp-image-3548\" src=\"https:\/\/fcnf.unsa.edu.pe\/fisica\/wp-content\/uploads\/sites\/2\/2022\/10\/BTT4.jpg\" alt=\"\" width=\"108\" height=\"31\" \/><\/a><a href=\"https:\/\/fcnf.unsa.edu.pe\/fisica\/material\/\"><img loading=\"lazy\" decoding=\"async\" class=\"alignnone wp-image-3549\" src=\"https:\/\/fcnf.unsa.edu.pe\/fisica\/wp-content\/uploads\/sites\/2\/2022\/10\/BTT5.png\" alt=\"\" width=\"103\" height=\"33\" \/><\/a><\/p>\n<h3><a href=\"https:\/\/fcnf.unsa.edu.pe\/fisica\/certificados\/\"><span style=\"color: #0000ff\"><strong>IMPRIMIR CERTIFICADOS\u00a0<\/strong><\/span><\/a><\/h3>\n<p><a href=\"https:\/\/meet.google.com\/yrz-czjh-htq?pli=1\"><img loading=\"lazy\" decoding=\"async\" class=\"alignnone wp-image-3640 \" src=\"https:\/\/fcnf.unsa.edu.pe\/fisica\/wp-content\/uploads\/sites\/2\/2022\/11\/Banner-V3.png\" alt=\"\" width=\"896\" height=\"1267\" srcset=\"https:\/\/fcnf.unsa.edu.pe\/fisica\/wp-content\/uploads\/sites\/2\/2022\/11\/Banner-V3.png 1052w, https:\/\/fcnf.unsa.edu.pe\/fisica\/wp-content\/uploads\/sites\/2\/2022\/11\/Banner-V3-768x1086.png 768w\" sizes=\"auto, (max-width: 896px) 100vw, 896px\" \/><\/a><\/p>\n<p><span style=\"color: #000000\">El s\u00e9ptimo encuentro de egresados de la Escuela Profesional de F\u00edsica est\u00e1 dirigido a los estudiantes de pre-grado y post-grado y a los docentes de Departamento Acad\u00e9mico de F\u00edsica (DAF) y Escuela Profesional de F\u00edsica (EPF) y estudiantes de pregrado y posgrado de carreras de ingenier\u00eda, para los cuales es considerado como una actividad de capacitaci\u00f3n acad\u00e9mica.<\/span><\/p>\n","protected":false},"excerpt":{"rendered":"<p>IMPRIMIR CERTIFICADOS\u00a0 El s\u00e9ptimo encuentro de egresados de la Escuela Profesional de F\u00edsica est\u00e1 dirigido a los estudiantes de pre-grado y post-grado y a los docentes de Departamento Acad\u00e9mico de F\u00edsica (DAF) y Escuela Profesional de F\u00edsica (EPF) y estudiantes de pregrado y posgrado de carreras de ingenier\u00eda, para los cuales es considerado como una [&hellip;]<\/p>\n","protected":false},"author":3,"featured_media":3574,"parent":0,"menu_order":0,"comment_status":"closed","ping_status":"closed","template":"page-blanco.php","meta":{"_acf_changed":false,"footnotes":""},"class_list":["post-3513","page","type-page","status-publish","has-post-thumbnail","hentry"],"acf":[],"_links":{"self":[{"href":"https:\/\/fcnf.unsa.edu.pe\/fisica\/wp-json\/wp\/v2\/pages\/3513","targetHints":{"allow":["GET"]}}],"collection":[{"href":"https:\/\/fcnf.unsa.edu.pe\/fisica\/wp-json\/wp\/v2\/pages"}],"about":[{"href":"https:\/\/fcnf.unsa.edu.pe\/fisica\/wp-json\/wp\/v2\/types\/page"}],"author":[{"embeddable":true,"href":"https:\/\/fcnf.unsa.edu.pe\/fisica\/wp-json\/wp\/v2\/users\/3"}],"replies":[{"embeddable":true,"href":"https:\/\/fcnf.unsa.edu.pe\/fisica\/wp-json\/wp\/v2\/comments?post=3513"}],"version-history":[{"count":21,"href":"https:\/\/fcnf.unsa.edu.pe\/fisica\/wp-json\/wp\/v2\/pages\/3513\/revisions"}],"predecessor-version":[{"id":3862,"href":"https:\/\/fcnf.unsa.edu.pe\/fisica\/wp-json\/wp\/v2\/pages\/3513\/revisions\/3862"}],"wp:featuredmedia":[{"embeddable":true,"href":"https:\/\/fcnf.unsa.edu.pe\/fisica\/wp-json\/wp\/v2\/media\/3574"}],"wp:attachment":[{"href":"https:\/\/fcnf.unsa.edu.pe\/fisica\/wp-json\/wp\/v2\/media?parent=3513"}],"curies":[{"name":"wp","href":"https:\/\/api.w.org\/{rel}","templated":true}]}}