{"id":3364,"date":"2021-09-15T10:29:46","date_gmt":"2021-09-15T15:29:46","guid":{"rendered":"https:\/\/fcnf.unsa.edu.pe\/fisica\/?page_id=3364"},"modified":"2023-10-16T11:21:01","modified_gmt":"2023-10-16T16:21:01","slug":"lineas-de-investigacion","status":"publish","type":"page","link":"https:\/\/fcnf.unsa.edu.pe\/fisica\/lineas-de-investigacion\/","title":{"rendered":"L\u00edneas de investigaci\u00f3n"},"content":{"rendered":"<p><span style=\"color: #000000\"><strong>L\u00cdNEA DE INVESTIGACI\u00d3N APROBADA POR EL VICERRECTORADO DE INVESTIGACION UNSA<\/strong><\/span><br \/>\n<a href=\"https:\/\/fcnf.unsa.edu.pe\/fisica\/wp-content\/uploads\/sites\/2\/2023\/01\/RCU-N\u00b0-0246-2022.pdf\"><span style=\"color: #0000ff\"><strong>(RCU N\u00aa 246-2022)<\/strong><\/span><\/a><br \/>\n<span style=\"color: #003366\"><strong>1) L\u00ednea de investigaci\u00f3n 16: F\u00edsica de la Materia Condensada<\/strong><\/span><\/p>\n<table class=\"table table-striped\" style=\"height: 438px\" width=\"830\">\n<tbody>\n<tr>\n<td style=\"text-align: center\" width=\"37\"><strong>N\u00b0<\/strong><\/td>\n<td style=\"text-align: left\" width=\"284\"><strong>SUBLINEA DE INVESTIGACI\u00d3N<\/strong><\/td>\n<td style=\"text-align: left\" width=\"280\"><strong>LABORATORIO ASOCIADO A LA SUBLINEA DE INVESTIGACI\u00d3N<\/strong><\/td>\n<td style=\"text-align: left\" width=\"274\"><strong>INVESTIGADOR PRINCIPAL<\/strong><\/td>\n<\/tr>\n<tr>\n<td style=\"text-align: center\" width=\"37\">1<\/td>\n<td style=\"text-align: left\" width=\"284\">\u00a0Nuevos Materiales y Dataciones<\/td>\n<td style=\"text-align: left\" width=\"280\">\u00a0Laboratorio de Nuevos Materiales y Dataciones<\/td>\n<td width=\"274\">\u00a0<span style=\"color: #0000ff\"><a style=\"color: #0000ff\" href=\"https:\/\/ctivitae.concytec.gob.pe\/appDirectorioCTI\/VerDatosInvestigador.do?id_investigador=3450\">Dr. Jorge Sabino Ayala Arenas<\/a><\/span><\/td>\n<\/tr>\n<tr>\n<td style=\"text-align: center\" width=\"37\">2<\/td>\n<td width=\"284\">\u00a0F\u00edsica de los Materiales<\/td>\n<td style=\"text-align: left\" width=\"280\">\u00a0Laboratorio de Pel\u00edculas Delgadas\u00a0 y Nanomateriales<\/td>\n<td width=\"274\"><span style=\"color: #0000ff\">\u00a0<a style=\"color: #0000ff\" href=\"https:\/\/ctivitae.concytec.gob.pe\/appDirectorioCTI\/VerDatosInvestigador.do?id_investigador=15055\">Dr. David Gregorio Pacheco Salazar<\/a><\/span><\/td>\n<\/tr>\n<tr>\n<td style=\"text-align: center\" width=\"37\">3<\/td>\n<td width=\"284\">\u00a0F\u00edsica\u00a0 Aplicada a la Medicina y Biologia<\/td>\n<td style=\"text-align: left\" width=\"280\">\u00a0Laboratorio de F\u00edsica Medica de Simulacion.<\/p>\n<p>Laboratorio de F\u00edsica Medica Experimental.<\/td>\n<td width=\"274\">\u00a0<a href=\"https:\/\/ctivitae.concytec.gob.pe\/appDirectorioCTI\/VerDatosInvestigador.do?id_investigador=15486\"><span style=\"color: #0000ff\">Dr. Jos\u00e9 Luis Javier Vega Ram\u00edrez<\/span><\/a><\/td>\n<\/tr>\n<tr>\n<td style=\"text-align: center\" width=\"37\">4<\/td>\n<td width=\"284\">\u00a0Instrumentaci\u00f3n F\u00edsica<\/td>\n<td style=\"text-align: left\" width=\"280\">Laboratorio\u00a0Instrumentaci\u00f3n F\u00edsica<\/td>\n<td width=\"274\">\u00a0<span style=\"color: #0000ff\"><a style=\"color: #0000ff\" href=\"https:\/\/ctivitae.concytec.gob.pe\/appDirectorioCTI\/VerDatosInvestigador.do?id_investigador=39901\">Dr. Juan Ernesto Palo Tejada<\/a><\/span><\/td>\n<\/tr>\n<tr>\n<td style=\"text-align: center\" width=\"37\">5<\/td>\n<td width=\"284\">\u00a0F\u00edsica Te\u00f3rica<\/td>\n<td style=\"text-align: left\" width=\"280\">\u00a0F\u00edsica Te\u00f3rica Aplicada<\/td>\n<td width=\"274\">\u00a0<span style=\"color: #0000ff\"><a style=\"color: #0000ff\" href=\"https:\/\/ctivitae.concytec.gob.pe\/appDirectorioCTI\/VerDatosInvestigador.do?id_investigador=15348\">M. Sc. Rolando Mois\u00e9s Perca\u00a0 Gonzales<\/a><\/span><\/td>\n<\/tr>\n<tr>\n<td style=\"text-align: center\" width=\"37\">6<\/td>\n<td width=\"284\">\u00a0Fisica Computacional y Energ\u00eda Solar<\/td>\n<td style=\"text-align: left\" width=\"280\">\u00a0F\u00edsica Computacional y Energ\u00eda Solar<\/td>\n<td width=\"274\">\u00a0<span style=\"color: #0000ff\"><a style=\"color: #0000ff\" href=\"https:\/\/ctivitae.concytec.gob.pe\/appDirectorioCTI\/VerDatosInvestigador.do?id_investigador=12459\">M. Sc. Miguel \u00c1ngel Vizcardo Cornejo<\/a><\/span><\/td>\n<\/tr>\n<tr>\n<td style=\"text-align: center\" width=\"37\">7<\/td>\n<td width=\"284\">\u00a0Energ\u00edas Renovables y del Ambiente<\/td>\n<td style=\"text-align: left\" width=\"280\">\u00a0Energ\u00edas Renovables y del\u00a0 \u00a0 \u00a0 \u00a0 \u00a0 \u00a0 \u00a0 \u00a0Ambiente<\/td>\n<td width=\"274\">\u00a0<span style=\"color: #0000ff\"><a style=\"color: #0000ff\" href=\"https:\/\/ctivitae.concytec.gob.pe\/appDirectorioCTI\/VerDatosInvestigador.do?id_investigador=39648\">Lic. Luis Alberto Montoya Portugal<\/a><\/span><\/td>\n<\/tr>\n<tr>\n<td style=\"text-align: center\" width=\"37\">8<\/td>\n<td width=\"284\">\u00a0Did\u00e1ctica de la F\u00edsica Superior<\/td>\n<td style=\"text-align: left\" width=\"280\">\u00a0Did\u00e1ctica de la F\u00edsica Superior<\/td>\n<td width=\"274\"><span style=\"color: #0000ff\"><a style=\"color: #0000ff\" href=\"https:\/\/ctivitae.concytec.gob.pe\/appDirectorioCTI\/VerDatosInvestigador.do?id_investigador=103098\">\u00a0M. Sc. Mario Luis Pumacallahui Pineda<\/a><\/span><\/td>\n<\/tr>\n<\/tbody>\n<\/table>\n","protected":false},"excerpt":{"rendered":"<p>L\u00cdNEA DE INVESTIGACI\u00d3N APROBADA POR EL VICERRECTORADO DE INVESTIGACION UNSA (RCU N\u00aa 246-2022) 1) L\u00ednea de investigaci\u00f3n 16: F\u00edsica de la Materia Condensada N\u00b0 SUBLINEA DE INVESTIGACI\u00d3N LABORATORIO ASOCIADO A LA SUBLINEA DE INVESTIGACI\u00d3N INVESTIGADOR PRINCIPAL 1 \u00a0Nuevos Materiales y Dataciones \u00a0Laboratorio de Nuevos Materiales y Dataciones \u00a0Dr. Jorge Sabino Ayala Arenas 2 \u00a0F\u00edsica de [&hellip;]<\/p>\n","protected":false},"author":3,"featured_media":0,"parent":0,"menu_order":0,"comment_status":"closed","ping_status":"closed","template":"","meta":{"_acf_changed":false,"footnotes":""},"class_list":["post-3364","page","type-page","status-publish","hentry"],"acf":[],"_links":{"self":[{"href":"https:\/\/fcnf.unsa.edu.pe\/fisica\/wp-json\/wp\/v2\/pages\/3364","targetHints":{"allow":["GET"]}}],"collection":[{"href":"https:\/\/fcnf.unsa.edu.pe\/fisica\/wp-json\/wp\/v2\/pages"}],"about":[{"href":"https:\/\/fcnf.unsa.edu.pe\/fisica\/wp-json\/wp\/v2\/types\/page"}],"author":[{"embeddable":true,"href":"https:\/\/fcnf.unsa.edu.pe\/fisica\/wp-json\/wp\/v2\/users\/3"}],"replies":[{"embeddable":true,"href":"https:\/\/fcnf.unsa.edu.pe\/fisica\/wp-json\/wp\/v2\/comments?post=3364"}],"version-history":[{"count":21,"href":"https:\/\/fcnf.unsa.edu.pe\/fisica\/wp-json\/wp\/v2\/pages\/3364\/revisions"}],"predecessor-version":[{"id":5244,"href":"https:\/\/fcnf.unsa.edu.pe\/fisica\/wp-json\/wp\/v2\/pages\/3364\/revisions\/5244"}],"wp:attachment":[{"href":"https:\/\/fcnf.unsa.edu.pe\/fisica\/wp-json\/wp\/v2\/media?parent=3364"}],"curies":[{"name":"wp","href":"https:\/\/api.w.org\/{rel}","templated":true}]}}