{"id":3288,"date":"2021-08-27T10:11:07","date_gmt":"2021-08-27T15:11:07","guid":{"rendered":"https:\/\/fcnf.unsa.edu.pe\/fisica\/?page_id=3288"},"modified":"2021-09-24T12:21:29","modified_gmt":"2021-09-24T17:21:29","slug":"postulantes","status":"publish","type":"page","link":"https:\/\/fcnf.unsa.edu.pe\/fisica\/postulantes\/","title":{"rendered":"Postulantes"},"content":{"rendered":"<h4><strong>\u00bfPorqu\u00e9 estudiar F\u00edsica?<\/strong><\/h4>\n<ul>\n<li>Un f\u00edsico puede estudiar de manera cr\u00edtica las cuestiones de la naturaleza, hacer conclusiones l\u00f3gicas y enunciar soluciones matem\u00e1ticas y de c\u00f3mputo.<\/li>\n<\/ul>\n<h4><strong>Perfil del Postulante<\/strong><\/h4>\n<div>\n<ul>\n<li>Conocimientos b\u00e1sicos de matem\u00e1ticas, f\u00edsica y qu\u00edmica.<\/li>\n<li>Comprensi\u00f3n lectora.<\/li>\n<li>Comportamiento \u00e9tico moral.<\/li>\n<li>Capacidad de trabajar en equipo e interactuar con otras personas.<\/li>\n<li>Creativo y cr\u00edtico.<\/li>\n<\/ul>\n<p>Ejes Tem\u00e1ticos\u00a0 : <span style=\"color: #0000ff\"><a style=\"color: #0000ff\" href=\"https:\/\/fcnf.unsa.edu.pe\/fisica\/wp-content\/uploads\/sites\/2\/2021\/09\/temario2020.pdf\" target=\"_blank\" rel=\"noopener\">Ver Aqu\u00ed<\/a><\/span><\/p>\n<p>Cuadro de Vacantes\u00a0 : <span style=\"color: #0000ff\"><a style=\"color: #0000ff\" href=\"https:\/\/fcnf.unsa.edu.pe\/fisica\/wp-content\/uploads\/sites\/2\/2021\/09\/RCU-N\u00b0-0181-2021-actualizada-1-5.pdf\" target=\"_blank\" rel=\"noopener\">Ver Aqu\u00ed<\/a><\/span><\/p>\n<p>&nbsp;<\/p>\n<\/div>\n","protected":false},"excerpt":{"rendered":"<p>\u00bfPorqu\u00e9 estudiar F\u00edsica? Un f\u00edsico puede estudiar de manera cr\u00edtica las cuestiones de la naturaleza, hacer conclusiones l\u00f3gicas y enunciar soluciones matem\u00e1ticas y de c\u00f3mputo. Perfil del Postulante Conocimientos b\u00e1sicos de matem\u00e1ticas, f\u00edsica y qu\u00edmica. Comprensi\u00f3n lectora. Comportamiento \u00e9tico moral. Capacidad de trabajar en equipo e interactuar con otras personas. Creativo y cr\u00edtico. Ejes Tem\u00e1ticos\u00a0 [&hellip;]<\/p>\n","protected":false},"author":3,"featured_media":1844,"parent":0,"menu_order":0,"comment_status":"closed","ping_status":"closed","template":"","meta":{"_acf_changed":false,"footnotes":""},"class_list":["post-3288","page","type-page","status-publish","has-post-thumbnail","hentry"],"acf":[],"_links":{"self":[{"href":"https:\/\/fcnf.unsa.edu.pe\/fisica\/wp-json\/wp\/v2\/pages\/3288","targetHints":{"allow":["GET"]}}],"collection":[{"href":"https:\/\/fcnf.unsa.edu.pe\/fisica\/wp-json\/wp\/v2\/pages"}],"about":[{"href":"https:\/\/fcnf.unsa.edu.pe\/fisica\/wp-json\/wp\/v2\/types\/page"}],"author":[{"embeddable":true,"href":"https:\/\/fcnf.unsa.edu.pe\/fisica\/wp-json\/wp\/v2\/users\/3"}],"replies":[{"embeddable":true,"href":"https:\/\/fcnf.unsa.edu.pe\/fisica\/wp-json\/wp\/v2\/comments?post=3288"}],"version-history":[{"count":11,"href":"https:\/\/fcnf.unsa.edu.pe\/fisica\/wp-json\/wp\/v2\/pages\/3288\/revisions"}],"predecessor-version":[{"id":3412,"href":"https:\/\/fcnf.unsa.edu.pe\/fisica\/wp-json\/wp\/v2\/pages\/3288\/revisions\/3412"}],"wp:featuredmedia":[{"embeddable":true,"href":"https:\/\/fcnf.unsa.edu.pe\/fisica\/wp-json\/wp\/v2\/media\/1844"}],"wp:attachment":[{"href":"https:\/\/fcnf.unsa.edu.pe\/fisica\/wp-json\/wp\/v2\/media?parent=3288"}],"curies":[{"name":"wp","href":"https:\/\/api.w.org\/{rel}","templated":true}]}}