{"id":3100,"date":"2021-08-13T12:38:52","date_gmt":"2021-08-13T17:38:52","guid":{"rendered":"https:\/\/fcnf.unsa.edu.pe\/fisica\/?page_id=3100"},"modified":"2022-12-26T18:47:05","modified_gmt":"2022-12-26T23:47:05","slug":"equipos","status":"publish","type":"page","link":"https:\/\/fcnf.unsa.edu.pe\/fisica\/equipos\/","title":{"rendered":"Ubicaci\u00f3n"},"content":{"rendered":"<p><span style=\"color: #0000ff\"><strong>LABORATORIO DE PEL\u00cdCULAS DELGADAS Y NANOMATERIALES<\/strong><\/span><br \/>\n<strong><span style=\"color: #000000\">Hex\u00e1gonos de F\u00edsica, primer piso. Ambiente 13.1-102<\/span><\/strong><\/p>\n<p><span style=\"color: #0000ff\"><strong>LABORATORIO DEFABRICACI\u00d3N Y CARACTERIZACI\u00d3N DE MATERIALES NANOESTRUCTURADOS\u00a0 \u00a0<\/strong>\u00a0 \u00a0 \u00a0 \u00a0 \u00a0 \u00a0 \u00a0 \u00a0 \u00a0 \u00a0 \u00a0 \u00a0 \u00a0 \u00a0 \u00a0 \u00a0 \u00a0 \u00a0 \u00a0 \u00a0 \u00a0 \u00a0 \u00a0 \u00a0 \u00a0 \u00a0 \u00a0 \u00a0 \u00a0 \u00a0 \u00a0 \u00a0 \u00a0 \u00a0 <\/span><strong><span style=\"color: #000000\">Edificio de la Escuela Profesional de F\u00edsica, primer piso.<\/span><\/strong><br \/>\n<strong><span style=\"color: #000000\">Ambiente 32.2-101C<\/span><\/strong><\/p>\n<p>&nbsp;<\/p>\n","protected":false},"excerpt":{"rendered":"<p>LABORATORIO DE PEL\u00cdCULAS DELGADAS Y NANOMATERIALES Hex\u00e1gonos de F\u00edsica, primer piso. Ambiente 13.1-102 LABORATORIO DEFABRICACI\u00d3N Y CARACTERIZACI\u00d3N DE MATERIALES NANOESTRUCTURADOS\u00a0 \u00a0\u00a0 \u00a0 \u00a0 \u00a0 \u00a0 \u00a0 \u00a0 \u00a0 \u00a0 \u00a0 \u00a0 \u00a0 \u00a0 \u00a0 \u00a0 \u00a0 \u00a0 \u00a0 \u00a0 \u00a0 \u00a0 \u00a0 \u00a0 \u00a0 \u00a0 \u00a0 \u00a0 \u00a0 \u00a0 \u00a0 \u00a0 \u00a0 \u00a0 \u00a0 Edificio [&hellip;]<\/p>\n","protected":false},"author":3,"featured_media":0,"parent":0,"menu_order":0,"comment_status":"closed","ping_status":"closed","template":"","meta":{"_acf_changed":false,"footnotes":""},"class_list":["post-3100","page","type-page","status-publish","hentry"],"acf":[],"_links":{"self":[{"href":"https:\/\/fcnf.unsa.edu.pe\/fisica\/wp-json\/wp\/v2\/pages\/3100","targetHints":{"allow":["GET"]}}],"collection":[{"href":"https:\/\/fcnf.unsa.edu.pe\/fisica\/wp-json\/wp\/v2\/pages"}],"about":[{"href":"https:\/\/fcnf.unsa.edu.pe\/fisica\/wp-json\/wp\/v2\/types\/page"}],"author":[{"embeddable":true,"href":"https:\/\/fcnf.unsa.edu.pe\/fisica\/wp-json\/wp\/v2\/users\/3"}],"replies":[{"embeddable":true,"href":"https:\/\/fcnf.unsa.edu.pe\/fisica\/wp-json\/wp\/v2\/comments?post=3100"}],"version-history":[{"count":8,"href":"https:\/\/fcnf.unsa.edu.pe\/fisica\/wp-json\/wp\/v2\/pages\/3100\/revisions"}],"predecessor-version":[{"id":3769,"href":"https:\/\/fcnf.unsa.edu.pe\/fisica\/wp-json\/wp\/v2\/pages\/3100\/revisions\/3769"}],"wp:attachment":[{"href":"https:\/\/fcnf.unsa.edu.pe\/fisica\/wp-json\/wp\/v2\/media?parent=3100"}],"curies":[{"name":"wp","href":"https:\/\/api.w.org\/{rel}","templated":true}]}}