{"id":3080,"date":"2021-08-13T12:30:01","date_gmt":"2021-08-13T17:30:01","guid":{"rendered":"https:\/\/fcnf.unsa.edu.pe\/fisica\/?page_id=3080"},"modified":"2025-03-19T11:05:10","modified_gmt":"2025-03-19T16:05:10","slug":"proyectos-de-investigacion","status":"publish","type":"page","link":"https:\/\/fcnf.unsa.edu.pe\/fisica\/proyectos-de-investigacion\/","title":{"rendered":"Proyectos de Investigaci\u00f3n"},"content":{"rendered":"<h3><\/h3>\n<h3 style=\"text-align: center;\"><strong>PROYECTOS DE INVESTIGACI\u00d3N EN EJECUCI\u00d3N<\/strong><\/h3>\n<table class=\"table table-striped\">\n<tbody>\n<tr>\n<td width=\"566\"><strong>1.\u00a0\u00a0\u00a0 <\/strong><strong>S\u00edntesis de Nanopart\u00edculas de Sn<sub>x<\/sub>Cu<sub>1-x<\/sub>O<sub>y <\/sub>(de x=0 hasta 1, y=1 o 2) para Potencial Aplicaci\u00f3n Antibacterial y Como Sensor de Gas<\/strong><strong>.<\/strong> Contrato\u00a0\u00a0\u00a0\u00a0\u00a0\u00a0 IBA-IB-03-2021-UNSA. Financiamiento UNSA INVESTIGA. <strong>Investigador Principal<\/strong><strong>:<\/strong> Dr. David Gregorio Pacheco Salazar.<\/p>\n<p><a href=\"https:\/\/proyectos-vri.unsa.edu.pe\/proyectos%20investigacion\/91.103.221022\/7556\"><span style=\"color: #0000ff;\">https:\/\/proyectos<\/span><\/a><span style=\"color: #0000ff;\"><a style=\"color: #0000ff;\" href=\"https:\/\/proyectos-vri.unsa.edu.pe\/proyectos%20investigacion\/91.103.221022\/7556\">&#8211;<\/a><a style=\"color: #0000ff;\" href=\"https:\/\/proyectos-vri.unsa.edu.pe\/proyectos%20investigacion\/91.103.221022\/7556\">vri.unsa.edu.pe\/proyectos investigacion\/91.103.221022\/7556<\/a><\/span><\/td>\n<\/tr>\n<tr>\n<td width=\"566\"><strong>2.\u00a0\u00a0\u00a0 <\/strong><strong>Montaje de un Equipo de Hipertermia Magn\u00e9tica y S\u00edntesis de Nanopart\u00edculas Magn\u00e9ticas Para Potenciales Aplicaciones en el Tratamiento del C\u00e1ncer<\/strong><strong>.<\/strong> Contrato IBA- IB-70-2020-UNSA. Financiamiento UNSA INVESTIGA. <strong>Investigador Principal:<\/strong> Dr. Wilmer Alexe Sucasaire Mamani.<\/p>\n<p><span style=\"color: #0000ff;\"><a style=\"color: #0000ff;\" href=\"https:\/\/proyectos-vri.unsa.edu.pe\/proyectos-investigacion\/91.103.221022\/7089\">https:\/\/proyectos<\/a><a style=\"color: #0000ff;\" href=\"https:\/\/proyectos-vri.unsa.edu.pe\/proyectos-investigacion\/91.103.221022\/7089\">&#8211;<\/a><a style=\"color: #0000ff;\" href=\"https:\/\/proyectos-vri.unsa.edu.pe\/proyectos-investigacion\/91.103.221022\/7089\">vri.unsa.edu.pe\/proyectos<\/a><a style=\"color: #0000ff;\" href=\"https:\/\/proyectos-vri.unsa.edu.pe\/proyectos-investigacion\/91.103.221022\/7089\">&#8211;<\/a><a style=\"color: #0000ff;\" href=\"https:\/\/proyectos-vri.unsa.edu.pe\/proyectos-investigacion\/91.103.221022\/7089\">investigacion\/91.103.221022\/7089<\/a><\/span><\/td>\n<\/tr>\n<tr>\n<td width=\"566\"><strong>3.\u00a0\u00a0\u00a0 <\/strong><strong>Desarrollo de Procesos Para la Valorizaci\u00f3n de la Biomasa Residual de la Coronta de Ma\u00edz Mediante la Extracci\u00f3n de Biopol\u00edmeros y Compuestos Bioactivos Para la Producci\u00f3n de Empaques Inteligentes<\/strong><strong>. <\/strong><\/p>\n<p>Contrato PE-501077940-2022-PROCIENCIA. Entidad principal Universidad Nacional de San Agust\u00edn de Arequipa (UNSA). Financiamiento PROCIENCIA. <strong>Responsable T\u00e9cnico:<\/strong> Dra. Lizbet Le\u00f3n Felix.<\/td>\n<\/tr>\n<tr>\n<td width=\"566\"><strong>4.\u00a0\u00a0\u00a0 <\/strong><strong>S\u00edntesis y caracterizaci\u00f3n de pel\u00edculas delgadas de \u00f3xido de titanio y \u00f3xido de hafnium (Ti0<sub>2<\/sub>\/Hf0<sub>2<\/sub>) fabricadas por la t\u00e9cnica de pulverizaci\u00f3n cat\u00f3dica para su potencial aplicaci\u00f3n en la detecci\u00f3n y cuantificaci\u00f3n de gases de efecto invernadero emitidos por la industria en la regi\u00f3n de Arequipa.<\/strong> Contrato No PI-07-2024-UNSA. Financiamiento UNSA INVESTIGA. <strong>Investigador Principal:<\/strong> M. Sc.\u00a0 John Alexander Flores Tapia.<\/td>\n<\/tr>\n<tr>\n<td width=\"566\"><strong>5.\u00a0\u00a0\u00a0 <\/strong><strong>Potenciando la Ciencia Ambiental en Per\u00fa: Adquisici\u00f3n de un <\/strong><\/p>\n<p><strong>Espectr\u00f3metro de Masas Triple Cuadrupolo (MS\/MS) para Investigar la Din\u00e1mica de Contaminantes Org\u00e1nicos en el Agua de Riego y Cultivos de Exportaci\u00f3n<\/strong><strong>.<\/strong> Entidad principal: Universidad Nacional de Moquegua (UNAM). <strong>Coinvestigador UNSA<\/strong><strong>,<\/strong> Dr. David G. Pacheco Salazar. Contrato N\u00b0 PE501086021-2023-PROCIENCIA-BM. Financiamiento PROCIENCIA.<\/td>\n<\/tr>\n<tr>\n<td width=\"566\"><strong>6.\u00a0\u00a0\u00a0 <\/strong><strong>Ingenier\u00eda de estado cu\u00e1ntico en dispositivo tecnol\u00f3gico avanzado en forma capa delgada en una estaci\u00f3n de sonda criog\u00e9nica para la medida precisa no destructiva de sus propiedades de transporte el\u00e9ctrico y magn\u00e9tico<\/strong><strong>. Entidad principal: Universidad Nacional de Mayor de San Marcos (UNMSM<\/strong><strong>).<\/strong> <strong>Coinvestigador UNSA<\/strong>, Dr. David G. Pacheco Salazar.\u00a0 Contrato N\u00b0 PE501086117-2023-PROCIENCIA-BM. Financiamiento PROCIENCIA.<\/td>\n<\/tr>\n<tr>\n<td width=\"566\"><strong>7.\u00a0\u00a0\u00a0 <\/strong><strong>Alianzas Interinstitucionales para Programas de Doctorado<\/strong><strong>.<\/strong> Entidad principal: Universidad Nacional de Ingenier\u00eda (UNI). <strong>Coinvestigador UNSA,<\/strong> Dr. David G. Pacheco Salazar. Contrato N\u00b0 PE501084296-2023PROCIENCIA-BM. Financiamiento PROCIENCIA.<\/td>\n<\/tr>\n<tr>\n<td width=\"566\"><strong>8.\u00a0\u00a0\u00a0 <\/strong><strong>Metales de bater\u00eda en yacimientos peruanos: Fuentes, mecanismos geol\u00f3gicos de concentraci\u00f3n y expresi\u00f3n mineral\u00f3gica<\/strong><strong>\u201d.<\/strong> Entidad principal Pontificia Universidad Cat\u00f3lica del Per\u00fa (PUCP). <strong>Coinvestigador UNSA<\/strong>, Dr. David G. Pacheco Salazar. Contrato PE501087814-<strong>2024<\/strong>PROCIENCIA-DE.\u00a0 Financiamiento PROCIENCIA.<\/td>\n<\/tr>\n<\/tbody>\n<\/table>\n<h3><\/h3>\n<h3 style=\"text-align: center;\"><strong>PROYECTOS DE INVESTIGACI\u00d3N CONCLUIDOS<\/strong><\/h3>\n<table class=\"table table-striped\">\n<tbody>\n<tr>\n<td width=\"566\"><strong>1.\u00a0\u00a0\u00a0 <\/strong><strong>Implementaci\u00f3n del Laboratorio de Crecimiento de Pel\u00edculas Delgadas para la Fabricaci\u00f3n de bio-sensores de Gases<\/strong>. Contrato IBA-031-2016UNSA. Financiamiento UNSA INVESTIGA. <strong>Investigador Principal:<\/strong><\/p>\n<p>Dr. David Gregorio Pacheco Salazar. PROYECTO CONCLUIDO en 2020. <a href=\"http:\/\/proyectos-vri.unsa.edu.pe\/proyectos_vri\/index.php\/report\/index\/214\">\u00a0<\/a><\/p>\n<p><span style=\"color: #0000ff;\"><a style=\"color: #0000ff;\" href=\"http:\/\/proyectos-vri.unsa.edu.pe\/91.103.221022\/214\">http:\/\/proyectos<\/a><a style=\"color: #0000ff;\" href=\"http:\/\/proyectos-vri.unsa.edu.pe\/91.103.221022\/214\">&#8211;<\/a><a style=\"color: #0000ff;\" href=\"http:\/\/proyectos-vri.unsa.edu.pe\/91.103.221022\/214\">vri.unsa.edu.pe<\/a><a style=\"color: #0000ff;\" href=\"http:\/\/proyectos-vri.unsa.edu.pe\/91.103.221022\/214\">\/91.103.221022\/214<\/a><\/span><\/td>\n<\/tr>\n<tr>\n<td width=\"566\"><strong>2.\u00a0\u00a0\u00a0 <\/strong><strong>Manufactura Avanzada de Materiales Magn\u00e9ticos y no Magn\u00e9ticos Nanoestructurados para Aplicaciones en Salud y Contaminaci\u00f3n <\/strong><\/p>\n<p><strong>Ambiental<\/strong>. Contrato N\u00b0 07-2019-FONDECYT-BM-INC.INV. Financiamiento<\/p>\n<p>CONCYTEC FONDECYT BANCO MUNDIAL. <strong>Coordinador T\u00e9cnico:<\/strong><\/p>\n<p>Dr. David Gregorio Pacheco Salazar. PROYECTO CONCLUIDO en 2022.<\/p>\n<p><span style=\"color: #0000ff;\"><a style=\"color: #0000ff;\" href=\"http:\/\/proyectos-vri.unsa.edu.pe\/handle\/91.103.221022\/6144\">http:\/\/proyectos<\/a><a style=\"color: #0000ff;\" href=\"http:\/\/proyectos-vri.unsa.edu.pe\/handle\/91.103.221022\/6144\">&#8211;<\/a><a style=\"color: #0000ff;\" href=\"http:\/\/proyectos-vri.unsa.edu.pe\/handle\/91.103.221022\/6144\">vri.unsa.edu.pe\/handle\/91.103.221022\/6144<\/a><\/span><\/td>\n<\/tr>\n<tr>\n<td width=\"566\"><strong>3.\u00a0\u00a0\u00a0 <\/strong>\u00a0\u00a0 <strong>Primer Elips\u00f3metro Espectral de \u00c1ngulo Variable en el Per\u00fa Para la <\/strong><\/p>\n<p><strong>Caracterizaci\u00f3n de Materiales Multifuncionales<\/strong>. Contrato 001-2019FONDECYT\/BM. Financiamiento FONDECYT Banco Mundial. Asociados con la PUCP. <strong>Investigador Principal:<\/strong> Dr. Jorge Andr\u00e9s Guerra Torres, <strong>Coinvestigador UNSA:<\/strong> Dr. David Gregorio Pacheco Salazar. PROYECTO CONCLUIDO en 2022.<\/td>\n<\/tr>\n<tr>\n<td width=\"566\"><strong>4.\u00a0\u00a0\u00a0 <\/strong><strong>Simulaci\u00f3n Computacional y An\u00e1lisis Te\u00f3rico-Experimental de Sistemas Nanoestructurados de \u00d3xidos Met\u00e1licos Semiconductores Para Funcionalizar Sensores de Gas y Agentes Con Acci\u00f3n Bactericida<\/strong>. Contrato PE-501080388-2022-PROCIENCIA. Financiamiento PROCIENCIA. <strong>Responsable T\u00e9cnico:<\/strong> Dr. David Gregorio Pacheco Salazar. PROYECTO CONCLUIDO en 2023<a href=\"http:\/\/proyectos-vri.unsa.edu.pe\/proyectos_vri\/index.php\/report\/index\/214\">.<\/a> <a href=\"http:\/\/proyectos-vri.unsa.edu.pe\/proyectos_vri\/index.php\/report\/index\/214\">\u00a0<\/a><\/td>\n<\/tr>\n<tr>\n<td width=\"566\"><strong>5.\u00a0\u00a0\u00a0 <\/strong><strong>Optimizaci\u00f3n de Pel\u00edculas Delgadas Semiconductoras tipo-p de Sulfuro de Cobre Para Potencial Aplicaci\u00f3n en Celdas Solares Fotovoltaicas: Un Estudio Pionero en la Regi\u00f3n Arequipa<\/strong>. Contrato PE-501078343-2022PROCIENCIA. Financiamiento PROCIENCIA. <strong>Responsable T\u00e9cnico:<\/strong>\u00a0\u00a0\u00a0\u00a0\u00a0\u00a0\u00a0\u00a0 Dr. Julio Cesar Rivera Taco. CONCLUIDO en 2023.<\/td>\n<\/tr>\n<tr>\n<td width=\"566\"><strong>6.\u00a0\u00a0\u00a0 <\/strong>\u00a0\u00a0 <strong>Estudio Estructural, Morfol\u00f3gico y El\u00e9ctrico de Pel\u00edculas Delgadas de ITO, Cu<sub>2<\/sub>S y ZnO Para Potencial Fabricaci\u00f3n de Celdas Solares <\/strong><\/p>\n<p><strong>Fotovoltaicas.<\/strong> Contrato IBAIB-004-2018- UNSA. Financiamiento UNSA INVESTIGA. <strong>Investigador Principal:<\/strong> Dr. David Gregorio Pacheco Salazar. <a href=\"http:\/\/proyectos-vri.unsa.edu.pe\/proyectos_vri\/index.php\/report\/index\/4137\">\u00a0<\/a><\/p>\n<p>CONCLUIDO en 2024.<\/p>\n<p><span style=\"color: #0000ff;\"><a style=\"color: #0000ff;\" href=\"https:\/\/proyectos-vri.unsa.edu.pe\/proyectos-investigacion\/91.103.221022\/4137\">https:\/\/proyectos<\/a><a style=\"color: #0000ff;\" href=\"https:\/\/proyectos-vri.unsa.edu.pe\/proyectos-investigacion\/91.103.221022\/4137\">&#8211;<\/a><a style=\"color: #0000ff;\" href=\"https:\/\/proyectos-vri.unsa.edu.pe\/proyectos-investigacion\/91.103.221022\/4137\">vri.unsa.edu.pe\/proyectos<\/a><a style=\"color: #0000ff;\" href=\"https:\/\/proyectos-vri.unsa.edu.pe\/proyectos-investigacion\/91.103.221022\/4137\">investigacion\/91.103.221022\/4137<\/a><\/span><\/td>\n<\/tr>\n<tr>\n<td width=\"566\"><strong>7.\u00a0\u00a0\u00a0 <\/strong><strong>Ingenier\u00eda de Nanomateriales Multifuncionales Para Aplicaciones en Contactos El\u00e9ctricos Luminiscentes Transparentes, Celdas Solares y Sensores de Gases Org\u00e1nicos<\/strong>. Contrato 179-2020-FONDECYT. Financiamiento FONDECYT. Asociados con la PUCP. <strong>Investigador Principal: <\/strong>Dr. Jorge Andr\u00e9s Guerra Torres. <strong>Coinvestigador UNSA:<\/strong> Dr. David Gregorio Pacheco Salazar. \u00a0CONCLUIDO en 2024.<\/td>\n<\/tr>\n<\/tbody>\n<\/table>\n<p>&nbsp;<\/p>\n<p>&nbsp;<\/p>\n","protected":false},"excerpt":{"rendered":"<p>PROYECTOS DE INVESTIGACI\u00d3N EN EJECUCI\u00d3N 1.\u00a0\u00a0\u00a0 S\u00edntesis de Nanopart\u00edculas de SnxCu1-xOy (de x=0 hasta 1, y=1 o 2) para Potencial Aplicaci\u00f3n Antibacterial y Como Sensor de Gas. Contrato\u00a0\u00a0\u00a0\u00a0\u00a0\u00a0 IBA-IB-03-2021-UNSA. Financiamiento UNSA INVESTIGA. Investigador Principal: Dr. David Gregorio Pacheco Salazar. https:\/\/proyectos&#8211;vri.unsa.edu.pe\/proyectos investigacion\/91.103.221022\/7556 2.\u00a0\u00a0\u00a0 Montaje de un Equipo de Hipertermia Magn\u00e9tica y S\u00edntesis de Nanopart\u00edculas Magn\u00e9ticas Para [&hellip;]<\/p>\n","protected":false},"author":3,"featured_media":0,"parent":0,"menu_order":0,"comment_status":"closed","ping_status":"closed","template":"","meta":{"_acf_changed":false,"footnotes":""},"class_list":["post-3080","page","type-page","status-publish","hentry"],"acf":[],"_links":{"self":[{"href":"https:\/\/fcnf.unsa.edu.pe\/fisica\/wp-json\/wp\/v2\/pages\/3080","targetHints":{"allow":["GET"]}}],"collection":[{"href":"https:\/\/fcnf.unsa.edu.pe\/fisica\/wp-json\/wp\/v2\/pages"}],"about":[{"href":"https:\/\/fcnf.unsa.edu.pe\/fisica\/wp-json\/wp\/v2\/types\/page"}],"author":[{"embeddable":true,"href":"https:\/\/fcnf.unsa.edu.pe\/fisica\/wp-json\/wp\/v2\/users\/3"}],"replies":[{"embeddable":true,"href":"https:\/\/fcnf.unsa.edu.pe\/fisica\/wp-json\/wp\/v2\/comments?post=3080"}],"version-history":[{"count":37,"href":"https:\/\/fcnf.unsa.edu.pe\/fisica\/wp-json\/wp\/v2\/pages\/3080\/revisions"}],"predecessor-version":[{"id":5812,"href":"https:\/\/fcnf.unsa.edu.pe\/fisica\/wp-json\/wp\/v2\/pages\/3080\/revisions\/5812"}],"wp:attachment":[{"href":"https:\/\/fcnf.unsa.edu.pe\/fisica\/wp-json\/wp\/v2\/media?parent=3080"}],"curies":[{"name":"wp","href":"https:\/\/api.w.org\/{rel}","templated":true}]}}