{"id":1611,"date":"2018-07-10T12:53:58","date_gmt":"2018-07-10T17:53:58","guid":{"rendered":"https:\/\/fcnf.unsa.edu.pe\/fisica\/?page_id=1611"},"modified":"2018-08-02T11:01:39","modified_gmt":"2018-08-02T16:01:39","slug":"competencias-de-la-carrera","status":"publish","type":"page","link":"https:\/\/fcnf.unsa.edu.pe\/fisica\/competencias-de-la-carrera\/","title":{"rendered":"Competencias de la Carrera"},"content":{"rendered":"<h4><strong>Competencias generales<\/strong><\/h4>\n<ol type=\"a\">\n<li>Analiza los conceptos y principios de la F\u00edsica para describir y explicar el comportamiento de la materia y sus transformaciones con veracidad y rigor cient\u00edfica.<\/li>\n<li>Reconoce la importancia de la investigaci\u00f3n cient\u00edfica y el empleo de los m\u00e9todos cient\u00edficos para procesar la informaci\u00f3n procedente de fuentes diversas con responsabilidad y \u00e9tica.<\/li>\n<li>Resuelve problemas planteados por la comunidad cient\u00edfica o la sociedad en general, para mejorar las condiciones de vida con responsabilidad social.<\/li>\n<li>Analiza los fen\u00f3menos naturales relacionados con la f\u00edsica, tanto te\u00f3rica como experimental, para la construcci\u00f3n de modelos matem\u00e1ticos que permita emitir juicios que incluyan una reflexi\u00f3n sobre temas relevantes de la comunidad cient\u00edfica y social con veracidad y rigor cient\u00edfica y responsabilidad social.<\/li>\n<li>Participa en grupos interdisciplinarios de alto nivel, para la soluci\u00f3n de problemas cient\u00edficos o de la sociedad con \u00e9tica profesional.<\/li>\n<li>Contribuye con el desarrollo de la sociedad buscando la verdad y la justicia, practicando valores \u00e9ticos y morales.<\/li>\n<\/ol>\n<h4><strong>Competencias Transversales<\/strong><\/h4>\n<ol type=\"a\">\n<li>Utiliza las tecnolog\u00edas de la informaci\u00f3n y de la comunicaci\u00f3n (TICs), para aplicar a la F\u00edsica con actitud responsable.<\/li>\n<li>Desarrolla h\u00e1bitos de trabajo necesarios para el ejercicio de la profesi\u00f3n, con rigor cient\u00edfico, pensamiento cr\u00edtico y persistencia.<\/li>\n<\/ol>\n<h4><strong>\u00a0<\/strong><strong>Competencias espec\u00edficas y de especialidad<\/strong><\/h4>\n<ol type=\"a\">\n<li>Aplica m\u00e9todos anal\u00edticos y experimentales, para resolver problemas con modelos f\u00edsicos ya establecidos con veracidad y rigor cient\u00edfico.<\/li>\n<li>Construye equipos para verificar y cuantificar propiedades f\u00edsicas de la materia con rigor cient\u00edfico y \u00e9tica profesional.<\/li>\n<li>Analiza los elementos involucrados en fen\u00f3menos f\u00edsicos para realizar aproximaciones necesarias que permitan construir modelos f\u00edsicos con rigor cient\u00edfico y \u00e9tica profesional.<\/li>\n<li>Utiliza m\u00e9todos num\u00e9ricos para aproximarlos a fen\u00f3menos f\u00edsicos con rigor cient\u00edfico y \u00e9tica profesional.<\/li>\n<li>Aplica los conocimientos adquiridos en la ense\u00f1anza especializada a nivel intermedio, superior y tecnol\u00f3gica, aplicando las nuevas estrategias de ense\u00f1anza aprendizaje con responsabilidad social.<\/li>\n<li>Identifica la radiaci\u00f3n electromagn\u00e9tica para su aprovechamiento y prevenci\u00f3n con \u00e9tica y responsabilidad social.<\/li>\n<li>Desarrolla habilidad en el trabajo de laboratorio para realizar experimentos en forma independiente con rigor cient\u00edfico y responsabilidad social.<\/li>\n<li>Participa con asertividad en actividades laborales de car\u00e1cter multidisciplinario para resolver problemas de forma integral con \u00e9tica profesional y responsabilidad social.<\/li>\n<li>Transmite los conocimientos y experiencias en forma clara a la sociedad, tanto en eventos cient\u00edficos y actividades de proyecci\u00f3n y extensi\u00f3n social con \u00e9tica profesional y responsabilidad social.<\/li>\n<\/ol>\n","protected":false},"excerpt":{"rendered":"<p>Competencias generales Analiza los conceptos y principios de la F\u00edsica para describir y explicar el comportamiento de la materia y sus transformaciones con veracidad y rigor cient\u00edfica. Reconoce la importancia de la investigaci\u00f3n cient\u00edfica y el empleo de los m\u00e9todos cient\u00edficos para procesar la informaci\u00f3n procedente de fuentes diversas con responsabilidad y \u00e9tica. Resuelve problemas [&hellip;]<\/p>\n","protected":false},"author":1,"featured_media":0,"parent":0,"menu_order":0,"comment_status":"closed","ping_status":"closed","template":"","meta":{"_acf_changed":false,"footnotes":""},"class_list":["post-1611","page","type-page","status-publish","hentry"],"acf":[],"_links":{"self":[{"href":"https:\/\/fcnf.unsa.edu.pe\/fisica\/wp-json\/wp\/v2\/pages\/1611","targetHints":{"allow":["GET"]}}],"collection":[{"href":"https:\/\/fcnf.unsa.edu.pe\/fisica\/wp-json\/wp\/v2\/pages"}],"about":[{"href":"https:\/\/fcnf.unsa.edu.pe\/fisica\/wp-json\/wp\/v2\/types\/page"}],"author":[{"embeddable":true,"href":"https:\/\/fcnf.unsa.edu.pe\/fisica\/wp-json\/wp\/v2\/users\/1"}],"replies":[{"embeddable":true,"href":"https:\/\/fcnf.unsa.edu.pe\/fisica\/wp-json\/wp\/v2\/comments?post=1611"}],"version-history":[{"count":5,"href":"https:\/\/fcnf.unsa.edu.pe\/fisica\/wp-json\/wp\/v2\/pages\/1611\/revisions"}],"predecessor-version":[{"id":1639,"href":"https:\/\/fcnf.unsa.edu.pe\/fisica\/wp-json\/wp\/v2\/pages\/1611\/revisions\/1639"}],"wp:attachment":[{"href":"https:\/\/fcnf.unsa.edu.pe\/fisica\/wp-json\/wp\/v2\/media?parent=1611"}],"curies":[{"name":"wp","href":"https:\/\/api.w.org\/{rel}","templated":true}]}}