{"id":1089,"date":"2017-07-11T17:38:06","date_gmt":"2017-07-11T17:38:06","guid":{"rendered":"http:\/\/www2.unsa.edu.pe\/escuelas\/fisica\/?page_id=1089"},"modified":"2025-09-02T10:38:20","modified_gmt":"2025-09-02T15:38:20","slug":"personal-docente","status":"publish","type":"page","link":"https:\/\/fcnf.unsa.edu.pe\/fisica\/personal-docente\/","title":{"rendered":"Personal Docente"},"content":{"rendered":"<p>Personal Docente que presta servicios a la Escuela Profesional de F\u00edsica:<\/p>\n<p><strong>Periodo lectivo: 2025-B<\/strong><\/p>\n<table class=\"table table-striped\" width=\"605\">\n<tbody>\n<tr>\n<td width=\"38\"><\/td>\n<td width=\"246\"><strong>DOCENTE<\/strong><\/td>\n<td width=\"227\"><strong>ASIGNATURA<\/strong><\/td>\n<td width=\"94\"><strong>GRUPO<\/strong><\/td>\n<\/tr>\n<tr>\n<td style=\"text-align: center;\" width=\"38\">1<\/td>\n<td width=\"246\">SONIA ALINA DE LA TORRE PARI<\/td>\n<td width=\"227\">FISICA 1<\/td>\n<td width=\"94\">A<\/td>\n<\/tr>\n<tr>\n<td style=\"text-align: center;\" width=\"38\">2<\/td>\n<td width=\"246\">YURI JUAN BALCONA MAMANI<\/td>\n<td width=\"227\">MATEM\u00c1TICA BASICA<\/td>\n<td width=\"94\">A<\/td>\n<\/tr>\n<tr>\n<td style=\"text-align: center;\" width=\"38\">3<\/td>\n<td width=\"246\"><span style=\"color: #333399;\"><a style=\"color: #333399;\" href=\"https:\/\/dina.concytec.gob.pe\/appDirectorioCTI\/VerDatosInvestigador.do?id_investigador=73860\" target=\"_blank\" rel=\"noopener\">LUZ MARINA V\u00c1SQUEZ QUISPE<\/a><\/span><\/td>\n<td width=\"227\">MATEM\u00c1TICA BASICA<\/td>\n<td width=\"94\">A<\/td>\n<\/tr>\n<tr>\n<td style=\"text-align: center;\" width=\"38\">4<\/td>\n<td width=\"246\">ADELA LUISA CANO MAMANI<\/td>\n<td width=\"227\">MATEM\u00c1TICA 1<\/td>\n<td width=\"94\">A<\/td>\n<\/tr>\n<tr>\n<td style=\"text-align: center;\" width=\"38\">5<\/td>\n<td width=\"246\"><span style=\"color: #333399;\"><a style=\"color: #333399;\" href=\"https:\/\/dina.concytec.gob.pe\/appDirectorioCTI\/VerDatosInvestigador.do?id_investigador=24642\" target=\"_blank\" rel=\"noopener\">ROXANA FILOMENA TORRES GUILL\u00c9N<\/a><\/span><\/td>\n<td width=\"227\">F\u00cdSICA 2<\/td>\n<td width=\"94\">A<\/td>\n<\/tr>\n<tr>\n<td style=\"text-align: center;\" width=\"38\">6<\/td>\n<td width=\"246\">MIRIAM MARILIN MANRIQUE MEDINA<\/td>\n<td width=\"227\">F\u00cdSICA 2<\/td>\n<td width=\"94\">B<\/td>\n<\/tr>\n<tr>\n<td style=\"text-align: center;\" width=\"38\">7<\/td>\n<td width=\"246\"><span style=\"color: #333399;\"><a style=\"color: #333399;\" href=\"https:\/\/dina.concytec.gob.pe\/appDirectorioCTI\/VerDatosInvestigador.do?id_investigador=62192\" target=\"_blank\" rel=\"noopener\">ADRIANA EDITH LARREA VALDIVIA<\/a><\/span><\/td>\n<td width=\"227\">QUIMICA GENERAL<\/td>\n<td width=\"94\">A<\/td>\n<\/tr>\n<tr>\n<td style=\"text-align: center;\" width=\"38\">8<\/td>\n<td width=\"246\"><span style=\"color: #333399;\"><a style=\"color: #333399;\" href=\"https:\/\/dina.concytec.gob.pe\/appDirectorioCTI\/VerDatosInvestigador.do?id_investigador=26384\" target=\"_blank\" rel=\"noopener\">ROXANA JACINTA URDAY OCHARAN<\/a><\/span><\/td>\n<td width=\"227\">QUIMICA GENERAL<\/td>\n<td width=\"94\">A<\/td>\n<\/tr>\n<tr>\n<td style=\"text-align: center;\" width=\"38\">9<\/td>\n<td width=\"246\"><span style=\"color: #333399;\"><a style=\"color: #333399;\" href=\"https:\/\/dina.concytec.gob.pe\/appDirectorioCTI\/VerDatosInvestigador.do?id_investigador=26384\" target=\"_blank\" rel=\"noopener\">ROXANA JACINTA URDAY OCHARAN<\/a><\/span><\/td>\n<td width=\"227\">QUIMICA GENERAL<\/td>\n<td width=\"94\">B<\/td>\n<\/tr>\n<tr>\n<td style=\"text-align: center;\" width=\"38\">10<\/td>\n<td width=\"246\"><span style=\"color: #333399;\"><a style=\"color: #333399;\" href=\"https:\/\/dina.concytec.gob.pe\/appDirectorioCTI\/VerDatosInvestigador.do?id_investigador=14442\" target=\"_blank\" rel=\"noopener\">ROGER EDWAR MESTAS CHAVEZ<\/a><\/span><\/td>\n<td width=\"227\">ALGEBRA LINEAL APLICADA<\/td>\n<td width=\"94\">A<\/td>\n<\/tr>\n<tr>\n<td style=\"text-align: center;\" width=\"38\">11<\/td>\n<td width=\"246\">ADELA LUISA CANO MAMANI<\/td>\n<td width=\"227\">ALGEBRA LINEAL APLICADA<\/td>\n<td width=\"94\">B<\/td>\n<\/tr>\n<tr>\n<td style=\"text-align: center;\" width=\"38\">12<\/td>\n<td width=\"246\"><span style=\"color: #333399;\"><a style=\"color: #333399;\" href=\"https:\/\/dina.concytec.gob.pe\/appDirectorioCTI\/VerDatosInvestigador.do?id_investigador=17342\" target=\"_blank\" rel=\"noopener\">JUDITH HAYDE CRUZ TORRES<\/a><\/span><\/td>\n<td width=\"227\">MATEM\u00c1TICA 2<\/td>\n<td width=\"94\">A<\/td>\n<\/tr>\n<tr>\n<td style=\"text-align: center;\" width=\"38\">13<\/td>\n<td width=\"246\"><span style=\"color: #333399;\"><a style=\"color: #333399;\" href=\"https:\/\/dina.concytec.gob.pe\/appDirectorioCTI\/VerDatosInvestigador.do?id_investigador=65978\" target=\"_blank\" rel=\"noopener\">NADJA CATALINA OSORIO MENDOZA DE MONTEZA<\/a><\/span><\/td>\n<td width=\"227\">COMUNICACI\u00d3N INTEGRAL<\/td>\n<td width=\"94\">A<\/td>\n<\/tr>\n<tr>\n<td style=\"text-align: center;\" width=\"38\">14<\/td>\n<td width=\"246\"><span style=\"color: #333399;\"><a style=\"color: #333399;\" href=\"https:\/\/dina.concytec.gob.pe\/appDirectorioCTI\/VerDatosInvestigador.do?id_investigador=73846\" target=\"_blank\" rel=\"noopener\">MIRZA NELBA DEL CASTILLO SALAZAR<\/a><\/span><\/td>\n<td width=\"227\">REALIDAD NACIONAL<\/td>\n<td width=\"94\">A<\/td>\n<\/tr>\n<tr>\n<td style=\"text-align: center;\" width=\"38\">15<\/td>\n<td width=\"246\"><span style=\"color: #333399;\"><a style=\"color: #333399;\" href=\"https:\/\/dina.concytec.gob.pe\/appDirectorioCTI\/VerDatosInvestigador.do?id_investigador=50352\" target=\"_blank\" rel=\"noopener\">HILDA MARICELA QUISPE ABARCA<\/a><\/span><\/td>\n<td width=\"227\">F\u00cdSICA 4<\/td>\n<td width=\"94\">A<\/td>\n<\/tr>\n<tr>\n<td style=\"text-align: center;\" width=\"38\">16<\/td>\n<td width=\"246\"><span style=\"color: #333399;\"><a style=\"color: #333399;\" href=\"https:\/\/dina.concytec.gob.pe\/appDirectorioCTI\/VerDatosInvestigador.do?id_investigador=23837\" target=\"_blank\" rel=\"noopener\">WILSON RICARDO CABANA HANCCO<\/a><\/span><\/td>\n<td width=\"227\">F\u00cdSICA COMPUTACIONAL 1<\/td>\n<td width=\"94\">A<\/td>\n<\/tr>\n<tr>\n<td style=\"text-align: center;\" width=\"38\">17<\/td>\n<td width=\"246\"><span style=\"color: #333399;\"><a style=\"color: #333399;\" href=\"https:\/\/dina.concytec.gob.pe\/appDirectorioCTI\/VerDatosInvestigador.do?id_investigador=12459\" target=\"_blank\" rel=\"noopener\">MIGUEL ANGEL VIZCARDO CORNEJO<\/a><\/span><\/td>\n<td width=\"227\">F\u00cdSICA COMPUTACIONAL 1<\/td>\n<td width=\"94\">B<\/td>\n<\/tr>\n<tr>\n<td style=\"text-align: center;\" width=\"38\">18<\/td>\n<td width=\"246\"><span style=\"color: #333399;\"><a style=\"color: #333399;\" href=\"https:\/\/dina.concytec.gob.pe\/appDirectorioCTI\/VerDatosInvestigador.do?id_investigador=149040\" target=\"_blank\" rel=\"noopener\">LILIAM ELIZABETH CALCINA RONDAN<\/a><\/span><\/td>\n<td width=\"227\">ECOL\u00d3GIA Y CONSERVACI\u00d3N AMBIENTAL<\/td>\n<td width=\"94\">A<\/td>\n<\/tr>\n<tr>\n<td style=\"text-align: center;\" width=\"38\">19<\/td>\n<td width=\"246\"><span style=\"color: #333399;\"><a style=\"color: #333399;\" href=\"https:\/\/dina.concytec.gob.pe\/appDirectorioCTI\/VerDatosInvestigador.do?id_investigador=258\" target=\"_blank\" rel=\"noopener\">JESSICA MOSQUEIRA YAURI<\/a><\/span><\/td>\n<td width=\"227\">F\u00cdSICA EXPERIMENTAL 1<\/td>\n<td width=\"94\">A<\/td>\n<\/tr>\n<tr>\n<td style=\"text-align: center;\" width=\"38\">20<\/td>\n<td width=\"246\"><a href=\"https:\/\/dina.concytec.gob.pe\/appDirectorioCTI\/VerDatosInvestigador.do?id_investigador=258\" target=\"_blank\" rel=\"noopener\"><span style=\"color: #333399;\">JESSICA MOSQUEIRA YAURI<\/span><\/a><\/td>\n<td width=\"227\">F\u00cdSICA EXPERIMENTAL 1<\/td>\n<td width=\"94\">B<\/td>\n<\/tr>\n<tr>\n<td style=\"text-align: center;\" width=\"38\">21<\/td>\n<td width=\"246\"><span style=\"color: #333399;\"><a style=\"color: #333399;\" href=\"https:\/\/dina.concytec.gob.pe\/appDirectorioCTI\/VerDatosInvestigador.do?id_investigador=26332\" target=\"_blank\" rel=\"noopener\">HENRY SIXTO JAVIER CCALLATA<\/a><\/span><\/td>\n<td width=\"227\">F\u00cdSICA EXPERIMENTAL 1<\/td>\n<td width=\"94\">B<\/td>\n<\/tr>\n<tr>\n<td style=\"text-align: center;\" width=\"38\">22<\/td>\n<td width=\"246\"><span style=\"color: #333399;\"><a style=\"color: #333399;\" href=\"https:\/\/dina.concytec.gob.pe\/appDirectorioCTI\/VerDatosInvestigador.do?id_investigador=15348\" target=\"_blank\" rel=\"noopener\">ROLANDO MOISES PERCA GONZALES<\/a><\/span><\/td>\n<td width=\"227\">M\u00c9TODOS TEORICOS DE LA F\u00cdSICA<\/td>\n<td width=\"94\">A<\/td>\n<\/tr>\n<tr>\n<td style=\"text-align: center;\" width=\"38\">23<\/td>\n<td width=\"246\"><span style=\"color: #333399;\"><a style=\"color: #333399;\" href=\"https:\/\/dina.concytec.gob.pe\/appDirectorioCTI\/VerDatosInvestigador.do?id_investigador=12459\" target=\"_blank\" rel=\"noopener\">MIGUEL ANGEL VIZCARDO CORNEJO<\/a><\/span><\/td>\n<td width=\"227\">F\u00cdSICA COMPUTACIONAL 2 (E)<\/td>\n<td width=\"94\">A<\/td>\n<\/tr>\n<tr>\n<td style=\"text-align: center;\" width=\"38\">24<\/td>\n<td width=\"246\"><span style=\"color: #333399;\"><a style=\"color: #333399;\" href=\"https:\/\/dina.concytec.gob.pe\/appDirectorioCTI\/VerDatosInvestigador.do?id_investigador=23837\" target=\"_blank\" rel=\"noopener\">WILSON RICARDO CABANA HANCCO<\/a><\/span><\/td>\n<td width=\"227\">F\u00cdSICA COMPUTACIONAL 2 (E)<\/td>\n<td width=\"94\">A<\/td>\n<\/tr>\n<tr>\n<td style=\"text-align: center;\" width=\"38\">25<\/td>\n<td width=\"246\"><span style=\"color: #333399;\"><a style=\"color: #333399;\" href=\"https:\/\/dina.concytec.gob.pe\/appDirectorioCTI\/VerDatosInvestigador.do?id_investigador=41712\" target=\"_blank\" rel=\"noopener\">RA\u00daL ERNESTO LUQUE ALVAREZ<\/a><\/span><\/td>\n<td width=\"227\">F\u00cdSICA T\u00c9RMICA<\/td>\n<td width=\"94\">A<\/td>\n<\/tr>\n<tr>\n<td style=\"text-align: center;\" width=\"38\">26<\/td>\n<td width=\"246\"><span style=\"color: #333399;\"><a style=\"color: #333399;\" href=\"https:\/\/dina.concytec.gob.pe\/appDirectorioCTI\/VerDatosInvestigador.do?id_investigador=15348\" target=\"_blank\" rel=\"noopener\">ROLANDO MOISES PERCA GONZALES<\/a><\/span><\/td>\n<td width=\"227\">ELECTROMAGNETISMO 1<\/td>\n<td width=\"94\">A<\/td>\n<\/tr>\n<tr>\n<td style=\"text-align: center;\" width=\"38\">27<\/td>\n<td width=\"246\"><span style=\"color: #333399;\"><a style=\"color: #333399;\" href=\"https:\/\/ctivitae.concytec.gob.pe\/appDirectorioCTI\/VerDatosInvestigador.do?id_investigador=174445\" target=\"_blank\" rel=\"noopener\">ELMER FIDEL LUQUE CANAZA<\/a><\/span><\/td>\n<td width=\"227\">MECANICA CLASICA 2<\/td>\n<td width=\"94\">A<\/td>\n<\/tr>\n<tr>\n<td style=\"text-align: center;\" width=\"38\">28<\/td>\n<td width=\"246\">CARLA CATHERINE VIZCARRA HUAMAN<\/td>\n<td width=\"227\">INGLES 1<\/td>\n<td width=\"94\">A<\/td>\n<\/tr>\n<tr>\n<td style=\"text-align: center;\" width=\"38\">29<\/td>\n<td width=\"246\"><span style=\"color: #333399;\"><a style=\"color: #333399;\" href=\"https:\/\/dina.concytec.gob.pe\/appDirectorioCTI\/VerDatosInvestigador.do?id_investigador=39901\" target=\"_blank\" rel=\"noopener\">JUAN ERNESTO PALO TEJADA<\/a><\/span><\/td>\n<td width=\"227\">INSTRUMENTACI\u00d3N F\u00cdSICA 2\u00a0 (E)<\/td>\n<td width=\"94\">A<\/td>\n<\/tr>\n<tr>\n<td style=\"text-align: center;\" width=\"38\">30<\/td>\n<td width=\"246\"><a href=\"https:\/\/dina.concytec.gob.pe\/appDirectorioCTI\/VerDatosInvestigador.do?id_investigador=39901\" target=\"_blank\" rel=\"noopener\"><span style=\"color: #333399;\">JUAN ERNESTO PALO TEJADA<\/span><\/a><\/td>\n<td width=\"227\">INSTRUMENTACI\u00d3N F\u00cdSICA 2\u00a0 (E)<\/td>\n<td width=\"94\">B<\/td>\n<\/tr>\n<tr>\n<td style=\"text-align: center;\" width=\"38\">31<\/td>\n<td width=\"246\"><span style=\"color: #333399;\"><a style=\"color: #333399;\" href=\"https:\/\/ctivitae.concytec.gob.pe\/appDirectorioCTI\/VerDatosInvestigador.do?id_investigador=57483\" target=\"_blank\" rel=\"noopener\">ENRIQUETA VICTORIA CAMPOS FALCON<\/a><\/span><\/td>\n<td width=\"227\">INSTRUMENTACI\u00d3N F\u00cdSICA 2\u00a0 (E)<\/td>\n<td width=\"94\">B<\/td>\n<\/tr>\n<tr>\n<td style=\"text-align: center;\" width=\"38\">32<\/td>\n<td width=\"246\"><span style=\"color: #333399;\"><a style=\"color: #333399;\" href=\"https:\/\/dina.concytec.gob.pe\/appDirectorioCTI\/VerDatosInvestigador.do?id_investigador=103133\" target=\"_blank\" rel=\"noopener\">EDGAR LUIS PFUTURI HUISA<\/a><\/span><\/td>\n<td width=\"227\">MECANICA CUANTICA 2<\/td>\n<td width=\"94\">A<\/td>\n<\/tr>\n<tr>\n<td style=\"text-align: center;\" width=\"38\">33<\/td>\n<td width=\"246\"><a href=\"https:\/\/dina.concytec.gob.pe\/appDirectorioCTI\/VerDatosInvestigador.do?id_investigador=103133\" target=\"_blank\" rel=\"noopener\"><span style=\"color: #333399;\">EDGAR LUIS PFUTURI HUISA<\/span><\/a><\/td>\n<td width=\"227\">MECANICA ESTADISTICA<\/td>\n<td width=\"94\">A<\/td>\n<\/tr>\n<tr>\n<td style=\"text-align: center;\" width=\"38\">34<\/td>\n<td width=\"246\"><span style=\"color: #333399;\"><a style=\"color: #333399;\" href=\"https:\/\/ctivitae.concytec.gob.pe\/appDirectorioCTI\/VerDatosInvestigador.do?id_investigador=15486\" target=\"_blank\" rel=\"noopener\">JOS\u00c9 LUIS JAVIER VEGA RAMIREZ<\/a><\/span><\/td>\n<td width=\"227\">PROYECTO DE TESIS 1<\/td>\n<td width=\"94\">A<\/td>\n<\/tr>\n<tr>\n<td style=\"text-align: center;\" width=\"38\">35<\/td>\n<td width=\"246\"><span style=\"color: #333399;\"><a style=\"color: #333399;\" href=\"https:\/\/ctivitae.concytec.gob.pe\/appDirectorioCTI\/VerDatosInvestigador.do?id_investigador=39648\" target=\"_blank\" rel=\"noopener\">LUIS ALBERTO MONTOYA PORTUGAL<\/a><\/span><\/td>\n<td width=\"227\">PROYECTO DE TESIS 1<\/td>\n<td width=\"94\">A<\/td>\n<\/tr>\n<tr>\n<td style=\"text-align: center;\" width=\"38\">36<\/td>\n<td width=\"246\"><span style=\"color: #333399;\"><a style=\"color: #333399;\" href=\"https:\/\/dina.concytec.gob.pe\/appDirectorioCTI\/VerDatosInvestigador.do?id_investigador=39901\" target=\"_blank\" rel=\"noopener\">JUAN ERNESTO PALO TEJADA<\/a><\/span><\/td>\n<td width=\"227\">INTRODUCCI\u00d3N A LAS ENERGIAS RENOVABLES<\/td>\n<td width=\"94\">A<\/td>\n<\/tr>\n<tr>\n<td style=\"text-align: center;\" width=\"38\">37<\/td>\n<td width=\"246\"><span style=\"color: #333399;\"><a style=\"color: #333399;\" href=\"https:\/\/dina.concytec.gob.pe\/appDirectorioCTI\/VerDatosInvestigador.do?id_investigador=12306\" target=\"_blank\" rel=\"noopener\">LIZBET LE\u00d3N F\u00c9LIX<\/a><\/span><\/td>\n<td width=\"227\">CIENCIAS DE LOS MATERIALES (E)<\/td>\n<td width=\"94\">A<\/td>\n<\/tr>\n<tr>\n<td style=\"text-align: center;\" width=\"38\">38<\/td>\n<td width=\"246\"><span style=\"color: #333399;\"><a style=\"color: #333399;\" href=\"https:\/\/dina.concytec.gob.pe\/appDirectorioCTI\/VerDatosInvestigador.do?id_investigador=3450\" target=\"_blank\" rel=\"noopener\">JORGE SABINO AYALA ARENAS<\/a><\/span><\/td>\n<td width=\"227\">PROYECTO DE TESIS 3<\/td>\n<td width=\"94\">A<\/td>\n<\/tr>\n<tr>\n<td style=\"text-align: center;\" width=\"38\">39<\/td>\n<td width=\"246\"><a href=\"https:\/\/dina.concytec.gob.pe\/appDirectorioCTI\/VerDatosInvestigador.do?id_investigador=12459\" target=\"_blank\" rel=\"noopener\"><span style=\"color: #333399;\">MIGUEL ANGEL VIZCARDO CORNEJO<\/span><\/a><\/td>\n<td width=\"227\">PROYECTO DE TESIS 3<\/td>\n<td width=\"94\">A<\/td>\n<\/tr>\n<tr>\n<td style=\"text-align: center;\" width=\"38\">40<\/td>\n<td width=\"246\"><span style=\"color: #333399;\"><a style=\"color: #333399;\" href=\"https:\/\/ctivitae.concytec.gob.pe\/appDirectorioCTI\/VerDatosInvestigador.do?id_investigador=15055\" target=\"_blank\" rel=\"noopener\">DAVID GREGORIO PACHECO SALAZAR<\/a><\/span><\/td>\n<td width=\"227\">PROYECTO DE TESIS 3<\/td>\n<td width=\"94\">B<\/td>\n<\/tr>\n<\/tbody>\n<\/table>\n","protected":false},"excerpt":{"rendered":"<p>Personal Docente que presta servicios a la Escuela Profesional de F\u00edsica: Periodo lectivo: 2025-B DOCENTE ASIGNATURA GRUPO 1 SONIA ALINA DE LA TORRE PARI FISICA 1 A 2 YURI JUAN BALCONA MAMANI MATEM\u00c1TICA BASICA A 3 LUZ MARINA V\u00c1SQUEZ QUISPE MATEM\u00c1TICA BASICA A 4 ADELA LUISA CANO MAMANI MATEM\u00c1TICA 1 A 5 ROXANA FILOMENA TORRES [&hellip;]<\/p>\n","protected":false},"author":1,"featured_media":4122,"parent":0,"menu_order":0,"comment_status":"closed","ping_status":"closed","template":"","meta":{"_acf_changed":false,"footnotes":""},"class_list":["post-1089","page","type-page","status-publish","has-post-thumbnail","hentry"],"acf":[],"_links":{"self":[{"href":"https:\/\/fcnf.unsa.edu.pe\/fisica\/wp-json\/wp\/v2\/pages\/1089","targetHints":{"allow":["GET"]}}],"collection":[{"href":"https:\/\/fcnf.unsa.edu.pe\/fisica\/wp-json\/wp\/v2\/pages"}],"about":[{"href":"https:\/\/fcnf.unsa.edu.pe\/fisica\/wp-json\/wp\/v2\/types\/page"}],"author":[{"embeddable":true,"href":"https:\/\/fcnf.unsa.edu.pe\/fisica\/wp-json\/wp\/v2\/users\/1"}],"replies":[{"embeddable":true,"href":"https:\/\/fcnf.unsa.edu.pe\/fisica\/wp-json\/wp\/v2\/comments?post=1089"}],"version-history":[{"count":77,"href":"https:\/\/fcnf.unsa.edu.pe\/fisica\/wp-json\/wp\/v2\/pages\/1089\/revisions"}],"predecessor-version":[{"id":5869,"href":"https:\/\/fcnf.unsa.edu.pe\/fisica\/wp-json\/wp\/v2\/pages\/1089\/revisions\/5869"}],"wp:featuredmedia":[{"embeddable":true,"href":"https:\/\/fcnf.unsa.edu.pe\/fisica\/wp-json\/wp\/v2\/media\/4122"}],"wp:attachment":[{"href":"https:\/\/fcnf.unsa.edu.pe\/fisica\/wp-json\/wp\/v2\/media?parent=1089"}],"curies":[{"name":"wp","href":"https:\/\/api.w.org\/{rel}","templated":true}]}}